{"id":104,"date":"2015-03-31T19:50:42","date_gmt":"2015-03-31T19:50:42","guid":{"rendered":"https:\/\/sauces.digisap.com\/?page_id=17"},"modified":"2024-02-27T01:33:28","modified_gmt":"2024-02-27T01:33:28","slug":"como-podemos-trabajar-juntos","status":"publish","type":"page","link":"https:\/\/nicolasmanotas.com\/?page_id=104","title":{"rendered":"\u00bfC\u00f3mo podemos trabajar Juntos?"},"content":{"rendered":"\t\t<div data-elementor-type=\"wp-page\" data-elementor-id=\"104\" class=\"elementor elementor-104\">\n\t\t\t\t\t\t\t\t\t<section class=\"elementor-section elementor-top-section elementor-element elementor-element-6f8b1a22 elementor-section-boxed elementor-section-height-default elementor-section-height-default\" data-id=\"6f8b1a22\" data-element_type=\"section\">\n\t\t\t\t\t\t<div class=\"elementor-container elementor-column-gap-default\">\n\t\t\t\t\t<div class=\"elementor-column elementor-col-100 elementor-top-column elementor-element elementor-element-12b3c164\" data-id=\"12b3c164\" data-element_type=\"column\">\n\t\t\t<div class=\"elementor-widget-wrap elementor-element-populated\">\n\t\t\t\t\t\t\t\t<div class=\"elementor-element elementor-element-63cd49da elementor-widget elementor-widget-text-editor\" data-id=\"63cd49da\" data-element_type=\"widget\" data-widget_type=\"text-editor.default\">\n\t\t\t\t<div class=\"elementor-widget-container\">\n\t\t\t<style>\/*! elementor - v3.11.0 - 13-02-2023 *\/\n.elementor-widget-text-editor.elementor-drop-cap-view-stacked .elementor-drop-cap{background-color:#818a91;color:#fff}.elementor-widget-text-editor.elementor-drop-cap-view-framed .elementor-drop-cap{color:#818a91;border:3px solid;background-color:transparent}.elementor-widget-text-editor:not(.elementor-drop-cap-view-default) .elementor-drop-cap{margin-top:8px}.elementor-widget-text-editor:not(.elementor-drop-cap-view-default) .elementor-drop-cap-letter{width:1em;height:1em}.elementor-widget-text-editor .elementor-drop-cap{float:left;text-align:center;line-height:1;font-size:50px}.elementor-widget-text-editor .elementor-drop-cap-letter{display:inline-block}<\/style>\t\t\t\t<a href=\"https:\/\/nicolasmanotas.com\/wp-content\/uploads\/2015\/03\/como-podemos-trabajar.jpg\" rel=\"attachment wp-att-2609\"><img loading=\"lazy\" decoding=\"async\" class=\"size-full wp-image-2609 alignleft\" src=\"https:\/\/nicolasmanotas.com\/wp-content\/uploads\/2015\/03\/como-podemos-trabajar.jpg\" alt=\"como-podemos-trabajar\" width=\"600\" height=\"400\" \/><\/a>Si quieres tener verdaderos cambios y vivir la vida que siempre has so\u00f1ado, debes comenzar a escuchar lo que tus emociones, tu cuerpo y tu mente han tratado de decirte por tanto tiempo. Durante tu vida probablemente has tenido personas que te han ense\u00f1ado c\u00f3mo hacer las cosas, qu\u00e9 aprender, c\u00f3mo estudiar, en qu\u00e9 creer, c\u00f3mo comportarte etc. Sin embargo, hay una gran posibilidad que nadie te haya ense\u00f1ado a sentir y a expresar lo que sientes, por el contrario, es probable que en su lugar te hayan ense\u00f1ado a contenerte y no expresarte.\u00a0<a href=\"https:\/\/nicolasmanotas.com\/wp-content\/uploads\/2015\/03\/IMG_4384.jpg\">\n<\/a>\n<p style=\"text-align: justify;\">El coaching puede guiarte en este camino de autodescubrimiento aceptando que el proceso de aprendizaje nunca termina y que SIEMPRE hay espacio para mejorar y trascender.<\/p>\n<p style=\"text-align: justify;\">Yo puedo apoyarte a cambiar la forma en la que percibes el mundo y hacer conciencia de las interpretaciones que le has dado a tus experiencias pasadas, aceptar que sucedieron y que no tienes por qu\u00e9 continuar con una carga innecesaria. Juntos, descubriremos cu\u00e1les son las creencias limitantes\u00a0 que te est\u00e1n cerrando posibilidades y construiremos una nueva coherencia, una nueva forma de ver la vida la cual te permitir\u00e1 alcanzar tus sue\u00f1os y metas.<\/p>\n<p style=\"text-align: justify;\">A trav\u00e9s de conversaciones de Coaching, t\u00fa mismo descubrir\u00e1s lo que siempre ha estado frente a ti y que antes no pod\u00edas ver o sentir.<\/p>\n<p style=\"text-align: justify;\">Cuando comiences a ver el mundo desde otra perspectiva, comenzaras a vivir la vida que siempre so\u00f1aste. Cuando lleguemos a este \u00a1DESCUBRIR!, ser\u00e1 el momento de comenzar a tomar nuevas acciones en orden de obtener resultados distintos y generar una nueva coherencia o mejor dicho una nueva forma de vivir y de interpretar.<\/p>\n\n\n<hr \/>\n\n<h3>Me encantar\u00eda conocerte.<\/h3>\n<h6>D\u00e9jame tus datos y la duda que tengas para contactarte<\/h6>\t\t\t\t\t\t<\/div>\n\t\t\t\t<\/div>\n\t\t\t\t\t<\/div>\n\t\t<\/div>\n\t\t\t\t\t\t\t<\/div>\n\t\t<\/section>\n\t\t\t\t\t\t\t<\/div>\n\t\t","protected":false},"excerpt":{"rendered":"<p>Si quieres tener verdaderos cambios y vivir la vida que siempre has so\u00f1ado, debes comenzar a escuchar lo que tus emociones, tu cuerpo y tu mente han tratado de decirte por tanto tiempo. Durante tu vida probablemente has tenido personas que te han ense\u00f1ado c\u00f3mo hacer las cosas, qu\u00e9 aprender, c\u00f3mo estudiar, en qu\u00e9 creer, [&hellip;]<\/p>\n","protected":false},"author":1,"featured_media":0,"parent":0,"menu_order":0,"comment_status":"closed","ping_status":"closed","template":"","meta":{"footnotes":""},"class_list":["post-104","page","type-page","status-publish","hentry"],"yoast_head":"<!-- This site is optimized with the Yoast SEO plugin v20.1 - https:\/\/yoast.com\/wordpress\/plugins\/seo\/ -->\n<title>[:es]C\u00f3mo podemos trabajar juntos? - Nicolas Manotas Life Coach [:]<\/title>\n<meta name=\"description\" content=\"{:es}Juntos trabajaremos en las creencias limitantes que te est\u00e1n cerrando posibilidades y construiremos una nueva coherencia que te permita alcanzar tus sue\u00f1os.{:}\" \/>\n<meta name=\"robots\" content=\"index, follow, max-snippet:-1, max-image-preview:large, max-video-preview:-1\" \/>\n<link rel=\"canonical\" href=\"https:\/\/nicolasmanotas.com\/?page_id=104\" \/>\n<meta property=\"og:locale\" content=\"es_ES\" \/>\n<meta property=\"og:type\" content=\"article\" \/>\n<meta property=\"og:title\" content=\"[:es]C\u00f3mo podemos trabajar juntos? - Nicolas Manotas Life Coach [:]\" \/>\n<meta property=\"og:description\" content=\"{:es}Juntos trabajaremos en las creencias limitantes que te est\u00e1n cerrando posibilidades y construiremos una nueva coherencia que te permita alcanzar tus sue\u00f1os.{:}\" \/>\n<meta property=\"og:url\" content=\"https:\/\/nicolasmanotas.com\/?page_id=104\" \/>\n<meta property=\"og:site_name\" content=\"Nicol\u00e1s Manotas\" \/>\n<meta property=\"article:modified_time\" content=\"2024-02-27T01:33:28+00:00\" \/>\n<meta property=\"og:image\" content=\"https:\/\/nicolasmanotas.com\/wp-content\/uploads\/2015\/03\/como-podemos-trabajar.jpg\" \/>\n<meta name=\"twitter:card\" content=\"summary_large_image\" \/>\n<meta name=\"twitter:label1\" content=\"Tiempo de lectura\" \/>\n\t<meta name=\"twitter:data1\" content=\"2 minutos\" \/>\n<script type=\"application\/ld+json\" class=\"yoast-schema-graph\">{\"@context\":\"https:\/\/schema.org\",\"@graph\":[{\"@type\":\"WebPage\",\"@id\":\"https:\/\/nicolasmanotas.com\/?page_id=104\",\"url\":\"https:\/\/nicolasmanotas.com\/?page_id=104\",\"name\":\"[:es]C\u00f3mo podemos trabajar juntos? - Nicolas Manotas Life Coach [:]\",\"isPartOf\":{\"@id\":\"https:\/\/nicolasmanotas.com\/#website\"},\"datePublished\":\"2015-03-31T19:50:42+00:00\",\"dateModified\":\"2024-02-27T01:33:28+00:00\",\"description\":\"{:es}Juntos trabajaremos en las creencias limitantes que te est\u00e1n cerrando posibilidades y construiremos una nueva coherencia que te permita alcanzar tus sue\u00f1os.{:}\",\"inLanguage\":\"es\",\"potentialAction\":[{\"@type\":\"ReadAction\",\"target\":[\"https:\/\/nicolasmanotas.com\/?page_id=104\"]}]},{\"@type\":\"WebSite\",\"@id\":\"https:\/\/nicolasmanotas.com\/#website\",\"url\":\"https:\/\/nicolasmanotas.com\/\",\"name\":\"Nicol\u00e1s Manotas\",\"description\":\"\",\"potentialAction\":[{\"@type\":\"SearchAction\",\"target\":{\"@type\":\"EntryPoint\",\"urlTemplate\":\"https:\/\/nicolasmanotas.com\/?s={search_term_string}\"},\"query-input\":\"required name=search_term_string\"}],\"inLanguage\":\"es\"}]}<\/script>\n<!-- \/ Yoast SEO plugin. -->","yoast_head_json":{"title":"[:es]C\u00f3mo podemos trabajar juntos? - Nicolas Manotas Life Coach [:]","description":"{:es}Juntos trabajaremos en las creencias limitantes que te est\u00e1n cerrando posibilidades y construiremos una nueva coherencia que te permita alcanzar tus sue\u00f1os.{:}","robots":{"index":"index","follow":"follow","max-snippet":"max-snippet:-1","max-image-preview":"max-image-preview:large","max-video-preview":"max-video-preview:-1"},"canonical":"https:\/\/nicolasmanotas.com\/?page_id=104","og_locale":"es_ES","og_type":"article","og_title":"[:es]C\u00f3mo podemos trabajar juntos? - Nicolas Manotas Life Coach [:]","og_description":"{:es}Juntos trabajaremos en las creencias limitantes que te est\u00e1n cerrando posibilidades y construiremos una nueva coherencia que te permita alcanzar tus sue\u00f1os.{:}","og_url":"https:\/\/nicolasmanotas.com\/?page_id=104","og_site_name":"Nicol\u00e1s Manotas","article_modified_time":"2024-02-27T01:33:28+00:00","og_image":[{"url":"https:\/\/nicolasmanotas.com\/wp-content\/uploads\/2015\/03\/como-podemos-trabajar.jpg"}],"twitter_card":"summary_large_image","twitter_misc":{"Tiempo de lectura":"2 minutos"},"schema":{"@context":"https:\/\/schema.org","@graph":[{"@type":"WebPage","@id":"https:\/\/nicolasmanotas.com\/?page_id=104","url":"https:\/\/nicolasmanotas.com\/?page_id=104","name":"[:es]C\u00f3mo podemos trabajar juntos? - Nicolas Manotas Life Coach [:]","isPartOf":{"@id":"https:\/\/nicolasmanotas.com\/#website"},"datePublished":"2015-03-31T19:50:42+00:00","dateModified":"2024-02-27T01:33:28+00:00","description":"{:es}Juntos trabajaremos en las creencias limitantes que te est\u00e1n cerrando posibilidades y construiremos una nueva coherencia que te permita alcanzar tus sue\u00f1os.{:}","inLanguage":"es","potentialAction":[{"@type":"ReadAction","target":["https:\/\/nicolasmanotas.com\/?page_id=104"]}]},{"@type":"WebSite","@id":"https:\/\/nicolasmanotas.com\/#website","url":"https:\/\/nicolasmanotas.com\/","name":"Nicol\u00e1s Manotas","description":"","potentialAction":[{"@type":"SearchAction","target":{"@type":"EntryPoint","urlTemplate":"https:\/\/nicolasmanotas.com\/?s={search_term_string}"},"query-input":"required name=search_term_string"}],"inLanguage":"es"}]}},"_links":{"self":[{"href":"https:\/\/nicolasmanotas.com\/index.php?rest_route=\/wp\/v2\/pages\/104","targetHints":{"allow":["GET"]}}],"collection":[{"href":"https:\/\/nicolasmanotas.com\/index.php?rest_route=\/wp\/v2\/pages"}],"about":[{"href":"https:\/\/nicolasmanotas.com\/index.php?rest_route=\/wp\/v2\/types\/page"}],"author":[{"embeddable":true,"href":"https:\/\/nicolasmanotas.com\/index.php?rest_route=\/wp\/v2\/users\/1"}],"replies":[{"embeddable":true,"href":"https:\/\/nicolasmanotas.com\/index.php?rest_route=%2Fwp%2Fv2%2Fcomments&post=104"}],"version-history":[{"count":9,"href":"https:\/\/nicolasmanotas.com\/index.php?rest_route=\/wp\/v2\/pages\/104\/revisions"}],"predecessor-version":[{"id":909,"href":"https:\/\/nicolasmanotas.com\/index.php?rest_route=\/wp\/v2\/pages\/104\/revisions\/909"}],"wp:attachment":[{"href":"https:\/\/nicolasmanotas.com\/index.php?rest_route=%2Fwp%2Fv2%2Fmedia&parent=104"}],"curies":[{"name":"wp","href":"https:\/\/api.w.org\/{rel}","templated":true}]}}