{"id":109,"date":"2016-02-19T19:24:17","date_gmt":"2016-02-19T19:24:17","guid":{"rendered":"https:\/\/sauces.digisap.com\/?page_id=285"},"modified":"2024-02-27T01:32:36","modified_gmt":"2024-02-27T01:32:36","slug":"decidiendo-mi-camino","status":"publish","type":"page","link":"https:\/\/nicolasmanotas.com\/?page_id=109","title":{"rendered":"Decidiendo mi camino"},"content":{"rendered":"\t\t<div data-elementor-type=\"wp-page\" data-elementor-id=\"109\" class=\"elementor elementor-109\">\n\t\t\t\t\t\t\t\t\t<section class=\"elementor-section elementor-top-section elementor-element elementor-element-5b674f86 elementor-section-boxed elementor-section-height-default elementor-section-height-default\" data-id=\"5b674f86\" data-element_type=\"section\">\n\t\t\t\t\t\t<div class=\"elementor-container elementor-column-gap-default\">\n\t\t\t\t\t<div class=\"elementor-column elementor-col-100 elementor-top-column elementor-element elementor-element-114202df\" data-id=\"114202df\" data-element_type=\"column\">\n\t\t\t<div class=\"elementor-widget-wrap elementor-element-populated\">\n\t\t\t\t\t\t\t\t<div class=\"elementor-element elementor-element-6827e5f5 elementor-widget elementor-widget-text-editor\" data-id=\"6827e5f5\" data-element_type=\"widget\" data-widget_type=\"text-editor.default\">\n\t\t\t\t<div class=\"elementor-widget-container\">\n\t\t\t<style>\/*! elementor - v3.11.0 - 13-02-2023 *\/\n.elementor-widget-text-editor.elementor-drop-cap-view-stacked .elementor-drop-cap{background-color:#818a91;color:#fff}.elementor-widget-text-editor.elementor-drop-cap-view-framed .elementor-drop-cap{color:#818a91;border:3px solid;background-color:transparent}.elementor-widget-text-editor:not(.elementor-drop-cap-view-default) .elementor-drop-cap{margin-top:8px}.elementor-widget-text-editor:not(.elementor-drop-cap-view-default) .elementor-drop-cap-letter{width:1em;height:1em}.elementor-widget-text-editor .elementor-drop-cap{float:left;text-align:center;line-height:1;font-size:50px}.elementor-widget-text-editor .elementor-drop-cap-letter{display:inline-block}<\/style>\t\t\t\t<a href=\"https:\/\/nicolasmanotas.com\/wp-content\/uploads\/2016\/02\/decidiendo-mi-camino.jpg\" rel=\"attachment wp-att-2545\"><img loading=\"lazy\" decoding=\"async\" src=\"https:\/\/nicolasmanotas.com\/wp-content\/uploads\/2016\/02\/decidiendo-mi-camino.jpg\" alt=\"decidiendo-mi-camino\" width=\"1300\" height=\"412\" \/><\/a>\n<p style=\"text-align: justify;\">Varias veces ya sea por instinto o porque alguien nos lo dice, nos percatamos que hay algo que no funciona en nuestras vidas como quisi\u00e9ramos y aunque tenemos una breve idea de qu\u00e9 puede ser, no encontramos las herramientas para cambiar nuestras circunstancias y vivir nuestras pasiones.<\/p>\n<p style=\"text-align: justify;\">\u201cDecidiendo m\u00ed camino\u201d es un proceso de autoconocimiento donde tendr\u00e1s\u00a0 5 sesiones de coaching con duraci\u00f3n entre 1.5 y 2 horas cada una. Durante aproximadamente dos meses, tendr\u00e1s la oportunidad de compartir conmigo personalmente (si estamos en la misma ciudad) o v\u00eda Skype y juntos descubriremos cu\u00e1les son las creencias o pensamientos limitantes que no te permiten obtener los resultados que quieres.<\/p>\n<p style=\"text-align: justify;\">En este programa entender\u00e1s que la raz\u00f3n por la cual hoy te comportas y piensas de determinada manera, se debe al no tener conciencia sobre los hechos que te sucedieron en el pasado y que hoy marcan los par\u00e1metros de tu vida, cerr\u00e1ndote posibilidades. Es la perfecta oportunidad para reforzar un tema espec\u00edfico que est\u00e9s viviendo en este momento o para desenredar un asunto que de manera c\u00edclica se presenta en tu vida una y otra vez.\u00a0 Una vez habitemos tu nuevo estado de conciencia, comenzaremos un plan de\u00a0 acciones que respetando tu proceso y propio ritmo, paso a paso te llevar\u00e1n a vivir en plenitud la vida que te apasiona.<\/p>\n\n<h3 style=\"text-align: justify;\"><strong>\u00bfA qui\u00e9n est\u00e1 dirigido?<\/strong><\/h3>\n<p style=\"text-align: justify;\">A cualquier hombre o mujer que busque vivir lo que le apasiona pero que de manera c\u00edclica se\u00a0 le repitan las mismas circunstancias de vida una y otra vez sin obtener los resultados que espera.<\/p>\n<p style=\"text-align: justify;\">Es para aquella persona que quiere\u00a0 fortalecer un \u00e1rea espec\u00edfica o redise\u00f1ar su vida para vivir la vida que siempre ha so\u00f1ado<\/p>\n\n<h3 style=\"text-align: justify;\">Este programa \u00a0tiene como prop\u00f3sito apoyarte a:<\/h3>\n<img loading=\"lazy\" decoding=\"async\" class=\"alignleft wp-image-2395\" src=\"https:\/\/nicolasmanotas.com\/wp-content\/uploads\/2016\/03\/Depositphotos_13192121_original-768x489.jpg\" alt=\"Depositphotos_13192121_original-768x489\" width=\"600\" height=\"382\" \/>\n<ul>\n \t<li>Retar y romper creencias limitantes<\/li>\n \t<li>Fortalecer las \u00e1reas de tu vida que quieres mejorar<\/li>\n \t<li>Comenzar a ver el mundo desde una perspectiva distinta que abra posibilidades<\/li>\n \t<li>Pensar de un modo distinto<\/li>\n \t<li>Definir o fortalecer las pasiones de tu vida<\/li>\n \t<li>Desde el lenguaje aprender a realizar declaraciones empoderantes, capaces de cambiar tu realidad<\/li>\n \t<li>Generar un balance entre las distintas \u00e1reas de tu vida, entendiendo que una no puede ni debe funcionar sin las dem\u00e1s.<\/li>\n \t<li>Fortalecer tu autoestima y aprender a reconocerte por quien eres.<\/li>\n \t<li>Generar un estado de conciencia sobre tu situaci\u00f3n actual en la vida<\/li>\n \t<li>Aprender sobre el mundo emocional e incidencia en el d\u00eda a d\u00eda<\/li>\n \t<li>Comprender y entender que los sucesos que acontecieron en el pasado y la interpretaci\u00f3n que le diste a los mismos, es lo que hoy en d\u00eda te abre o cierra puertas.<\/li>\n \t<li>Tener una visi\u00f3n m\u00e1s clara de tus prop\u00f3sitos y metas<\/li>\n \t<li>Empoderarte a tomar acciones que te lleven a resultados distintos y concretos.<\/li>\n \t<li>Permitirte perdonar, perdonarte y ser perdonado<\/li>\n \t<li>Comprometerte con tu vida y tomar riendas en el asunto para que seas t\u00fa y no otros quienes decidan por ti el rumbo que tu vida tomar\u00e1.<\/li>\n<\/ul>\n<h3><strong>En este programa atravesar\u00e1s 4 etapas:<\/strong><\/h3>\n<ol style=\"text-align: justify;\">\n \t<li><strong>Los primeros pasos<\/strong>: Partiendo de lo que est\u00e9 sucediendo actualmente en tu vida revisaremos las circunstancias que te llevaron a adentrarte en un camino de crecimiento personal y elaboraremos un plan de coaching.<\/li>\n<\/ol>\n<ol style=\"text-align: justify;\" start=\"2\">\n \t<li><strong>El despertar<\/strong>: Generar\u00e1s conciencia de la forma en la que piensas y te dar\u00e1s cuenta de c\u00f3mo esto afecta la percepci\u00f3n que tienes sobre la vida. Comenzar\u00e1s a ver y entender cosas que antes no percib\u00edas y que siempre estuvieron frente a ti.<\/li>\n<\/ol>\n<ol style=\"text-align: justify;\" start=\"3\">\n \t<li><strong>El descubrir:<\/strong> Profundizar\u00e1s en c\u00f3mo est\u00e1s viendo el mundo y entender\u00e1s que dependiendo de c\u00f3mo pienses y desde donde te pares (se podr\u00eda decir tambi\u00e9n desde la interpretaci\u00f3n de tu realidad), los sucesos de tu vida tienen un significado distinto que te pueden abrir o cerrar posibilidades.<\/li>\n<\/ol>\n<ol style=\"text-align: justify;\" start=\"4\">\n \t<li><strong>El construir: <\/strong>Una vez generada una nueva conciencia y entendiendo desde donde te paras frente a las distintas situaciones de tu vida, entablaremos un plan de acci\u00f3n que refuerce tu nueva coherencia y te permita obtener resultados distintos sostenibles en el tiempo.<\/li>\n<\/ol>\n<img loading=\"lazy\" decoding=\"async\" class=\"aligncenter wp-image-2326\" src=\"https:\/\/nicolasmanotas.com\/wp-content\/uploads\/2016\/03\/Depositphotos_11054879_original-370x245.jpg\" alt=\"Depositphotos_11054879_original-370x245\" width=\"550\" height=\"364\" \/>\n<h3>Duraci\u00f3n del programa:<\/h3>\n<ul>\n \t<li>2 meses (dependiendo de la disponibilidad de tiempo del cliente se puede hacer en mes y medio)<\/li>\n<\/ul>\n<h3>INVERSI\u00d3N DEL PROGRAMA:<\/h3>\n<ul>\n \t<li>Proceso de 5 sesiones de coaching $490 USD*<\/li>\n<\/ul>\n*(Nota) El valor antes se\u00f1alado aplica unicamente para pago anticipado de las 5 sesiones. Si se paga cada sesi\u00f3n por separado, la sesi\u00f3n tiene un costo de $120 USD\t\t\t\t\t\t<\/div>\n\t\t\t\t<\/div>\n\t\t\t\t\t<\/div>\n\t\t<\/div>\n\t\t\t\t\t\t\t<\/div>\n\t\t<\/section>\n\t\t\t\t\t\t\t<\/div>\n\t\t","protected":false},"excerpt":{"rendered":"<p>Varias veces ya sea por instinto o porque alguien nos lo dice, nos percatamos que hay algo que no funciona en nuestras vidas como quisi\u00e9ramos y aunque tenemos una breve idea de qu\u00e9 puede ser, no encontramos las herramientas para cambiar nuestras circunstancias y vivir nuestras pasiones. \u201cDecidiendo m\u00ed camino\u201d es un proceso de autoconocimiento [&hellip;]<\/p>\n","protected":false},"author":1,"featured_media":218,"parent":0,"menu_order":0,"comment_status":"closed","ping_status":"closed","template":"","meta":{"footnotes":""},"class_list":["post-109","page","type-page","status-publish","has-post-thumbnail","hentry"],"yoast_head":"<!-- This site is optimized with the Yoast SEO plugin v20.1 - https:\/\/yoast.com\/wordpress\/plugins\/seo\/ -->\n<title>[:en]Living Passionately -Coaching program -NICOLAS MANOTAS Life Coach[:]<\/title>\n<meta name=\"description\" content=\"{:en}Living Passionately is a process of self-knowledge. Is the perfect opportunity to reinforce or resolve an specific topic that you are living. {:}\" \/>\n<meta name=\"robots\" content=\"index, follow, max-snippet:-1, max-image-preview:large, max-video-preview:-1\" \/>\n<link rel=\"canonical\" href=\"https:\/\/nicolasmanotas.com\/?page_id=109\" \/>\n<meta property=\"og:locale\" content=\"es_ES\" \/>\n<meta property=\"og:type\" content=\"article\" \/>\n<meta property=\"og:title\" content=\"[:en]Living Passionately -Coaching program -NICOLAS MANOTAS Life Coach[:]\" \/>\n<meta property=\"og:description\" content=\"{:en}Living Passionately is a process of self-knowledge. Is the perfect opportunity to reinforce or resolve an specific topic that you are living. {:}\" \/>\n<meta property=\"og:url\" content=\"https:\/\/nicolasmanotas.com\/?page_id=109\" \/>\n<meta property=\"og:site_name\" content=\"Nicol\u00e1s Manotas\" \/>\n<meta property=\"article:modified_time\" content=\"2024-02-27T01:32:36+00:00\" \/>\n<meta property=\"og:image\" content=\"https:\/\/nicolasmanotas.com\/wp-content\/uploads\/2023\/02\/decidiendo-mi-camino-1.jpeg\" \/>\n\t<meta property=\"og:image:width\" content=\"370\" \/>\n\t<meta property=\"og:image:height\" content=\"245\" \/>\n\t<meta property=\"og:image:type\" content=\"image\/jpeg\" \/>\n<meta name=\"twitter:card\" content=\"summary_large_image\" \/>\n<meta name=\"twitter:label1\" content=\"Tiempo de lectura\" \/>\n\t<meta name=\"twitter:data1\" content=\"4 minutos\" \/>\n<script type=\"application\/ld+json\" class=\"yoast-schema-graph\">{\"@context\":\"https:\/\/schema.org\",\"@graph\":[{\"@type\":\"WebPage\",\"@id\":\"https:\/\/nicolasmanotas.com\/?page_id=109\",\"url\":\"https:\/\/nicolasmanotas.com\/?page_id=109\",\"name\":\"[:en]Living Passionately -Coaching program -NICOLAS MANOTAS Life Coach[:]\",\"isPartOf\":{\"@id\":\"https:\/\/nicolasmanotas.com\/#website\"},\"datePublished\":\"2016-02-19T19:24:17+00:00\",\"dateModified\":\"2024-02-27T01:32:36+00:00\",\"description\":\"{:en}Living Passionately is a process of self-knowledge. Is the perfect opportunity to reinforce or resolve an specific topic that you are living. {:}\",\"inLanguage\":\"es\",\"potentialAction\":[{\"@type\":\"ReadAction\",\"target\":[\"https:\/\/nicolasmanotas.com\/?page_id=109\"]}]},{\"@type\":\"WebSite\",\"@id\":\"https:\/\/nicolasmanotas.com\/#website\",\"url\":\"https:\/\/nicolasmanotas.com\/\",\"name\":\"Nicol\u00e1s Manotas\",\"description\":\"\",\"potentialAction\":[{\"@type\":\"SearchAction\",\"target\":{\"@type\":\"EntryPoint\",\"urlTemplate\":\"https:\/\/nicolasmanotas.com\/?s={search_term_string}\"},\"query-input\":\"required name=search_term_string\"}],\"inLanguage\":\"es\"}]}<\/script>\n<!-- \/ Yoast SEO plugin. -->","yoast_head_json":{"title":"[:en]Living Passionately -Coaching program -NICOLAS MANOTAS Life Coach[:]","description":"{:en}Living Passionately is a process of self-knowledge. Is the perfect opportunity to reinforce or resolve an specific topic that you are living. {:}","robots":{"index":"index","follow":"follow","max-snippet":"max-snippet:-1","max-image-preview":"max-image-preview:large","max-video-preview":"max-video-preview:-1"},"canonical":"https:\/\/nicolasmanotas.com\/?page_id=109","og_locale":"es_ES","og_type":"article","og_title":"[:en]Living Passionately -Coaching program -NICOLAS MANOTAS Life Coach[:]","og_description":"{:en}Living Passionately is a process of self-knowledge. Is the perfect opportunity to reinforce or resolve an specific topic that you are living. {:}","og_url":"https:\/\/nicolasmanotas.com\/?page_id=109","og_site_name":"Nicol\u00e1s Manotas","article_modified_time":"2024-02-27T01:32:36+00:00","og_image":[{"width":370,"height":245,"url":"https:\/\/nicolasmanotas.com\/wp-content\/uploads\/2023\/02\/decidiendo-mi-camino-1.jpeg","type":"image\/jpeg"}],"twitter_card":"summary_large_image","twitter_misc":{"Tiempo de lectura":"4 minutos"},"schema":{"@context":"https:\/\/schema.org","@graph":[{"@type":"WebPage","@id":"https:\/\/nicolasmanotas.com\/?page_id=109","url":"https:\/\/nicolasmanotas.com\/?page_id=109","name":"[:en]Living Passionately -Coaching program -NICOLAS MANOTAS Life Coach[:]","isPartOf":{"@id":"https:\/\/nicolasmanotas.com\/#website"},"datePublished":"2016-02-19T19:24:17+00:00","dateModified":"2024-02-27T01:32:36+00:00","description":"{:en}Living Passionately is a process of self-knowledge. Is the perfect opportunity to reinforce or resolve an specific topic that you are living. {:}","inLanguage":"es","potentialAction":[{"@type":"ReadAction","target":["https:\/\/nicolasmanotas.com\/?page_id=109"]}]},{"@type":"WebSite","@id":"https:\/\/nicolasmanotas.com\/#website","url":"https:\/\/nicolasmanotas.com\/","name":"Nicol\u00e1s Manotas","description":"","potentialAction":[{"@type":"SearchAction","target":{"@type":"EntryPoint","urlTemplate":"https:\/\/nicolasmanotas.com\/?s={search_term_string}"},"query-input":"required name=search_term_string"}],"inLanguage":"es"}]}},"_links":{"self":[{"href":"https:\/\/nicolasmanotas.com\/index.php?rest_route=\/wp\/v2\/pages\/109","targetHints":{"allow":["GET"]}}],"collection":[{"href":"https:\/\/nicolasmanotas.com\/index.php?rest_route=\/wp\/v2\/pages"}],"about":[{"href":"https:\/\/nicolasmanotas.com\/index.php?rest_route=\/wp\/v2\/types\/page"}],"author":[{"embeddable":true,"href":"https:\/\/nicolasmanotas.com\/index.php?rest_route=\/wp\/v2\/users\/1"}],"replies":[{"embeddable":true,"href":"https:\/\/nicolasmanotas.com\/index.php?rest_route=%2Fwp%2Fv2%2Fcomments&post=109"}],"version-history":[{"count":8,"href":"https:\/\/nicolasmanotas.com\/index.php?rest_route=\/wp\/v2\/pages\/109\/revisions"}],"predecessor-version":[{"id":906,"href":"https:\/\/nicolasmanotas.com\/index.php?rest_route=\/wp\/v2\/pages\/109\/revisions\/906"}],"wp:featuredmedia":[{"embeddable":true,"href":"https:\/\/nicolasmanotas.com\/index.php?rest_route=\/wp\/v2\/media\/218"}],"wp:attachment":[{"href":"https:\/\/nicolasmanotas.com\/index.php?rest_route=%2Fwp%2Fv2%2Fmedia&parent=109"}],"curies":[{"name":"wp","href":"https:\/\/api.w.org\/{rel}","templated":true}]}}