{"id":114,"date":"2016-02-19T20:21:58","date_gmt":"2016-02-19T20:21:58","guid":{"rendered":"https:\/\/sauces.digisap.com\/?page_id=301"},"modified":"2024-02-27T15:04:30","modified_gmt":"2024-02-27T15:04:30","slug":"elevando-la-cometa-de-mi-vida","status":"publish","type":"page","link":"https:\/\/nicolasmanotas.com\/?page_id=114","title":{"rendered":"Elevando la cometa de mi vida"},"content":{"rendered":"<h2><a href=\"https:\/\/nicolasmanotas.com\/wp-content\/uploads\/2016\/02\/cometa-vida-3.jpg\" rel=\"attachment wp-att-2540\"><img loading=\"lazy\" decoding=\"async\" class=\"aligncenter wp-image-2540 size-full\" src=\"https:\/\/nicolasmanotas.com\/wp-content\/uploads\/2016\/02\/cometa-vida-3.jpg\" alt=\"cometa-vida-3\" width=\"1300\" height=\"412\" \/><\/a><br \/>\n&#8211; Proceso de coaching integral &#8211;<\/h2>\n<p>Vivir plenamente es cuesti\u00f3n de balance. Equivocadamente tenemos la creencia de pensar que no es posible tenerlo todo y que para que un \u00e1rea de nuestras vidas est\u00e9 bien otras tienen que estar mal. Un ejemplo de esto ser\u00eda aquellas personas que profesionalmente son muy exitosas pero que sus relaciones personales est\u00e1n completamente descuidadas, en este escenario la creencia es que debo trabajar todo el tiempo para ser exitoso y solo hasta que llegue el d\u00eda en que tenga todo lo que quiero tendr\u00e9 tiempo para mi pareja, familia o amigos.<\/p>\n<h3>\u201cElevando la cometa de mi vida\u201d es un programa de coaching que utiliza como met\u00e1fora una cometa donde cada punta es un \u00e1rea de tu vida. Bajo esta met\u00e1fora, tu vida est\u00e1 compuesta por las siguientes \u00e1reas:<\/h3>\n<ol>\n<li>Familia<\/li>\n<li>Trabajo\/ estudios \/ profesi\u00f3n<\/li>\n<li>Pareja \/ estar sin pareja<\/li>\n<li>Dinero\/ Finanzas<\/li>\n<li>Salud \/Cuerpo F\u00edsico<\/li>\n<li>Espiritualidad<\/li>\n<li>Relaciones personales<\/li>\n<li>Recreaci\u00f3n<\/li>\n<li>Comunidad<\/li>\n<\/ol>\n<p style=\"text-align: justify;\">Para que esta comenta vuele se necesita que todas las puntas est\u00e9n en un porcentaje similar pues de lo contrario se caer\u00e1 cada vez que intente volar.<\/p>\n<p style=\"text-align: justify;\">Conforme lo anterior, evaluaremos en qu\u00e9 porcentaje tienes actualmente cada \u00e1rea de tu vida para determinar qu\u00e9 tan balanceada se encuentra \u201ct\u00fa cometa\u201d y con este primer mapa comenzaremos a fortalecer, cambiar o modificar pensamientos y acciones que nos lleven a encontrar el balance apropiado para tu vida.<\/p>\n<p style=\"text-align: justify;\">Durante aproximadamente 5 meses, compartiremos 15 sesiones\u00a0 &#8211; uno a uno-\u00a0 donde tendr\u00e1s la oportunidad de compartir conmigo personalmente (si estamos en la misma ciudad) o v\u00eda Skype y juntos descubriremos c\u00f3mo est\u00e1s viviendo tu vida y la enfocaremos hacia a donde la quieres llevar.<\/p>\n<p style=\"text-align: justify;\">La armoniosa interacci\u00f3n de las distintas \u00e1reas de tu vida es lo que genera el balance y bienestar en el d\u00eda a d\u00eda. Por esta raz\u00f3n, durante las sesiones de coaching ahondaremos y entrelazaremos cada una de las \u00e1reas identificando en el proceso distintas formas de ver e interpretar el mundo pues solo as\u00ed obtendr\u00e1s resultados distintos\u00a0 sostenibles en el tiempo.<\/p>\n<p style=\"text-align: justify;\">El objetivo de este programa, es que adquieras herramientas que te permitan volar por lo alto la cometa de tu vida e identificar como est\u00e1s pensando, sintiendo y actuando cada vez que te sucede algo para as\u00ed tener tu conciencia de hacia d\u00f3nde quieres ir.<\/p>\n<h3 style=\"text-align: justify;\"><u><\/u><strong>\u00bfA qui\u00e9n est\u00e1 dirigido?<\/strong><\/h3>\n<p style=\"text-align: justify;\">A cualquier hombre o mujer que busque vivir su vida en plenitud, entendiendo que para lograrlo es necesario prestar atenci\u00f3n a cada \u00e1rea de su vida y as\u00ed poder encontrar el balance ideal.<\/p>\n<p style=\"text-align: justify;\">Es para aquellas personas que est\u00e9n dispuestas a romper la falsa creencia de que no se puede tenerlo todo sin necesidad de sacrificar un \u00e1rea de sus vidas para obtener otra.<\/p>\n<h3 style=\"text-align: justify;\"><strong>Este programa tiene como compromiso ayudarte a:<\/strong><\/h3>\n<p><img loading=\"lazy\" decoding=\"async\" class=\"aligncenter wp-image-2431 size-full\" src=\"https:\/\/nicolasmanotas.com\/wp-content\/uploads\/2016\/03\/Depositphotos_34754467_original-600x380.jpg\" alt=\"Depositphotos_34754467_original-600x380\" width=\"600\" height=\"380\" \/><\/p>\n<ul style=\"text-align: justify;\">\n<li>Retar y romper creencias limitantes<\/li>\n<li>Fortalecer las \u00e1reas de tu vida que quieres mejorar<\/li>\n<li>Comenzar a ver el mundo desde una perspectiva distinta que abra posibilidades<\/li>\n<li>Pensar de un modo distinto<\/li>\n<li>Definir o fortalecer las pasiones de tu vida<\/li>\n<li>Desde el lenguaje aprender a realizar declaraciones empoderantes capaces de cambiar tu realidad<\/li>\n<li>Generar un balance entre las distintas \u00e1reas de tu vida, entendiendo que una no puede ni debe funcionar sin las dem\u00e1s<\/li>\n<li>Fortalecer tu autoestima y aprender a reconocerte por quien eres.<\/li>\n<li>Generar un estado de conciencia sobre tu situaci\u00f3n actual en la vida<\/li>\n<li>Aprender sobre el mundo emocional y sus repercusiones en el d\u00eda a d\u00eda<\/li>\n<li>Comprender y entender que los sucesos que acontecieron en el pasado y al interpretaci\u00f3n que le diste a los mismos es lo que hoy en d\u00eda te abre o cierra puertas<\/li>\n<li>Tener una visi\u00f3n m\u00e1s claras de tus prop\u00f3sitos y metas<\/li>\n<li>Empoderarte a tomar acciones que te lleven a resultados distintos<\/li>\n<li>Permitirte perdonar, perdonarte y ser perdonado<\/li>\n<li>Comprometerte con tu vida y tomar riendas en el asunto para que seas t\u00fa y no otros quienes decidan por ti el rumbo que tu vida tomar\u00e1<\/li>\n<\/ul>\n<h3 style=\"text-align: justify;\"><strong>Este programa costa de 4 m\u00f3dulos<\/strong><\/h3>\n<h4>\u00a0M\u00d3DULO 1. En este m\u00f3dulo profundizaremos en las siguientes \u00e1reas de tu vida<\/h4>\n<ul>\n<li>Familia<\/li>\n<li>Trabajo\/ estudios \/ profesi\u00f3n<\/li>\n<\/ul>\n<h4>M\u00d3DULO 2. En este m\u00f3dulo profundizaremos en las siguientes \u00e1reas de tu vida<\/h4>\n<ul>\n<li>Pareja \/ estar sin pareja<\/li>\n<li>Dinero\/ Finanzas<\/li>\n<\/ul>\n<h4>M\u00d3DULO 3. En este m\u00f3dulo profundizaremos en las siguientes \u00e1reas de tu vida<\/h4>\n<ul>\n<li>Salud \/Cuerpo F\u00edsico<\/li>\n<li>Espiritualidad<\/li>\n<\/ul>\n<h4>M\u00d3DULO 4.En este m\u00f3dulo profundizaremos en las siguientes \u00e1reas de tu vida<\/h4>\n<ul>\n<li>Relaciones personales<\/li>\n<li>Recreaci\u00f3n<\/li>\n<li>Comunidad<\/li>\n<\/ul>\n<h3>Cada m\u00f3dulo atraviesa las siguientes etapas.<\/h3>\n<p><img loading=\"lazy\" decoding=\"async\" class=\"alignleft wp-image-2395\" src=\"https:\/\/nicolasmanotas.com\/wp-content\/uploads\/2016\/03\/Depositphotos_13192121_original-768x489.jpg\" alt=\"Depositphotos_13192121_original-768x489\" width=\"600\" height=\"382\" \/><\/p>\n<ol>\n<li><strong>Los primero pasos: <\/strong>Partiendo de lo que est\u00e9 sucediendo actualmente en tu vida revisaremos las circunstancias que te llevaron a adentrarte en un camino de crecimiento personal y elaboraremos un plan de coaching<\/li>\n<li><strong>El despertar<\/strong>: Generar\u00e1s conciencia de la forma en la que piensas y te dar\u00e1s cuenta de c\u00f3mo esto afecta la percepci\u00f3n que tienes sobre la vida. Comenzar\u00e1s a ver y entender cosas que antes no percib\u00edas y que siempre estuvieron frente a ti.<\/li>\n<li><strong>El descubrir:<\/strong> Profundizar\u00e1s en c\u00f3mo est\u00e1s viendo el mundo y entender\u00e1s que dependiendo de c\u00f3mo pienses y desde donde te pares, los sucesos de tu vida tienen un significado distinto que te pueden abrir o cerrar posibilidades.<\/li>\n<li><strong>El construir: <\/strong>Una vez generada una nueva conciencia y entendiendo desde donde te paras frente a las distintas situaciones de tu vida, entablaremos un plan de acci\u00f3n que refuerce tu nueva coherencia y te permita obtener resultados distintos sostenibles en el tiempo.<\/li>\n<\/ol>\n<h3><strong>Inversi\u00f3n del programa<\/strong><\/h3>\n<h3>OPCI\u00d3N 1.<\/h3>\n<p><em>\u201cElevando la cometa de mi vida\u201d es un programa de coaching que se puede hacer de manera integral pasando por los 4 m\u00f3dulos en un periodo aproximado de 5 meses.<\/em><\/p>\n<h4>Inversi\u00f3n<\/h4>\n<p>[highlight]Proceso\u00a0 de 15 sesiones de coaching $1.390 USD<\/p>\n<p>(Nota) El valor antes se\u00f1alado aplica unicamente para pago anticipado de las 5 sesiones. Si se paga cada sesi\u00f3n por separado, la sesi\u00f3n presencial tiene un costo de $120 USD<\/p>\n<h3>OPCI\u00d3N 2.<\/h3>\n<p><em>\u201cElevando la cometa de mi vida\u201d es un programa de coaching donde se puede tomar cada \u00a0m\u00f3dulo de manera independiente y en el orden deseado. Cada m\u00f3dulo dura un mes y cuenta con 4 sesiones de coaching.<\/em><\/p>\n<h3>M\u00d3DULO 1.<\/h3>\n<ul>\n<li>Familia<\/li>\n<li>Relaciones personales<\/li>\n<li>Trabajo\/ estudios \/ profesi\u00f3n<\/li>\n<\/ul>\n<h4>\u00a0Inversi\u00f3n<\/h4>\n<p>Proceso de 4 sesiones de coaching $490 USD<\/p>\n<p>(Nota) El valor antes se\u00f1alado aplica unicamente para pago anticipado de las 5 sesiones. Si se paga cada sesi\u00f3n por separado, la sesi\u00f3n presencial tiene un costo de $120 USD<\/p>\n<h3>M\u00d3DULO 2.En este m\u00f3dulo profundizaremos en las siguientes \u00e1reas de tu vida<\/h3>\n<ul>\n<li>Pareja \/ estar sin pareja<\/li>\n<li>Dinero\/ Finanzas<\/li>\n<\/ul>\n<h4>Inversi\u00f3n<\/h4>\n<p>Proceso de 4 sesiones de coaching $490 USD<\/p>\n<p>(Nota) El valor antes se\u00f1alado aplica unicamente para pago anticipado de las 5 sesiones. Si se paga cada sesi\u00f3n por separado, la sesi\u00f3n presencial tiene un costo de $120 USD<\/p>\n<h3><\/h3>\n<h3>M\u00d3DULO 3.En este m\u00f3dulo profundizaremos en las siguientes \u00e1reas de tu vida<\/h3>\n<ul>\n<li>Salud \/Cuerpo F\u00edsico<\/li>\n<li>Espiritualidad<\/li>\n<\/ul>\n<h4>Inversi\u00f3n<\/h4>\n<p>Proceso de 4 sesiones de coaching $490 USD<\/p>\n<p>(Nota) El valor antes se\u00f1alado aplica unicamente para pago anticipado de las 5 sesiones. Si se paga cada sesi\u00f3n por separado, la sesi\u00f3n presencial tiene un costo de $120 USD<\/p>\n<h3>M\u00d3DULO 4.En este m\u00f3dulo profundizaremos en las siguientes \u00e1reas de tu vida<\/h3>\n<ul>\n<li>Comunidad<\/li>\n<li>Recreaci\u00f3n<\/li>\n<\/ul>\n<h4>Inversi\u00f3n<\/h4>\n<p>Proceso Presencial de 4 sesiones de coaching $490 USD<\/p>\n<p>(Nota) El valor antes se\u00f1alado aplica unicamente para pago anticipado de las 5 sesiones. Si se paga cada sesi\u00f3n por separado, la sesi\u00f3n presencial tiene un costo de $120 USD<\/p>\n<h3>\u00bfTienes preguntas o inquietudes?<\/h3>\n<p>Si deseas m\u00e1s\u00a0informaci\u00f3n sobre sobre los programas de coaching escr\u00edbeme a: <a href=\"mailto:info@nicolasmanotas.com\">info@nicolasmanotas.com<\/a><\/p>\n","protected":false},"excerpt":{"rendered":"<p>&#8211; Proceso de coaching integral &#8211; Vivir plenamente es cuesti\u00f3n de balance. Equivocadamente tenemos la creencia de pensar que no es posible tenerlo todo y que para que un \u00e1rea de nuestras vidas est\u00e9 bien otras tienen que estar mal. Un ejemplo de esto ser\u00eda aquellas personas que profesionalmente son muy exitosas pero que sus [&hellip;]<\/p>\n","protected":false},"author":1,"featured_media":0,"parent":0,"menu_order":0,"comment_status":"closed","ping_status":"closed","template":"","meta":{"footnotes":""},"class_list":["post-114","page","type-page","status-publish","hentry"],"yoast_head":"<!-- This site is optimized with the Yoast SEO plugin v20.1 - https:\/\/yoast.com\/wordpress\/plugins\/seo\/ -->\n<title>Elevando la cometa de mi vida - Nicol\u00e1s Manotas<\/title>\n<meta name=\"robots\" content=\"index, follow, max-snippet:-1, max-image-preview:large, max-video-preview:-1\" \/>\n<link rel=\"canonical\" href=\"https:\/\/nicolasmanotas.com\/?page_id=114\" \/>\n<meta property=\"og:locale\" content=\"es_ES\" \/>\n<meta property=\"og:type\" content=\"article\" \/>\n<meta property=\"og:title\" content=\"Elevando la cometa de mi vida - Nicol\u00e1s Manotas\" \/>\n<meta property=\"og:description\" content=\"&#8211; Proceso de coaching integral &#8211; Vivir plenamente es cuesti\u00f3n de balance. Equivocadamente tenemos la creencia de pensar que no es posible tenerlo todo y que para que un \u00e1rea de nuestras vidas est\u00e9 bien otras tienen que estar mal. Un ejemplo de esto ser\u00eda aquellas personas que profesionalmente son muy exitosas pero que sus [&hellip;]\" \/>\n<meta property=\"og:url\" content=\"https:\/\/nicolasmanotas.com\/?page_id=114\" \/>\n<meta property=\"og:site_name\" content=\"Nicol\u00e1s Manotas\" \/>\n<meta property=\"article:modified_time\" content=\"2024-02-27T15:04:30+00:00\" \/>\n<meta property=\"og:image\" content=\"https:\/\/nicolasmanotas.com\/wp-content\/uploads\/2016\/02\/cometa-vida-3.jpg\" \/>\n<meta name=\"twitter:card\" content=\"summary_large_image\" \/>\n<meta name=\"twitter:label1\" content=\"Tiempo de lectura\" \/>\n\t<meta name=\"twitter:data1\" content=\"7 minutos\" \/>\n<script type=\"application\/ld+json\" class=\"yoast-schema-graph\">{\"@context\":\"https:\/\/schema.org\",\"@graph\":[{\"@type\":\"WebPage\",\"@id\":\"https:\/\/nicolasmanotas.com\/?page_id=114\",\"url\":\"https:\/\/nicolasmanotas.com\/?page_id=114\",\"name\":\"Elevando la cometa de mi vida - Nicol\u00e1s Manotas\",\"isPartOf\":{\"@id\":\"https:\/\/nicolasmanotas.com\/#website\"},\"datePublished\":\"2016-02-19T20:21:58+00:00\",\"dateModified\":\"2024-02-27T15:04:30+00:00\",\"inLanguage\":\"es\",\"potentialAction\":[{\"@type\":\"ReadAction\",\"target\":[\"https:\/\/nicolasmanotas.com\/?page_id=114\"]}]},{\"@type\":\"WebSite\",\"@id\":\"https:\/\/nicolasmanotas.com\/#website\",\"url\":\"https:\/\/nicolasmanotas.com\/\",\"name\":\"Nicol\u00e1s Manotas\",\"description\":\"\",\"potentialAction\":[{\"@type\":\"SearchAction\",\"target\":{\"@type\":\"EntryPoint\",\"urlTemplate\":\"https:\/\/nicolasmanotas.com\/?s={search_term_string}\"},\"query-input\":\"required name=search_term_string\"}],\"inLanguage\":\"es\"}]}<\/script>\n<!-- \/ Yoast SEO plugin. -->","yoast_head_json":{"title":"Elevando la cometa de mi vida - Nicol\u00e1s Manotas","robots":{"index":"index","follow":"follow","max-snippet":"max-snippet:-1","max-image-preview":"max-image-preview:large","max-video-preview":"max-video-preview:-1"},"canonical":"https:\/\/nicolasmanotas.com\/?page_id=114","og_locale":"es_ES","og_type":"article","og_title":"Elevando la cometa de mi vida - Nicol\u00e1s Manotas","og_description":"&#8211; Proceso de coaching integral &#8211; Vivir plenamente es cuesti\u00f3n de balance. Equivocadamente tenemos la creencia de pensar que no es posible tenerlo todo y que para que un \u00e1rea de nuestras vidas est\u00e9 bien otras tienen que estar mal. Un ejemplo de esto ser\u00eda aquellas personas que profesionalmente son muy exitosas pero que sus [&hellip;]","og_url":"https:\/\/nicolasmanotas.com\/?page_id=114","og_site_name":"Nicol\u00e1s Manotas","article_modified_time":"2024-02-27T15:04:30+00:00","og_image":[{"url":"https:\/\/nicolasmanotas.com\/wp-content\/uploads\/2016\/02\/cometa-vida-3.jpg"}],"twitter_card":"summary_large_image","twitter_misc":{"Tiempo de lectura":"7 minutos"},"schema":{"@context":"https:\/\/schema.org","@graph":[{"@type":"WebPage","@id":"https:\/\/nicolasmanotas.com\/?page_id=114","url":"https:\/\/nicolasmanotas.com\/?page_id=114","name":"Elevando la cometa de mi vida - Nicol\u00e1s Manotas","isPartOf":{"@id":"https:\/\/nicolasmanotas.com\/#website"},"datePublished":"2016-02-19T20:21:58+00:00","dateModified":"2024-02-27T15:04:30+00:00","inLanguage":"es","potentialAction":[{"@type":"ReadAction","target":["https:\/\/nicolasmanotas.com\/?page_id=114"]}]},{"@type":"WebSite","@id":"https:\/\/nicolasmanotas.com\/#website","url":"https:\/\/nicolasmanotas.com\/","name":"Nicol\u00e1s Manotas","description":"","potentialAction":[{"@type":"SearchAction","target":{"@type":"EntryPoint","urlTemplate":"https:\/\/nicolasmanotas.com\/?s={search_term_string}"},"query-input":"required name=search_term_string"}],"inLanguage":"es"}]}},"_links":{"self":[{"href":"https:\/\/nicolasmanotas.com\/index.php?rest_route=\/wp\/v2\/pages\/114","targetHints":{"allow":["GET"]}}],"collection":[{"href":"https:\/\/nicolasmanotas.com\/index.php?rest_route=\/wp\/v2\/pages"}],"about":[{"href":"https:\/\/nicolasmanotas.com\/index.php?rest_route=\/wp\/v2\/types\/page"}],"author":[{"embeddable":true,"href":"https:\/\/nicolasmanotas.com\/index.php?rest_route=\/wp\/v2\/users\/1"}],"replies":[{"embeddable":true,"href":"https:\/\/nicolasmanotas.com\/index.php?rest_route=%2Fwp%2Fv2%2Fcomments&post=114"}],"version-history":[{"count":7,"href":"https:\/\/nicolasmanotas.com\/index.php?rest_route=\/wp\/v2\/pages\/114\/revisions"}],"predecessor-version":[{"id":941,"href":"https:\/\/nicolasmanotas.com\/index.php?rest_route=\/wp\/v2\/pages\/114\/revisions\/941"}],"wp:attachment":[{"href":"https:\/\/nicolasmanotas.com\/index.php?rest_route=%2Fwp%2Fv2%2Fmedia&parent=114"}],"curies":[{"name":"wp","href":"https:\/\/api.w.org\/{rel}","templated":true}]}}