{"id":119,"date":"2016-04-20T13:31:52","date_gmt":"2016-04-20T13:31:52","guid":{"rendered":"https:\/\/sauces.digisap.com\/?page_id=2679"},"modified":"2024-02-27T01:31:24","modified_gmt":"2024-02-27T01:31:24","slug":"beneficios-del-coaching","status":"publish","type":"page","link":"https:\/\/nicolasmanotas.com\/?page_id=119","title":{"rendered":"Beneficios del coaching"},"content":{"rendered":"\t\t<div data-elementor-type=\"wp-page\" data-elementor-id=\"119\" class=\"elementor elementor-119\">\n\t\t\t\t\t\t\t\t\t<section class=\"elementor-section elementor-top-section elementor-element elementor-element-66a672c1 elementor-section-boxed elementor-section-height-default elementor-section-height-default\" data-id=\"66a672c1\" data-element_type=\"section\">\n\t\t\t\t\t\t<div class=\"elementor-container elementor-column-gap-default\">\n\t\t\t\t\t<div class=\"elementor-column elementor-col-100 elementor-top-column elementor-element elementor-element-26fd3f99\" data-id=\"26fd3f99\" data-element_type=\"column\">\n\t\t\t<div class=\"elementor-widget-wrap elementor-element-populated\">\n\t\t\t\t\t\t\t\t<div class=\"elementor-element elementor-element-1ecf33fe elementor-widget elementor-widget-text-editor\" data-id=\"1ecf33fe\" data-element_type=\"widget\" data-widget_type=\"text-editor.default\">\n\t\t\t\t<div class=\"elementor-widget-container\">\n\t\t\t<style>\/*! elementor - v3.11.0 - 13-02-2023 *\/\n.elementor-widget-text-editor.elementor-drop-cap-view-stacked .elementor-drop-cap{background-color:#818a91;color:#fff}.elementor-widget-text-editor.elementor-drop-cap-view-framed .elementor-drop-cap{color:#818a91;border:3px solid;background-color:transparent}.elementor-widget-text-editor:not(.elementor-drop-cap-view-default) .elementor-drop-cap{margin-top:8px}.elementor-widget-text-editor:not(.elementor-drop-cap-view-default) .elementor-drop-cap-letter{width:1em;height:1em}.elementor-widget-text-editor .elementor-drop-cap{float:left;text-align:center;line-height:1;font-size:50px}.elementor-widget-text-editor .elementor-drop-cap-letter{display:inline-block}<\/style>\t\t\t\t<strong style=\"text-align: justify; line-height: 1.5;\"><u>Espacios de aprendizaje de un proceso de Coaching:<\/u><\/strong>\n\n<a href=\"https:\/\/nicolasmanotas.com\/wp-content\/uploads\/2016\/03\/life-coaching-2.jpg\"><img loading=\"lazy\" decoding=\"async\" class=\"aligncenter size-large wp-image-2616\" src=\"https:\/\/nicolasmanotas.com\/wp-content\/uploads\/2016\/03\/life-coaching-2-1024x678.jpg\" alt=\"life-coaching-2\" width=\"604\" height=\"400\" \/><\/a>\n\nDependiendo de lo que se trabajemos en tu proceso, estos son algunos de los espacios de aprendizaje que puedes obtener:\n<ul>\n \t<li>Retar\u00e1s tus creencias limitantes para salir de tu zona de confort<\/li>\n<\/ul>\n<ul>\n \t<li>Comenzaras a ver el mundo desde otra perspectiva y con ellos podr\u00e1s tomar acciones que te lleven a resultados distintos<\/li>\n<\/ul>\n<ul>\n \t<li>Generar\u00e1s conciencia del estado actual de las distintas \u00e1reas de tu vida como lo son: Familia, 2.Relaciones personales, 3.Pareja, 4.Dinero\/ Finanzas, 5.Salud \/ Cuerpo F\u00edsico, 6.Comunidad, 7.Espiritualidad, 8.Trabajo\/ estudios \/ profesi\u00f3n, 9.Recreaci\u00f3n; estableciendo planes concretos para cambiar, organizar o mejorar dichas \u00e1reas con el objetivo de generar un balance en tu vida.<\/li>\n<\/ul>\n<ul>\n \t<li>Ser\u00e1s impecable con tu palabra. Aprender a comprometerte contigo y con otros para la ejecuci\u00f3n de acciones<\/li>\n<\/ul>\n<ul>\n \t<li>Comprender\u00e1s que existen distintos puntos de vista y aprender a aceptar que todas las personas ven el mundo desde una perspectiva distinta, lo cual permite mayor apertura y flexibilidad en el diario vivir.<\/li>\n<\/ul>\n<ul>\n \t<li>Te conectar\u00e1s con tus emociones y aprender\u00e1s a escuchar el mensaje que cada una de estas trae para tu vida. Entender\u00e1s que no hay emociones buenas o malas sino que cada emoci\u00f3n tiene luces y sombras y por ello importancia de vivir plenamente cada una de las emociones.<\/li>\n<\/ul>\n<ul>\n \t<li>Aprender\u00e1s a realizar ejercicios de respiraci\u00f3n que te permitir\u00e1n centrar tu mente y encontrar tranquilidad y paz interior.<\/li>\n<\/ul>\n<ul>\n \t<li>Dejar\u00e1s de victimizarte aprendiendo a perdonar a otros, pedir perd\u00f3n y perdonarte a ti mismo.<\/li>\n<\/ul>\n<ul>\n \t<li>Te har\u00e1s responsable de todo aquello que has venido ignorando y que buscabas que otros se hicieran cargo.<\/li>\n<\/ul>\n<ul>\n \t<li>Desde la compasi\u00f3n comenzar\u00e1s a reconocerte y valorarte por el incre\u00edble ser humano que eres.<\/li>\n<\/ul>\n<ul>\n \t<li>Reafirmar\u00e1s que la felicidad surge de ti y no de las circunstancias que te rodean<\/li>\n<\/ul>\n<ul>\n \t<li>Realizar\u00e1s declaraciones enfocadas a abrir puertas en lugar de cerrarlas<\/li>\n<\/ul>\n<ul>\n \t<li>Mejorar\u00e1s la forma en la que te comunicas y relacionas con otros<\/li>\n<\/ul>\n<ul>\n \t<li>Te conectaras con tu ni\u00f1o interior y descubrir\u00e1s como aprender de \u00e9l.<\/li>\n<\/ul>\n<ul>\n \t<li>Comenzar\u00e1s a llevar la vida con mayor liviandad.<\/li>\n \t<li>Establecer\u00e1s rutinas y h\u00e1bitos que te permitir\u00e1n alcanzar tus objetivos<\/li>\n \t<li>Realizar\u00e1s declaraciones de prop\u00f3sitos espec\u00edficos y realizables en periodos a corto, mediano y largo plazo.<\/li>\n<\/ul>\t\t\t\t\t\t<\/div>\n\t\t\t\t<\/div>\n\t\t\t\t\t<\/div>\n\t\t<\/div>\n\t\t\t\t\t\t\t<\/div>\n\t\t<\/section>\n\t\t\t\t\t\t\t<\/div>\n\t\t","protected":false},"excerpt":{"rendered":"<p>Espacios de aprendizaje de un proceso de Coaching: Dependiendo de lo que se trabajemos en tu proceso, estos son algunos de los espacios de aprendizaje que puedes obtener: Retar\u00e1s tus creencias limitantes para salir de tu zona de confort Comenzaras a ver el mundo desde otra perspectiva y con ellos podr\u00e1s tomar acciones que te [&hellip;]<\/p>\n","protected":false},"author":1,"featured_media":0,"parent":0,"menu_order":0,"comment_status":"closed","ping_status":"closed","template":"","meta":{"footnotes":""},"class_list":["post-119","page","type-page","status-publish","hentry"],"yoast_head":"<!-- This site is optimized with the Yoast SEO plugin v20.1 - https:\/\/yoast.com\/wordpress\/plugins\/seo\/ -->\n<title>Beneficios del coaching - Nicol\u00e1s Manotas<\/title>\n<meta name=\"robots\" content=\"index, follow, max-snippet:-1, max-image-preview:large, max-video-preview:-1\" \/>\n<link rel=\"canonical\" href=\"https:\/\/nicolasmanotas.com\/?page_id=119\" \/>\n<meta property=\"og:locale\" content=\"es_ES\" \/>\n<meta property=\"og:type\" content=\"article\" \/>\n<meta property=\"og:title\" content=\"Beneficios del coaching - Nicol\u00e1s Manotas\" \/>\n<meta property=\"og:description\" content=\"Espacios de aprendizaje de un proceso de Coaching: Dependiendo de lo que se trabajemos en tu proceso, estos son algunos de los espacios de aprendizaje que puedes obtener: Retar\u00e1s tus creencias limitantes para salir de tu zona de confort Comenzaras a ver el mundo desde otra perspectiva y con ellos podr\u00e1s tomar acciones que te [&hellip;]\" \/>\n<meta property=\"og:url\" content=\"https:\/\/nicolasmanotas.com\/?page_id=119\" \/>\n<meta property=\"og:site_name\" content=\"Nicol\u00e1s Manotas\" \/>\n<meta property=\"article:modified_time\" content=\"2024-02-27T01:31:24+00:00\" \/>\n<meta property=\"og:image\" content=\"https:\/\/nicolasmanotas.com\/wp-content\/uploads\/2016\/03\/life-coaching-2-1024x678.jpg\" \/>\n<meta name=\"twitter:card\" content=\"summary_large_image\" \/>\n<meta name=\"twitter:label1\" content=\"Tiempo de lectura\" \/>\n\t<meta name=\"twitter:data1\" content=\"2 minutos\" \/>\n<script type=\"application\/ld+json\" class=\"yoast-schema-graph\">{\"@context\":\"https:\/\/schema.org\",\"@graph\":[{\"@type\":\"WebPage\",\"@id\":\"https:\/\/nicolasmanotas.com\/?page_id=119\",\"url\":\"https:\/\/nicolasmanotas.com\/?page_id=119\",\"name\":\"Beneficios del coaching - Nicol\u00e1s Manotas\",\"isPartOf\":{\"@id\":\"https:\/\/nicolasmanotas.com\/#website\"},\"datePublished\":\"2016-04-20T13:31:52+00:00\",\"dateModified\":\"2024-02-27T01:31:24+00:00\",\"inLanguage\":\"es\",\"potentialAction\":[{\"@type\":\"ReadAction\",\"target\":[\"https:\/\/nicolasmanotas.com\/?page_id=119\"]}]},{\"@type\":\"WebSite\",\"@id\":\"https:\/\/nicolasmanotas.com\/#website\",\"url\":\"https:\/\/nicolasmanotas.com\/\",\"name\":\"Nicol\u00e1s Manotas\",\"description\":\"\",\"potentialAction\":[{\"@type\":\"SearchAction\",\"target\":{\"@type\":\"EntryPoint\",\"urlTemplate\":\"https:\/\/nicolasmanotas.com\/?s={search_term_string}\"},\"query-input\":\"required name=search_term_string\"}],\"inLanguage\":\"es\"}]}<\/script>\n<!-- \/ Yoast SEO plugin. -->","yoast_head_json":{"title":"Beneficios del coaching - Nicol\u00e1s Manotas","robots":{"index":"index","follow":"follow","max-snippet":"max-snippet:-1","max-image-preview":"max-image-preview:large","max-video-preview":"max-video-preview:-1"},"canonical":"https:\/\/nicolasmanotas.com\/?page_id=119","og_locale":"es_ES","og_type":"article","og_title":"Beneficios del coaching - Nicol\u00e1s Manotas","og_description":"Espacios de aprendizaje de un proceso de Coaching: Dependiendo de lo que se trabajemos en tu proceso, estos son algunos de los espacios de aprendizaje que puedes obtener: Retar\u00e1s tus creencias limitantes para salir de tu zona de confort Comenzaras a ver el mundo desde otra perspectiva y con ellos podr\u00e1s tomar acciones que te [&hellip;]","og_url":"https:\/\/nicolasmanotas.com\/?page_id=119","og_site_name":"Nicol\u00e1s Manotas","article_modified_time":"2024-02-27T01:31:24+00:00","og_image":[{"url":"https:\/\/nicolasmanotas.com\/wp-content\/uploads\/2016\/03\/life-coaching-2-1024x678.jpg"}],"twitter_card":"summary_large_image","twitter_misc":{"Tiempo de lectura":"2 minutos"},"schema":{"@context":"https:\/\/schema.org","@graph":[{"@type":"WebPage","@id":"https:\/\/nicolasmanotas.com\/?page_id=119","url":"https:\/\/nicolasmanotas.com\/?page_id=119","name":"Beneficios del coaching - Nicol\u00e1s Manotas","isPartOf":{"@id":"https:\/\/nicolasmanotas.com\/#website"},"datePublished":"2016-04-20T13:31:52+00:00","dateModified":"2024-02-27T01:31:24+00:00","inLanguage":"es","potentialAction":[{"@type":"ReadAction","target":["https:\/\/nicolasmanotas.com\/?page_id=119"]}]},{"@type":"WebSite","@id":"https:\/\/nicolasmanotas.com\/#website","url":"https:\/\/nicolasmanotas.com\/","name":"Nicol\u00e1s Manotas","description":"","potentialAction":[{"@type":"SearchAction","target":{"@type":"EntryPoint","urlTemplate":"https:\/\/nicolasmanotas.com\/?s={search_term_string}"},"query-input":"required name=search_term_string"}],"inLanguage":"es"}]}},"_links":{"self":[{"href":"https:\/\/nicolasmanotas.com\/index.php?rest_route=\/wp\/v2\/pages\/119","targetHints":{"allow":["GET"]}}],"collection":[{"href":"https:\/\/nicolasmanotas.com\/index.php?rest_route=\/wp\/v2\/pages"}],"about":[{"href":"https:\/\/nicolasmanotas.com\/index.php?rest_route=\/wp\/v2\/types\/page"}],"author":[{"embeddable":true,"href":"https:\/\/nicolasmanotas.com\/index.php?rest_route=\/wp\/v2\/users\/1"}],"replies":[{"embeddable":true,"href":"https:\/\/nicolasmanotas.com\/index.php?rest_route=%2Fwp%2Fv2%2Fcomments&post=119"}],"version-history":[{"count":6,"href":"https:\/\/nicolasmanotas.com\/index.php?rest_route=\/wp\/v2\/pages\/119\/revisions"}],"predecessor-version":[{"id":903,"href":"https:\/\/nicolasmanotas.com\/index.php?rest_route=\/wp\/v2\/pages\/119\/revisions\/903"}],"wp:attachment":[{"href":"https:\/\/nicolasmanotas.com\/index.php?rest_route=%2Fwp%2Fv2%2Fmedia&parent=119"}],"curies":[{"name":"wp","href":"https:\/\/api.w.org\/{rel}","templated":true}]}}