{"id":121,"date":"2016-08-17T13:48:24","date_gmt":"2016-08-17T13:48:24","guid":{"rendered":"https:\/\/sauces.digisap.com\/es\/?page_id=2865"},"modified":"2024-02-27T15:33:00","modified_gmt":"2024-02-27T15:33:00","slug":"coaching-para-parejas","status":"publish","type":"page","link":"https:\/\/nicolasmanotas.com\/?page_id=121","title":{"rendered":"Coaching para parejas"},"content":{"rendered":"<p><a href=\"https:\/\/nicolasmanotas.com\/wp-content\/uploads\/2016\/08\/couple-fighting-on-couch.jpg\"><img loading=\"lazy\" decoding=\"async\" class=\"wp-image-2933 alignnone\" src=\"https:\/\/nicolasmanotas.com\/wp-content\/uploads\/2016\/08\/couple-fighting-on-couch.jpg\" width=\"552\" height=\"367\" \/><\/a>\u00a0\u00a0<img loading=\"lazy\" decoding=\"async\" class=\"wp-image-2862 alignnone\" src=\"https:\/\/nicolasmanotas.com\/wp-content\/uploads\/2016\/08\/pexels-photo-2-1024x683.jpg\" alt=\"Portrait Of Loving African American Couple In Countryside\" width=\"550\" height=\"367\" \/><\/p>\n<p style=\"text-align: justify;\">Las relaciones personales son complejas, hay muchas circunstancias que dependen del d\u00eda a d\u00eda y exige de las parejas compasi\u00f3n para entender los puntos de vista del otro y capacidad de redise\u00f1o constante. \u00a0No tener las herramientas adecuadas para una comunicaci\u00f3n efectiva hace que se generen conflictos innecesarios y sufrimiento en lugar de felicidad, tranquilidad y conexi\u00f3n.<\/p>\n<p style=\"text-align: justify;\">Si bien hace m\u00e1s de 30 a\u00f1os se consideraba que las relaciones de pareja eran m\u00e1s \u00abs\u00f3lidas\u00bb y duraderas, la raz\u00f3n principal no es porque fueran m\u00e1s estables y con mejor comunicaci\u00f3n (aunque claro que si hab\u00eda muchos casos en los que s\u00ed). Tristemente en el pasado se callaban muchas cosas y la sociedad era muy permisiva lo cual llev\u00f3 a que parejas \u201cconvivieran\u201d infelizmente por muchos a\u00f1os.<\/p>\n<p style=\"text-align: justify;\">Vivimos en un mundo en el cual despersonalizamos cada d\u00eda m\u00e1s las relaciones personales, donde \u201cel asumir\u201d y el \u201cinterpretar\u201d se convirti\u00f3 en una dosis diaria que nos lleva a malos entendidos, reproches y sufrimiento. Nos cuesta trabajo pedir de una manera clara y directa; decir NO, es un derecho que muchas veces no sabemos ejercer, y vivimos como realidades absolutas creencias que hemos desarrollado sobre otros y sobre nosotros mismos que nos cierran\u00a0posibilidades.<\/p>\n<p style=\"text-align: justify;\">El prop\u00f3sito de este programa es apoyar a las parejas a generar una comunicaci\u00f3n efectiva, aprender a escuchar al otro m\u00e1s all\u00e1 de la literalidad de las palabras, aprender interpretar y escuchar el cuerpo, profundizar en las emociones, generar acuerdos, cumplir la palabra y realizar reclamos oportunos.<\/p>\n<p style=\"text-align: justify;\">El programa es compuesto por 6 sesiones de coaching donde cada persona tendr\u00e1 dos sesiones individuales personalizadas y luego habr\u00e1 dos sesiones conjuntas para la pareja.<\/p>\n<h3 style=\"text-align: justify;\"><strong>\u00bfA qui\u00e9n est\u00e1 dirigido?<\/strong><\/h3>\n<ol>\n<li style=\"list-style-type: none;\">\n<ol>\n<li style=\"text-align: justify;\">A aquellas parejas que se encuentran en constante conflicto y sienten que sin importar lo que hagan, su relaci\u00f3n est\u00e1 empeorando llev\u00e1ndolos al borde de la separaci\u00f3n.<\/li>\n<\/ol>\n<\/li>\n<li style=\"text-align: justify;\">A aquellas parejas que quieren iniciar de manera conjunta un proceso de crecimiento personal que les permita mejorar la comunicaci\u00f3n y fortalecer sus lazos<\/li>\n<\/ol>\n<h3 style=\"text-align: justify;\">Este programa \u00a0tiene como prop\u00f3sito apoyarte a:<img loading=\"lazy\" decoding=\"async\" class=\"alignleft wp-image-2395\" src=\"https:\/\/nicolasmanotas.com\/wp-content\/uploads\/2016\/08\/mejorar_pareja2.jpg\" alt=\"Depositphotos_13192121_original-768x489\" width=\"672\" height=\"428\" \/><\/h3>\n<ul>\n<li>Retar y romper creencias limitantes.<\/li>\n<li>Ser sinceros y honestos.<\/li>\n<li>Comprender la perspectiva del otro desde un punto de vista que abra posibilidades.<\/li>\n<li>Generar una comunicaci\u00f3n efectiva.<\/li>\n<li>Fortalecer los lazos.<\/li>\n<li>Generar un balance entre las distintas \u00e1reas de tu vida, entendiendo que una no puede ni debe funcionar sin las dem\u00e1s.<\/li>\n<li>Perdonar, perdonarse y ser perdonados sanar situaciones que no les permite avanzar como pareja.<\/li>\n<li>Generar acuerdos claros, expresos y exigibles.<\/li>\n<li>Realizar reclamos oportunos<\/li>\n<li>Empoderarlos a tomar acciones que los lleven a resultados distintos y concretos.<\/li>\n<\/ul>\n<h3><strong>En este programa atravesar\u00e1s 3 etapas:<\/strong><\/h3>\n<ol style=\"text-align: justify;\">\n<li><strong>Introspecci\u00f3n<\/strong>: Cada persona recibir\u00e1 dos sesiones de coaching uno a uno de aproximadamente 2 horas cada sesi\u00f3n. Se trabajar\u00e1 con el cliente para hacer una introspecci\u00f3n de s\u00ed mismo donde aprender\u00e1 a identificar las interpretaciones que les da a los distintos hechos que acontecen en la din\u00e1mica de pareja y la forma en la que se est\u00e1 comunicando.<\/li>\n<\/ol>\n<ol style=\"text-align: justify;\" start=\"2\">\n<li><strong>Conciencia:<\/strong> Despu\u00e9s de haber trabajado individualmente con cada persona se realizar\u00e1 la primera sesi\u00f3n conjunta que podr\u00e1 durar alrededor de 3 horas. En esta sesi\u00f3n se realizar\u00e1n ejercicios y din\u00e1micas de pareja que fomenten el aprendizaje y una comunicaci\u00f3n efectiva. La pareja generar\u00e1 conciencia de la forma en la que piensa y comenzar\u00e1 a ver y entender aspectos que antes no percib\u00edas y que siempre estuvieron presentes.<\/li>\n<\/ol>\n<ol style=\"text-align: justify;\" start=\"3\">\n<li><strong>El construir<\/strong>: La \u00faltima etapa se cierra con una sesi\u00f3n conjunta de aproximadamente 3 horas donde se continuar\u00e1 din\u00e1micas y ejercicios que permitir\u00e1 a cada persona reconocer a su pareja desde la grandeza y se profundizar\u00e1 en la creaci\u00f3n de nuevos acuerdos. Una vez generada una nueva conciencia y acuerdos claros, entablaremos un plan de acci\u00f3n que refuerce los aprendizajes obtenidos durante el programa con miras a obtener resultados distintos sostenibles en el tiempo.<\/li>\n<\/ol>\n<p><img loading=\"lazy\" decoding=\"async\" class=\"aligncenter wp-image-2326\" src=\"https:\/\/nicolasmanotas.com\/wp-content\/uploads\/2016\/09\/pareja.jpg\" alt=\"Depositphotos_11054879_original-370x245\" width=\"550\" height=\"800\" \/><\/p>\n<h3>Duraci\u00f3n del programa:<\/h3>\n<ul>\n<li>2 meses (dependiendo de la disponibilidad de tiempo del cliente se puede hacer en un mes)<\/li>\n<\/ul>\n<h3>INVERSI\u00d3N DEL PROGRAMA:<\/h3>\n<ul>\n<li>Proceso de 6 sesiones de coaching $590 USD*<\/li>\n<\/ul>\n<p>*(Nota) El valor antes se\u00f1alado aplica \u00fanicamente para pago anticipado de las 6 sesiones. Si se paga cada sesi\u00f3n por separado, la sesi\u00f3n tiene un costo de $120 USD<\/p>\n<h3>\u00bfTIENES PREGUNTAS O INQUIETUDES?<\/h3>\n<p>Si deseas m\u00e1s\u00a0informaci\u00f3n sobre sobre los programas de coaching escribeme a: <a href=\"mailto:info@nicolasmanotas.com\">info@nicolasmanotas.com<\/a><\/p>\n<ol>\n<li style=\"list-style-type: none;\"><\/li>\n<\/ol>\n","protected":false},"excerpt":{"rendered":"<p>\u00a0\u00a0 Las relaciones personales son complejas, hay muchas circunstancias que dependen del d\u00eda a d\u00eda y exige de las parejas compasi\u00f3n para entender los puntos de vista del otro y capacidad de redise\u00f1o constante. \u00a0No tener las herramientas adecuadas para una comunicaci\u00f3n efectiva hace que se generen conflictos innecesarios y sufrimiento en lugar de felicidad, [&hellip;]<\/p>\n","protected":false},"author":1,"featured_media":0,"parent":0,"menu_order":0,"comment_status":"closed","ping_status":"closed","template":"","meta":{"footnotes":""},"class_list":["post-121","page","type-page","status-publish","hentry"],"yoast_head":"<!-- This site is optimized with the Yoast SEO plugin v20.1 - https:\/\/yoast.com\/wordpress\/plugins\/seo\/ -->\n<title>Coaching para parejas - Nicol\u00e1s Manotas<\/title>\n<meta name=\"robots\" content=\"index, follow, max-snippet:-1, max-image-preview:large, max-video-preview:-1\" \/>\n<link rel=\"canonical\" href=\"https:\/\/nicolasmanotas.com\/?page_id=121\" \/>\n<meta property=\"og:locale\" content=\"es_ES\" \/>\n<meta property=\"og:type\" content=\"article\" \/>\n<meta property=\"og:title\" content=\"Coaching para parejas - Nicol\u00e1s Manotas\" \/>\n<meta property=\"og:description\" content=\"\u00a0\u00a0 Las relaciones personales son complejas, hay muchas circunstancias que dependen del d\u00eda a d\u00eda y exige de las parejas compasi\u00f3n para entender los puntos de vista del otro y capacidad de redise\u00f1o constante. \u00a0No tener las herramientas adecuadas para una comunicaci\u00f3n efectiva hace que se generen conflictos innecesarios y sufrimiento en lugar de felicidad, [&hellip;]\" \/>\n<meta property=\"og:url\" content=\"https:\/\/nicolasmanotas.com\/?page_id=121\" \/>\n<meta property=\"og:site_name\" content=\"Nicol\u00e1s Manotas\" \/>\n<meta property=\"article:modified_time\" content=\"2024-02-27T15:33:00+00:00\" \/>\n<meta property=\"og:image\" content=\"https:\/\/nicolasmanotas.com\/wp-content\/uploads\/2016\/08\/couple-fighting-on-couch.jpg\" \/>\n<meta name=\"twitter:card\" content=\"summary_large_image\" \/>\n<meta name=\"twitter:label1\" content=\"Tiempo de lectura\" \/>\n\t<meta name=\"twitter:data1\" content=\"5 minutos\" \/>\n<script type=\"application\/ld+json\" class=\"yoast-schema-graph\">{\"@context\":\"https:\/\/schema.org\",\"@graph\":[{\"@type\":\"WebPage\",\"@id\":\"https:\/\/nicolasmanotas.com\/?page_id=121\",\"url\":\"https:\/\/nicolasmanotas.com\/?page_id=121\",\"name\":\"Coaching para parejas - Nicol\u00e1s Manotas\",\"isPartOf\":{\"@id\":\"https:\/\/nicolasmanotas.com\/#website\"},\"datePublished\":\"2016-08-17T13:48:24+00:00\",\"dateModified\":\"2024-02-27T15:33:00+00:00\",\"inLanguage\":\"es\",\"potentialAction\":[{\"@type\":\"ReadAction\",\"target\":[\"https:\/\/nicolasmanotas.com\/?page_id=121\"]}]},{\"@type\":\"WebSite\",\"@id\":\"https:\/\/nicolasmanotas.com\/#website\",\"url\":\"https:\/\/nicolasmanotas.com\/\",\"name\":\"Nicol\u00e1s Manotas\",\"description\":\"\",\"potentialAction\":[{\"@type\":\"SearchAction\",\"target\":{\"@type\":\"EntryPoint\",\"urlTemplate\":\"https:\/\/nicolasmanotas.com\/?s={search_term_string}\"},\"query-input\":\"required name=search_term_string\"}],\"inLanguage\":\"es\"}]}<\/script>\n<!-- \/ Yoast SEO plugin. -->","yoast_head_json":{"title":"Coaching para parejas - Nicol\u00e1s Manotas","robots":{"index":"index","follow":"follow","max-snippet":"max-snippet:-1","max-image-preview":"max-image-preview:large","max-video-preview":"max-video-preview:-1"},"canonical":"https:\/\/nicolasmanotas.com\/?page_id=121","og_locale":"es_ES","og_type":"article","og_title":"Coaching para parejas - Nicol\u00e1s Manotas","og_description":"\u00a0\u00a0 Las relaciones personales son complejas, hay muchas circunstancias que dependen del d\u00eda a d\u00eda y exige de las parejas compasi\u00f3n para entender los puntos de vista del otro y capacidad de redise\u00f1o constante. \u00a0No tener las herramientas adecuadas para una comunicaci\u00f3n efectiva hace que se generen conflictos innecesarios y sufrimiento en lugar de felicidad, [&hellip;]","og_url":"https:\/\/nicolasmanotas.com\/?page_id=121","og_site_name":"Nicol\u00e1s Manotas","article_modified_time":"2024-02-27T15:33:00+00:00","og_image":[{"url":"https:\/\/nicolasmanotas.com\/wp-content\/uploads\/2016\/08\/couple-fighting-on-couch.jpg"}],"twitter_card":"summary_large_image","twitter_misc":{"Tiempo de lectura":"5 minutos"},"schema":{"@context":"https:\/\/schema.org","@graph":[{"@type":"WebPage","@id":"https:\/\/nicolasmanotas.com\/?page_id=121","url":"https:\/\/nicolasmanotas.com\/?page_id=121","name":"Coaching para parejas - Nicol\u00e1s Manotas","isPartOf":{"@id":"https:\/\/nicolasmanotas.com\/#website"},"datePublished":"2016-08-17T13:48:24+00:00","dateModified":"2024-02-27T15:33:00+00:00","inLanguage":"es","potentialAction":[{"@type":"ReadAction","target":["https:\/\/nicolasmanotas.com\/?page_id=121"]}]},{"@type":"WebSite","@id":"https:\/\/nicolasmanotas.com\/#website","url":"https:\/\/nicolasmanotas.com\/","name":"Nicol\u00e1s Manotas","description":"","potentialAction":[{"@type":"SearchAction","target":{"@type":"EntryPoint","urlTemplate":"https:\/\/nicolasmanotas.com\/?s={search_term_string}"},"query-input":"required name=search_term_string"}],"inLanguage":"es"}]}},"_links":{"self":[{"href":"https:\/\/nicolasmanotas.com\/index.php?rest_route=\/wp\/v2\/pages\/121","targetHints":{"allow":["GET"]}}],"collection":[{"href":"https:\/\/nicolasmanotas.com\/index.php?rest_route=\/wp\/v2\/pages"}],"about":[{"href":"https:\/\/nicolasmanotas.com\/index.php?rest_route=\/wp\/v2\/types\/page"}],"author":[{"embeddable":true,"href":"https:\/\/nicolasmanotas.com\/index.php?rest_route=\/wp\/v2\/users\/1"}],"replies":[{"embeddable":true,"href":"https:\/\/nicolasmanotas.com\/index.php?rest_route=%2Fwp%2Fv2%2Fcomments&post=121"}],"version-history":[{"count":7,"href":"https:\/\/nicolasmanotas.com\/index.php?rest_route=\/wp\/v2\/pages\/121\/revisions"}],"predecessor-version":[{"id":944,"href":"https:\/\/nicolasmanotas.com\/index.php?rest_route=\/wp\/v2\/pages\/121\/revisions\/944"}],"wp:attachment":[{"href":"https:\/\/nicolasmanotas.com\/index.php?rest_route=%2Fwp%2Fv2%2Fmedia&parent=121"}],"curies":[{"name":"wp","href":"https:\/\/api.w.org\/{rel}","templated":true}]}}