{"id":128,"date":"2016-04-20T13:35:55","date_gmt":"2016-04-20T13:35:55","guid":{"rendered":"https:\/\/sauces.digisap.com\/?page_id=2682"},"modified":"2024-02-27T01:29:52","modified_gmt":"2024-02-27T01:29:52","slug":"mi-historia","status":"publish","type":"page","link":"https:\/\/nicolasmanotas.com\/?page_id=128","title":{"rendered":"Mi historia"},"content":{"rendered":"\t\t<div data-elementor-type=\"wp-page\" data-elementor-id=\"128\" class=\"elementor elementor-128\">\n\t\t\t\t\t\t\t\t\t<section class=\"elementor-section elementor-top-section elementor-element elementor-element-2911a56 elementor-section-boxed elementor-section-height-default elementor-section-height-default\" data-id=\"2911a56\" data-element_type=\"section\">\n\t\t\t\t\t\t<div class=\"elementor-container elementor-column-gap-default\">\n\t\t\t\t\t<div class=\"elementor-column elementor-col-100 elementor-top-column elementor-element elementor-element-b72fbdd\" data-id=\"b72fbdd\" data-element_type=\"column\">\n\t\t\t<div class=\"elementor-widget-wrap elementor-element-populated\">\n\t\t\t\t\t\t\t\t<div class=\"elementor-element elementor-element-4ba97df2 elementor-widget elementor-widget-text-editor\" data-id=\"4ba97df2\" data-element_type=\"widget\" data-widget_type=\"text-editor.default\">\n\t\t\t\t<div class=\"elementor-widget-container\">\n\t\t\t<style>\/*! elementor - v3.11.0 - 13-02-2023 *\/\n.elementor-widget-text-editor.elementor-drop-cap-view-stacked .elementor-drop-cap{background-color:#818a91;color:#fff}.elementor-widget-text-editor.elementor-drop-cap-view-framed .elementor-drop-cap{color:#818a91;border:3px solid;background-color:transparent}.elementor-widget-text-editor:not(.elementor-drop-cap-view-default) .elementor-drop-cap{margin-top:8px}.elementor-widget-text-editor:not(.elementor-drop-cap-view-default) .elementor-drop-cap-letter{width:1em;height:1em}.elementor-widget-text-editor .elementor-drop-cap{float:left;text-align:center;line-height:1;font-size:50px}.elementor-widget-text-editor .elementor-drop-cap-letter{display:inline-block}<\/style>\t\t\t\t<p style=\"text-align: justify;\"><a href=\"https:\/\/nicolasmanotas.com\/wp-content\/uploads\/2016\/04\/23-2.jpg\"><img loading=\"lazy\" decoding=\"async\" class=\"aligncenter wp-image-2674 size-full\" src=\"https:\/\/nicolasmanotas.com\/wp-content\/uploads\/2016\/04\/23-2.jpg\" width=\"800\" height=\"782\" \/><\/a><\/p>\n<p style=\"text-align: justify;\">Me form\u00e9 como abogado con una especializaci\u00f3n en derecho comercial; lo que es interesante de esto, es que despu\u00e9s de pasar m\u00e1s de 7 a\u00f1os prepar\u00e1ndome como profesional trabaj\u00e9 menos de un a\u00f1o como abogado, dejando atr\u00e1s una tradici\u00f3n familiar de grandes juristas.<\/p>\n<p style=\"text-align: justify;\">Lo que sucedi\u00f3 fue que antes de terminar la universidad, comenc\u00e9 un negocio de vivienda ejecutiva y estudiantil debido a que buscaba la forma de aumentar mis ingresos para poder mantener una relaci\u00f3n a distancia que comenc\u00e9 en el a\u00f1o 2004 con la mujer que hoy en d\u00eda es mi esposa. Lo que nunca me imagin\u00e9, es que ese paso ser\u00eda el primero del camino de crecimiento personal que estaba por tomar.<\/p>\n<p style=\"text-align: justify;\">Con esa decisi\u00f3n hab\u00eda dejado atr\u00e1s una de las creencias m\u00e1s populares y esta era la que dec\u00eda que YO ten\u00eda que SER o dedicarme a lo que hab\u00eda estudiado. Al principio mi madre y algunos amigos trataron de persuadirme de esta decisi\u00f3n sugiri\u00e9ndome que me dedicara a ser abogado. Eventualmente, esta decisi\u00f3n de visualizarme en otro campo distinto a la carrera que hab\u00eda estudiado comenz\u00f3 a tener sus frutos y las cosas comenzaron a fluir. Esto me llev\u00f3 a\u00a0 continuar cuestionando otras creencias limitantes y a abrir nuevas puertas y con esto descubriendo un nuevo mundo de posibilidades.<\/p>\n<p style=\"text-align: justify;\">Si saberlo, en ese momento comenc\u00e9 un camino de autodescubrimiento el cual me llev\u00f3 a tomar talleres de crecimiento personal y trabajar con la comunidad.\u00a0 Eventualmente, el\u00a0siguiente paso me llev\u00f3 a certificarme en el a\u00f1o 2014 como Coach Ontol\u00f3gico en <a href=\"http:\/\/www.newfield.cl\/quienes-somos\/\"><strong><em>NEWFIELD NETWORK<\/em><\/strong><\/a> y como Life Coach asociado certificado por la <a href=\"http:\/\/www.coachfederation.org\/\" target=\"_blank\" rel=\"noopener\">INTERNATIONAL COACH FEDERATION (ICF)<\/a>. Desde entonces \u00faltimos a\u00f1os he estado al\u00a0servicio de otros, acompa\u00f1\u00e1ndolos a descubrir su mejor versi\u00f3n de s\u00ed mismos.<\/p>\n<p style=\"text-align: center;\"><a href=\"https:\/\/nicolasmanotas.com\/wp-content\/uploads\/2016\/04\/Certificacion-Coach-ICF-1.jpg\" target=\"_blank\" rel=\"noopener\"><img loading=\"lazy\" decoding=\"async\" class=\"aligncenter wp-image-2962\" src=\"https:\/\/nicolasmanotas.com\/wp-content\/uploads\/2016\/04\/Certificacion-Coach-ICF-1-1024x773.jpg\" alt=\"Certificacion Coach ICF\" width=\"600\" height=\"453\" \/><\/a><a href=\"http:\/\/coachfederation.org\/members\/landing.cfm?ItemNumber=863&amp;RDtoken=19394&amp;userID=\"><span style=\"text-decoration: underline;\">Certificaci\u00f3n Internacion Life Coach &#8211; ICF &#8211;<\/span><\/a><\/p>\n<p style=\"text-align: center;\"><a href=\"https:\/\/nicolasmanotas.com\/wp-content\/uploads\/2016\/04\/Certificacion-Newfield.jpg\" target=\"_blank\" rel=\"noopener\"><img loading=\"lazy\" decoding=\"async\" class=\"aligncenter wp-image-2965\" src=\"https:\/\/nicolasmanotas.com\/wp-content\/uploads\/2016\/04\/Certificacion-Newfield.jpg\" alt=\"Certificacion Newfield\" width=\"595\" height=\"465\" \/><\/a><span style=\"text-decoration: underline;\">Certificaci\u00f3n Life Coach Ontol\u00f3gico &#8211; Newfield Network &#8211;<\/span><\/p>\n\n<h2>\u00bfTienes dudas o preguntas? Escr\u00edbeme<\/h2>\n<p style=\"text-align: justify;\"><\/p>\t\t\t\t\t\t<\/div>\n\t\t\t\t<\/div>\n\t\t\t\t\t<\/div>\n\t\t<\/div>\n\t\t\t\t\t\t\t<\/div>\n\t\t<\/section>\n\t\t\t\t\t\t\t<\/div>\n\t\t","protected":false},"excerpt":{"rendered":"<p>Me form\u00e9 como abogado con una especializaci\u00f3n en derecho comercial; lo que es interesante de esto, es que despu\u00e9s de pasar m\u00e1s de 7 a\u00f1os prepar\u00e1ndome como profesional trabaj\u00e9 menos de un a\u00f1o como abogado, dejando atr\u00e1s una tradici\u00f3n familiar de grandes juristas. Lo que sucedi\u00f3 fue que antes de terminar la universidad, comenc\u00e9 un [&hellip;]<\/p>\n","protected":false},"author":1,"featured_media":0,"parent":0,"menu_order":0,"comment_status":"closed","ping_status":"closed","template":"","meta":{"footnotes":""},"class_list":["post-128","page","type-page","status-publish","hentry"],"yoast_head":"<!-- This site is optimized with the Yoast SEO plugin v20.1 - https:\/\/yoast.com\/wordpress\/plugins\/seo\/ -->\n<title>Mi historia - Nicolas Manotas Life Coach. Somos nuestras experiencias<\/title>\n<meta name=\"description\" content=\"{:es}Qui\u00e9nes somos depende de nuestras experiencias vividas, de nuestra historia. Los t\u00edtulos no nos definen, estos simplemente se\u00f1alan en lo que nos formamos. {:}\" \/>\n<meta name=\"robots\" content=\"index, follow, max-snippet:-1, max-image-preview:large, max-video-preview:-1\" \/>\n<link rel=\"canonical\" href=\"https:\/\/nicolasmanotas.com\/?page_id=128\" \/>\n<meta property=\"og:locale\" content=\"es_ES\" \/>\n<meta property=\"og:type\" content=\"article\" \/>\n<meta property=\"og:title\" content=\"Mi historia - Nicolas Manotas Life Coach. Somos nuestras experiencias\" \/>\n<meta property=\"og:description\" content=\"{:es}Qui\u00e9nes somos depende de nuestras experiencias vividas, de nuestra historia. Los t\u00edtulos no nos definen, estos simplemente se\u00f1alan en lo que nos formamos. {:}\" \/>\n<meta property=\"og:url\" content=\"https:\/\/nicolasmanotas.com\/?page_id=128\" \/>\n<meta property=\"og:site_name\" content=\"Nicol\u00e1s Manotas\" \/>\n<meta property=\"article:modified_time\" content=\"2024-02-27T01:29:52+00:00\" \/>\n<meta property=\"og:image\" content=\"https:\/\/nicolasmanotas.com\/wp-content\/uploads\/2016\/04\/23-2.jpg\" \/>\n<meta name=\"twitter:card\" content=\"summary_large_image\" \/>\n<meta name=\"twitter:label1\" content=\"Tiempo de lectura\" \/>\n\t<meta name=\"twitter:data1\" content=\"2 minutos\" \/>\n<script type=\"application\/ld+json\" class=\"yoast-schema-graph\">{\"@context\":\"https:\/\/schema.org\",\"@graph\":[{\"@type\":\"WebPage\",\"@id\":\"https:\/\/nicolasmanotas.com\/?page_id=128\",\"url\":\"https:\/\/nicolasmanotas.com\/?page_id=128\",\"name\":\"Mi historia - Nicolas Manotas Life Coach. Somos nuestras experiencias\",\"isPartOf\":{\"@id\":\"https:\/\/nicolasmanotas.com\/#website\"},\"datePublished\":\"2016-04-20T13:35:55+00:00\",\"dateModified\":\"2024-02-27T01:29:52+00:00\",\"description\":\"{:es}Qui\u00e9nes somos depende de nuestras experiencias vividas, de nuestra historia. Los t\u00edtulos no nos definen, estos simplemente se\u00f1alan en lo que nos formamos. {:}\",\"inLanguage\":\"es\",\"potentialAction\":[{\"@type\":\"ReadAction\",\"target\":[\"https:\/\/nicolasmanotas.com\/?page_id=128\"]}]},{\"@type\":\"WebSite\",\"@id\":\"https:\/\/nicolasmanotas.com\/#website\",\"url\":\"https:\/\/nicolasmanotas.com\/\",\"name\":\"Nicol\u00e1s Manotas\",\"description\":\"\",\"potentialAction\":[{\"@type\":\"SearchAction\",\"target\":{\"@type\":\"EntryPoint\",\"urlTemplate\":\"https:\/\/nicolasmanotas.com\/?s={search_term_string}\"},\"query-input\":\"required name=search_term_string\"}],\"inLanguage\":\"es\"}]}<\/script>\n<!-- \/ Yoast SEO plugin. -->","yoast_head_json":{"title":"Mi historia - Nicolas Manotas Life Coach. Somos nuestras experiencias","description":"{:es}Qui\u00e9nes somos depende de nuestras experiencias vividas, de nuestra historia. Los t\u00edtulos no nos definen, estos simplemente se\u00f1alan en lo que nos formamos. {:}","robots":{"index":"index","follow":"follow","max-snippet":"max-snippet:-1","max-image-preview":"max-image-preview:large","max-video-preview":"max-video-preview:-1"},"canonical":"https:\/\/nicolasmanotas.com\/?page_id=128","og_locale":"es_ES","og_type":"article","og_title":"Mi historia - Nicolas Manotas Life Coach. Somos nuestras experiencias","og_description":"{:es}Qui\u00e9nes somos depende de nuestras experiencias vividas, de nuestra historia. Los t\u00edtulos no nos definen, estos simplemente se\u00f1alan en lo que nos formamos. {:}","og_url":"https:\/\/nicolasmanotas.com\/?page_id=128","og_site_name":"Nicol\u00e1s Manotas","article_modified_time":"2024-02-27T01:29:52+00:00","og_image":[{"url":"https:\/\/nicolasmanotas.com\/wp-content\/uploads\/2016\/04\/23-2.jpg"}],"twitter_card":"summary_large_image","twitter_misc":{"Tiempo de lectura":"2 minutos"},"schema":{"@context":"https:\/\/schema.org","@graph":[{"@type":"WebPage","@id":"https:\/\/nicolasmanotas.com\/?page_id=128","url":"https:\/\/nicolasmanotas.com\/?page_id=128","name":"Mi historia - Nicolas Manotas Life Coach. Somos nuestras experiencias","isPartOf":{"@id":"https:\/\/nicolasmanotas.com\/#website"},"datePublished":"2016-04-20T13:35:55+00:00","dateModified":"2024-02-27T01:29:52+00:00","description":"{:es}Qui\u00e9nes somos depende de nuestras experiencias vividas, de nuestra historia. Los t\u00edtulos no nos definen, estos simplemente se\u00f1alan en lo que nos formamos. {:}","inLanguage":"es","potentialAction":[{"@type":"ReadAction","target":["https:\/\/nicolasmanotas.com\/?page_id=128"]}]},{"@type":"WebSite","@id":"https:\/\/nicolasmanotas.com\/#website","url":"https:\/\/nicolasmanotas.com\/","name":"Nicol\u00e1s Manotas","description":"","potentialAction":[{"@type":"SearchAction","target":{"@type":"EntryPoint","urlTemplate":"https:\/\/nicolasmanotas.com\/?s={search_term_string}"},"query-input":"required name=search_term_string"}],"inLanguage":"es"}]}},"_links":{"self":[{"href":"https:\/\/nicolasmanotas.com\/index.php?rest_route=\/wp\/v2\/pages\/128","targetHints":{"allow":["GET"]}}],"collection":[{"href":"https:\/\/nicolasmanotas.com\/index.php?rest_route=\/wp\/v2\/pages"}],"about":[{"href":"https:\/\/nicolasmanotas.com\/index.php?rest_route=\/wp\/v2\/types\/page"}],"author":[{"embeddable":true,"href":"https:\/\/nicolasmanotas.com\/index.php?rest_route=\/wp\/v2\/users\/1"}],"replies":[{"embeddable":true,"href":"https:\/\/nicolasmanotas.com\/index.php?rest_route=%2Fwp%2Fv2%2Fcomments&post=128"}],"version-history":[{"count":11,"href":"https:\/\/nicolasmanotas.com\/index.php?rest_route=\/wp\/v2\/pages\/128\/revisions"}],"predecessor-version":[{"id":900,"href":"https:\/\/nicolasmanotas.com\/index.php?rest_route=\/wp\/v2\/pages\/128\/revisions\/900"}],"wp:attachment":[{"href":"https:\/\/nicolasmanotas.com\/index.php?rest_route=%2Fwp%2Fv2%2Fmedia&parent=128"}],"curies":[{"name":"wp","href":"https:\/\/api.w.org\/{rel}","templated":true}]}}