{"id":481,"date":"2023-02-16T22:10:31","date_gmt":"2023-02-16T22:10:31","guid":{"rendered":"https:\/\/sauces.digisap.com\/?page_id=481"},"modified":"2024-02-27T01:34:51","modified_gmt":"2024-02-27T01:34:51","slug":"my-story","status":"publish","type":"page","link":"https:\/\/nicolasmanotas.com\/?page_id=481&lang=en","title":{"rendered":"My story"},"content":{"rendered":"\t\t<div data-elementor-type=\"wp-page\" data-elementor-id=\"481\" class=\"elementor elementor-481\">\n\t\t\t\t\t\t\t\t\t<section class=\"elementor-section elementor-top-section elementor-element elementor-element-255c31f4 elementor-section-boxed elementor-section-height-default elementor-section-height-default\" data-id=\"255c31f4\" data-element_type=\"section\">\n\t\t\t\t\t\t<div class=\"elementor-container elementor-column-gap-default\">\n\t\t\t\t\t<div class=\"elementor-column elementor-col-100 elementor-top-column elementor-element elementor-element-7b570d8f\" data-id=\"7b570d8f\" data-element_type=\"column\">\n\t\t\t<div class=\"elementor-widget-wrap elementor-element-populated\">\n\t\t\t\t\t\t\t\t<div class=\"elementor-element elementor-element-59c61c1a elementor-widget elementor-widget-text-editor\" data-id=\"59c61c1a\" data-element_type=\"widget\" data-widget_type=\"text-editor.default\">\n\t\t\t\t<div class=\"elementor-widget-container\">\n\t\t\t<style>\/*! elementor - v3.11.0 - 13-02-2023 *\/\n.elementor-widget-text-editor.elementor-drop-cap-view-stacked .elementor-drop-cap{background-color:#818a91;color:#fff}.elementor-widget-text-editor.elementor-drop-cap-view-framed .elementor-drop-cap{color:#818a91;border:3px solid;background-color:transparent}.elementor-widget-text-editor:not(.elementor-drop-cap-view-default) .elementor-drop-cap{margin-top:8px}.elementor-widget-text-editor:not(.elementor-drop-cap-view-default) .elementor-drop-cap-letter{width:1em;height:1em}.elementor-widget-text-editor .elementor-drop-cap{float:left;text-align:center;line-height:1;font-size:50px}.elementor-widget-text-editor .elementor-drop-cap-letter{display:inline-block}<\/style>\t\t\t\t<!-- wp:image {\"align\":\"center\",\"id\":2674,\"linkDestination\":\"custom\"} -->\n<figure class=\"wp-block-image aligncenter\"><a href=\"https:\/\/nicolasmanotas.com\/wp-content\/uploads\/2016\/04\/23-2.jpg\"><img decoding=\"async\" class=\"wp-image-2674\" src=\"https:\/\/nicolasmanotas.com\/wp-content\/uploads\/2016\/04\/23-2.jpg\" alt=\"\" \/><\/a><\/figure>\n<!-- \/wp:image -->\n\n<!-- wp:paragraph -->\n<p>I graduated from Law School with a Master in Business Law. What is interesting about this is that I only worked as a lawyer for a year even though I spent almost seven years studying to become a lawyer as my mother, my grandfather and many other relatives.<\/p>\n<!-- \/wp:paragraph -->\n\n<!-- wp:paragraph -->\n<p>Before I finished College, I started a University Dorms business. The reason of this, it was because I was trying to find a way to earn more income to support the long distance relationship that I started 11 years ago with the woman who now days is my wife. What I could never imagine is that this step was going to be the first one of the new path that I was getting into.<\/p>\n<!-- \/wp:paragraph -->\n\n<!-- wp:paragraph -->\n<p>Without planning it, I left behind one of the most popular beliefs, the belief that one has to become what one has studied and make a life out of it. At the beginning, I had some claims from my mother and friends for trying something different for not working as a lawyer. Eventually, things started to work\u00a0 out and because I started seeing life from a different perspective, I continued questioning other beliefs, opening new doors with new possibilities.<\/p>\n<!-- \/wp:paragraph -->\n\n<!-- wp:paragraph -->\n<p>At that moment, I began a path of self-knowledge by attending workshops, working with the community and helping others to achieve their goals. Eventually, this path took me to the next step and that was to become a certified Ontology Life Coach at <a href=\"http:\/\/www.newfieldnetwork.com\/New2\/CoachTraining\/index.cfm\"><strong><em>NEWFIELD NETWORK<\/em><\/strong><\/a> and a \u00a0Associate Certified\u00a0Life Coach (ACC) by the\u00a0<a href=\"http:\/\/www.coachfederation.org\/\">International Coach Federation (ICF)<\/a>.<\/p>\n<!-- \/wp:paragraph -->\n\n<!-- wp:image {\"align\":\"center\",\"id\":2962,\"linkDestination\":\"custom\"} -->\n<figure class=\"wp-block-image aligncenter\"><a href=\"https:\/\/nicolasmanotas.com\/wp-content\/uploads\/2016\/04\/Certificacion-Coach-ICF-1.jpg\" target=\"_blank\" rel=\"noreferrer noopener\"><img decoding=\"async\" class=\"wp-image-2962\" src=\"https:\/\/nicolasmanotas.com\/wp-content\/uploads\/2016\/04\/Certificacion-Coach-ICF-1-1024x773.jpg\" alt=\"Certificacion Coach ICF\" \/><\/a><\/figure>\n<!-- \/wp:image -->\n\n<!-- wp:paragraph -->\n<p><a href=\"http:\/\/coachfederation.org\/members\/landing.cfm?ItemNumber=863&amp;RDtoken=19394&amp;userID=\">Certificaci\u00f3n Internacion Life Coach &#8211; ICF &#8211;<\/a><\/p>\n<!-- \/wp:paragraph -->\n\n<!-- wp:image {\"align\":\"center\",\"id\":2965,\"linkDestination\":\"custom\"} -->\n<figure class=\"wp-block-image aligncenter\"><a href=\"https:\/\/nicolasmanotas.com\/wp-content\/uploads\/2016\/04\/Certificacion-Newfield.jpg\" target=\"_blank\" rel=\"noreferrer noopener\"><img decoding=\"async\" class=\"wp-image-2965\" src=\"https:\/\/nicolasmanotas.com\/wp-content\/uploads\/2016\/04\/Certificacion-Newfield.jpg\" alt=\"Certificacion Newfield\" \/><\/a><\/figure>\n<!-- \/wp:image -->\n\n<!-- wp:paragraph -->\n<p>Certificaci\u00f3n Life Coach Ontol\u00f3gico &#8211; Newfield Network &#8211;<\/p>\n<!-- \/wp:paragraph -->\n\n<!-- wp:heading -->\n<h2>\u00bfAny doubts? don&#8217;t hesitate to contact me.<\/h2>\n<!-- \/wp:heading -->\t\t\t\t\t\t<\/div>\n\t\t\t\t<\/div>\n\t\t\t\t\t<\/div>\n\t\t<\/div>\n\t\t\t\t\t\t\t<\/div>\n\t\t<\/section>\n\t\t\t\t\t\t\t<\/div>\n\t\t","protected":false},"excerpt":{"rendered":"<p>I graduated from Law School with a Master in Business Law. What is interesting about this is that I only worked as a lawyer for a year even though I spent almost seven years studying to become a lawyer as my mother, my grandfather and many other relatives. Before I finished College, I started a [&hellip;]<\/p>\n","protected":false},"author":1,"featured_media":0,"parent":0,"menu_order":0,"comment_status":"closed","ping_status":"closed","template":"","meta":{"footnotes":""},"class_list":["post-481","page","type-page","status-publish","hentry"],"yoast_head":"<!-- This site is optimized with the Yoast SEO plugin v20.1 - https:\/\/yoast.com\/wordpress\/plugins\/seo\/ -->\n<title>[:es]Mi historia - Nicolas Manotas Life Coach. Somos nuestras experiencias[:]<\/title>\n<meta name=\"description\" content=\"Qui\u00e9nes somos depende de nuestras experiencias vividas, de nuestra historia. Los t\u00edtulos no nos definen, estos simplemente se\u00f1alan en lo que nos formamos.\" \/>\n<meta name=\"robots\" content=\"index, follow, max-snippet:-1, max-image-preview:large, max-video-preview:-1\" \/>\n<link rel=\"canonical\" href=\"https:\/\/nicolasmanotas.com\/?page_id=481&lang=en\" \/>\n<meta property=\"og:locale\" content=\"es_ES\" \/>\n<meta property=\"og:type\" content=\"article\" \/>\n<meta property=\"og:title\" content=\"[:es]Mi historia - Nicolas Manotas Life Coach. Somos nuestras experiencias[:]\" \/>\n<meta property=\"og:description\" content=\"Qui\u00e9nes somos depende de nuestras experiencias vividas, de nuestra historia. Los t\u00edtulos no nos definen, estos simplemente se\u00f1alan en lo que nos formamos.\" \/>\n<meta property=\"og:url\" content=\"https:\/\/nicolasmanotas.com\/?page_id=481&amp;lang=en\" \/>\n<meta property=\"og:site_name\" content=\"Nicol\u00e1s Manotas\" \/>\n<meta property=\"article:modified_time\" content=\"2024-02-27T01:34:51+00:00\" \/>\n<meta property=\"og:image\" content=\"https:\/\/nicolasmanotas.com\/wp-content\/uploads\/2016\/04\/23-2.jpg\" \/>\n<meta name=\"twitter:card\" content=\"summary_large_image\" \/>\n<meta name=\"twitter:label1\" content=\"Tiempo de lectura\" \/>\n\t<meta name=\"twitter:data1\" content=\"2 minutos\" \/>\n<script type=\"application\/ld+json\" class=\"yoast-schema-graph\">{\"@context\":\"https:\/\/schema.org\",\"@graph\":[{\"@type\":\"WebPage\",\"@id\":\"https:\/\/nicolasmanotas.com\/?page_id=481&lang=en\",\"url\":\"https:\/\/nicolasmanotas.com\/?page_id=481&lang=en\",\"name\":\"[:es]Mi historia - Nicolas Manotas Life Coach. Somos nuestras experiencias[:]\",\"isPartOf\":{\"@id\":\"https:\/\/nicolasmanotas.com\/#website\"},\"datePublished\":\"2023-02-16T22:10:31+00:00\",\"dateModified\":\"2024-02-27T01:34:51+00:00\",\"description\":\"Qui\u00e9nes somos depende de nuestras experiencias vividas, de nuestra historia. Los t\u00edtulos no nos definen, estos simplemente se\u00f1alan en lo que nos formamos.\",\"inLanguage\":\"es\",\"potentialAction\":[{\"@type\":\"ReadAction\",\"target\":[\"https:\/\/nicolasmanotas.com\/?page_id=481&lang=en\"]}]},{\"@type\":\"WebSite\",\"@id\":\"https:\/\/nicolasmanotas.com\/#website\",\"url\":\"https:\/\/nicolasmanotas.com\/\",\"name\":\"Nicol\u00e1s Manotas\",\"description\":\"\",\"potentialAction\":[{\"@type\":\"SearchAction\",\"target\":{\"@type\":\"EntryPoint\",\"urlTemplate\":\"https:\/\/nicolasmanotas.com\/?s={search_term_string}\"},\"query-input\":\"required name=search_term_string\"}],\"inLanguage\":\"es\"}]}<\/script>\n<!-- \/ Yoast SEO plugin. -->","yoast_head_json":{"title":"[:es]Mi historia - Nicolas Manotas Life Coach. Somos nuestras experiencias[:]","description":"Qui\u00e9nes somos depende de nuestras experiencias vividas, de nuestra historia. Los t\u00edtulos no nos definen, estos simplemente se\u00f1alan en lo que nos formamos.","robots":{"index":"index","follow":"follow","max-snippet":"max-snippet:-1","max-image-preview":"max-image-preview:large","max-video-preview":"max-video-preview:-1"},"canonical":"https:\/\/nicolasmanotas.com\/?page_id=481&lang=en","og_locale":"es_ES","og_type":"article","og_title":"[:es]Mi historia - Nicolas Manotas Life Coach. Somos nuestras experiencias[:]","og_description":"Qui\u00e9nes somos depende de nuestras experiencias vividas, de nuestra historia. Los t\u00edtulos no nos definen, estos simplemente se\u00f1alan en lo que nos formamos.","og_url":"https:\/\/nicolasmanotas.com\/?page_id=481&lang=en","og_site_name":"Nicol\u00e1s Manotas","article_modified_time":"2024-02-27T01:34:51+00:00","og_image":[{"url":"https:\/\/nicolasmanotas.com\/wp-content\/uploads\/2016\/04\/23-2.jpg"}],"twitter_card":"summary_large_image","twitter_misc":{"Tiempo de lectura":"2 minutos"},"schema":{"@context":"https:\/\/schema.org","@graph":[{"@type":"WebPage","@id":"https:\/\/nicolasmanotas.com\/?page_id=481&lang=en","url":"https:\/\/nicolasmanotas.com\/?page_id=481&lang=en","name":"[:es]Mi historia - Nicolas Manotas Life Coach. Somos nuestras experiencias[:]","isPartOf":{"@id":"https:\/\/nicolasmanotas.com\/#website"},"datePublished":"2023-02-16T22:10:31+00:00","dateModified":"2024-02-27T01:34:51+00:00","description":"Qui\u00e9nes somos depende de nuestras experiencias vividas, de nuestra historia. Los t\u00edtulos no nos definen, estos simplemente se\u00f1alan en lo que nos formamos.","inLanguage":"es","potentialAction":[{"@type":"ReadAction","target":["https:\/\/nicolasmanotas.com\/?page_id=481&lang=en"]}]},{"@type":"WebSite","@id":"https:\/\/nicolasmanotas.com\/#website","url":"https:\/\/nicolasmanotas.com\/","name":"Nicol\u00e1s Manotas","description":"","potentialAction":[{"@type":"SearchAction","target":{"@type":"EntryPoint","urlTemplate":"https:\/\/nicolasmanotas.com\/?s={search_term_string}"},"query-input":"required name=search_term_string"}],"inLanguage":"es"}]}},"_links":{"self":[{"href":"https:\/\/nicolasmanotas.com\/index.php?rest_route=\/wp\/v2\/pages\/481","targetHints":{"allow":["GET"]}}],"collection":[{"href":"https:\/\/nicolasmanotas.com\/index.php?rest_route=\/wp\/v2\/pages"}],"about":[{"href":"https:\/\/nicolasmanotas.com\/index.php?rest_route=\/wp\/v2\/types\/page"}],"author":[{"embeddable":true,"href":"https:\/\/nicolasmanotas.com\/index.php?rest_route=\/wp\/v2\/users\/1"}],"replies":[{"embeddable":true,"href":"https:\/\/nicolasmanotas.com\/index.php?rest_route=%2Fwp%2Fv2%2Fcomments&post=481"}],"version-history":[{"count":5,"href":"https:\/\/nicolasmanotas.com\/index.php?rest_route=\/wp\/v2\/pages\/481\/revisions"}],"predecessor-version":[{"id":912,"href":"https:\/\/nicolasmanotas.com\/index.php?rest_route=\/wp\/v2\/pages\/481\/revisions\/912"}],"wp:attachment":[{"href":"https:\/\/nicolasmanotas.com\/index.php?rest_route=%2Fwp%2Fv2%2Fmedia&parent=481"}],"curies":[{"name":"wp","href":"https:\/\/api.w.org\/{rel}","templated":true}]}}