{"id":529,"date":"2023-02-17T14:41:22","date_gmt":"2023-02-17T14:41:22","guid":{"rendered":"https:\/\/sauces.digisap.com\/?page_id=529"},"modified":"2023-02-17T19:18:46","modified_gmt":"2023-02-17T19:18:46","slug":"adriana-sous","status":"publish","type":"page","link":"https:\/\/nicolasmanotas.com\/?page_id=529","title":{"rendered":"Adriana Sous"},"content":{"rendered":"<div class=\"wp-block-image is-style-rounded\">\n<figure class=\"alignleft size-thumbnail\"><img loading=\"lazy\" decoding=\"async\" width=\"150\" height=\"150\" src=\"https:\/\/sauces.digisap.com\/wp-content\/uploads\/2023\/02\/IMG-20171122-WA0003-150x150.jpeg\" alt=\"\" class=\"wp-image-204\"\/><\/figure>\n<\/div>\n\n\n<p><em>Decidir hacer coaching con Nicol\u00e1s ha sido de los mejores regalos que me he dado a m\u00ed misma, que adem\u00e1s se convirti\u00f3 en un regalo para toda mi familia.<\/em><br><em>&nbsp;<\/em><br><em>Todo el proceso fue espectacular, fue un crecimiento personal maravilloso y siempre estar\u00e9 agradecida de haber conocido a una persona especial con talento y vocaci\u00f3n para ayudar! 100% recomendado.<\/em><br><\/p>\n\n\n\n<hr class=\"wp-block-separator has-alpha-channel-opacity\"\/>\n\n\n\n<p><br><em>Having done a life coaching process with Nicolas has been one of the best gifts that I have given to myself and it also turn to be a gift for my entire family.<\/em><br><em>&nbsp;<\/em><br><em>The entire process was amazing, it was a path of personal growing and I will be always great full to have the opportunity to meet a person which such a talent and disposition top help others. I recommend Nicolas as a life coach 100%.<\/em><\/p>\n","protected":false},"excerpt":{"rendered":"<p>Decidir hacer coaching con Nicol\u00e1s ha sido de los mejores regalos que me he dado a m\u00ed misma, que adem\u00e1s se convirti\u00f3 en un regalo para toda mi familia.&nbsp;Todo el proceso fue espectacular, fue un crecimiento personal maravilloso y siempre estar\u00e9 agradecida de haber conocido a una persona especial con talento y vocaci\u00f3n para ayudar! [&hellip;]<\/p>\n","protected":false},"author":1,"featured_media":204,"parent":527,"menu_order":0,"comment_status":"closed","ping_status":"closed","template":"","meta":{"footnotes":""},"class_list":["post-529","page","type-page","status-publish","has-post-thumbnail","hentry"],"yoast_head":"<!-- This site is optimized with the Yoast SEO plugin v20.1 - https:\/\/yoast.com\/wordpress\/plugins\/seo\/ -->\n<title>Adriana Sous - Nicol\u00e1s Manotas<\/title>\n<meta name=\"robots\" content=\"index, follow, max-snippet:-1, max-image-preview:large, max-video-preview:-1\" \/>\n<link rel=\"canonical\" href=\"https:\/\/nicolasmanotas.com\/?page_id=529\" \/>\n<meta property=\"og:locale\" content=\"es_ES\" \/>\n<meta property=\"og:type\" content=\"article\" \/>\n<meta property=\"og:title\" content=\"Adriana Sous - Nicol\u00e1s Manotas\" \/>\n<meta property=\"og:description\" content=\"Decidir hacer coaching con Nicol\u00e1s ha sido de los mejores regalos que me he dado a m\u00ed misma, que adem\u00e1s se convirti\u00f3 en un regalo para toda mi familia.&nbsp;Todo el proceso fue espectacular, fue un crecimiento personal maravilloso y siempre estar\u00e9 agradecida de haber conocido a una persona especial con talento y vocaci\u00f3n para ayudar! [&hellip;]\" \/>\n<meta property=\"og:url\" content=\"https:\/\/nicolasmanotas.com\/?page_id=529\" \/>\n<meta property=\"og:site_name\" content=\"Nicol\u00e1s Manotas\" \/>\n<meta property=\"article:modified_time\" content=\"2023-02-17T19:18:46+00:00\" \/>\n<meta property=\"og:image\" content=\"https:\/\/nicolasmanotas.com\/wp-content\/uploads\/2023\/02\/IMG-20171122-WA0003.jpeg\" \/>\n\t<meta property=\"og:image:width\" content=\"640\" \/>\n\t<meta property=\"og:image:height\" content=\"537\" \/>\n\t<meta property=\"og:image:type\" content=\"image\/jpeg\" \/>\n<meta name=\"twitter:card\" content=\"summary_large_image\" \/>\n<meta name=\"twitter:label1\" content=\"Tiempo de lectura\" \/>\n\t<meta name=\"twitter:data1\" content=\"1 minuto\" \/>\n<script type=\"application\/ld+json\" class=\"yoast-schema-graph\">{\"@context\":\"https:\/\/schema.org\",\"@graph\":[{\"@type\":\"WebPage\",\"@id\":\"https:\/\/nicolasmanotas.com\/?page_id=529\",\"url\":\"https:\/\/nicolasmanotas.com\/?page_id=529\",\"name\":\"Adriana Sous - Nicol\u00e1s Manotas\",\"isPartOf\":{\"@id\":\"https:\/\/nicolasmanotas.com\/#website\"},\"datePublished\":\"2023-02-17T14:41:22+00:00\",\"dateModified\":\"2023-02-17T19:18:46+00:00\",\"breadcrumb\":{\"@id\":\"https:\/\/nicolasmanotas.com\/?page_id=529#breadcrumb\"},\"inLanguage\":\"es\",\"potentialAction\":[{\"@type\":\"ReadAction\",\"target\":[\"https:\/\/nicolasmanotas.com\/?page_id=529\"]}]},{\"@type\":\"BreadcrumbList\",\"@id\":\"https:\/\/nicolasmanotas.com\/?page_id=529#breadcrumb\",\"itemListElement\":[{\"@type\":\"ListItem\",\"position\":1,\"name\":\"Testimonios \/ Testimonials\",\"item\":\"https:\/\/nicolasmanotas.com\/?page_id=527\"},{\"@type\":\"ListItem\",\"position\":2,\"name\":\"Adriana Sous\"}]},{\"@type\":\"WebSite\",\"@id\":\"https:\/\/nicolasmanotas.com\/#website\",\"url\":\"https:\/\/nicolasmanotas.com\/\",\"name\":\"Nicol\u00e1s Manotas\",\"description\":\"\",\"potentialAction\":[{\"@type\":\"SearchAction\",\"target\":{\"@type\":\"EntryPoint\",\"urlTemplate\":\"https:\/\/nicolasmanotas.com\/?s={search_term_string}\"},\"query-input\":\"required name=search_term_string\"}],\"inLanguage\":\"es\"}]}<\/script>\n<!-- \/ Yoast SEO plugin. -->","yoast_head_json":{"title":"Adriana Sous - Nicol\u00e1s Manotas","robots":{"index":"index","follow":"follow","max-snippet":"max-snippet:-1","max-image-preview":"max-image-preview:large","max-video-preview":"max-video-preview:-1"},"canonical":"https:\/\/nicolasmanotas.com\/?page_id=529","og_locale":"es_ES","og_type":"article","og_title":"Adriana Sous - Nicol\u00e1s Manotas","og_description":"Decidir hacer coaching con Nicol\u00e1s ha sido de los mejores regalos que me he dado a m\u00ed misma, que adem\u00e1s se convirti\u00f3 en un regalo para toda mi familia.&nbsp;Todo el proceso fue espectacular, fue un crecimiento personal maravilloso y siempre estar\u00e9 agradecida de haber conocido a una persona especial con talento y vocaci\u00f3n para ayudar! [&hellip;]","og_url":"https:\/\/nicolasmanotas.com\/?page_id=529","og_site_name":"Nicol\u00e1s Manotas","article_modified_time":"2023-02-17T19:18:46+00:00","og_image":[{"width":640,"height":537,"url":"https:\/\/nicolasmanotas.com\/wp-content\/uploads\/2023\/02\/IMG-20171122-WA0003.jpeg","type":"image\/jpeg"}],"twitter_card":"summary_large_image","twitter_misc":{"Tiempo de lectura":"1 minuto"},"schema":{"@context":"https:\/\/schema.org","@graph":[{"@type":"WebPage","@id":"https:\/\/nicolasmanotas.com\/?page_id=529","url":"https:\/\/nicolasmanotas.com\/?page_id=529","name":"Adriana Sous - Nicol\u00e1s Manotas","isPartOf":{"@id":"https:\/\/nicolasmanotas.com\/#website"},"datePublished":"2023-02-17T14:41:22+00:00","dateModified":"2023-02-17T19:18:46+00:00","breadcrumb":{"@id":"https:\/\/nicolasmanotas.com\/?page_id=529#breadcrumb"},"inLanguage":"es","potentialAction":[{"@type":"ReadAction","target":["https:\/\/nicolasmanotas.com\/?page_id=529"]}]},{"@type":"BreadcrumbList","@id":"https:\/\/nicolasmanotas.com\/?page_id=529#breadcrumb","itemListElement":[{"@type":"ListItem","position":1,"name":"Testimonios \/ Testimonials","item":"https:\/\/nicolasmanotas.com\/?page_id=527"},{"@type":"ListItem","position":2,"name":"Adriana Sous"}]},{"@type":"WebSite","@id":"https:\/\/nicolasmanotas.com\/#website","url":"https:\/\/nicolasmanotas.com\/","name":"Nicol\u00e1s Manotas","description":"","potentialAction":[{"@type":"SearchAction","target":{"@type":"EntryPoint","urlTemplate":"https:\/\/nicolasmanotas.com\/?s={search_term_string}"},"query-input":"required name=search_term_string"}],"inLanguage":"es"}]}},"_links":{"self":[{"href":"https:\/\/nicolasmanotas.com\/index.php?rest_route=\/wp\/v2\/pages\/529","targetHints":{"allow":["GET"]}}],"collection":[{"href":"https:\/\/nicolasmanotas.com\/index.php?rest_route=\/wp\/v2\/pages"}],"about":[{"href":"https:\/\/nicolasmanotas.com\/index.php?rest_route=\/wp\/v2\/types\/page"}],"author":[{"embeddable":true,"href":"https:\/\/nicolasmanotas.com\/index.php?rest_route=\/wp\/v2\/users\/1"}],"replies":[{"embeddable":true,"href":"https:\/\/nicolasmanotas.com\/index.php?rest_route=%2Fwp%2Fv2%2Fcomments&post=529"}],"version-history":[{"count":4,"href":"https:\/\/nicolasmanotas.com\/index.php?rest_route=\/wp\/v2\/pages\/529\/revisions"}],"predecessor-version":[{"id":722,"href":"https:\/\/nicolasmanotas.com\/index.php?rest_route=\/wp\/v2\/pages\/529\/revisions\/722"}],"up":[{"embeddable":true,"href":"https:\/\/nicolasmanotas.com\/index.php?rest_route=\/wp\/v2\/pages\/527"}],"wp:featuredmedia":[{"embeddable":true,"href":"https:\/\/nicolasmanotas.com\/index.php?rest_route=\/wp\/v2\/media\/204"}],"wp:attachment":[{"href":"https:\/\/nicolasmanotas.com\/index.php?rest_route=%2Fwp%2Fv2%2Fmedia&parent=529"}],"curies":[{"name":"wp","href":"https:\/\/api.w.org\/{rel}","templated":true}]}}