{"id":539,"date":"2023-02-17T14:52:56","date_gmt":"2023-02-17T14:52:56","guid":{"rendered":"https:\/\/sauces.digisap.com\/?page_id=539"},"modified":"2023-02-17T19:29:53","modified_gmt":"2023-02-17T19:29:53","slug":"natalia-numa","status":"publish","type":"page","link":"https:\/\/nicolasmanotas.com\/?page_id=539","title":{"rendered":"Natalia Numa"},"content":{"rendered":"<div class=\"wp-block-image is-style-rounded\">\n<figure class=\"alignleft size-full\"><img loading=\"lazy\" decoding=\"async\" width=\"120\" height=\"120\" src=\"https:\/\/sauces.digisap.com\/wp-content\/uploads\/2023\/02\/Natalia-Numa-120x120-1.jpeg\" alt=\"\" class=\"wp-image-542\"\/><\/figure>\n<\/div>\n\n\n<p><em><em>&nbsp;<\/em><\/em>Desde hace muchos a\u00f1os hab\u00eda escuchado sobre coaching y era una de esas cosas que me dec\u00eda a m\u00ed misma, si&#8230;alg\u00fan d\u00eda puede que lo haga, suena interesante, pero nunca hab\u00eda tomado la iniciativa. Hace un mes una persona muy especial para mi me regalo las sesiones con Nicol\u00e1s y puedo decir que ha sido de los regalos m\u00e1s especiales que he recibido.<\/p>\n\n\n\n<p>&nbsp;<br>Nicol\u00e1s es una persona que inspira confianza, y es esa confianza la que me permiti\u00f3 abrir mi coraz\u00f3n y mi mente y reflexionar sobre muchos temas relevantes en mi vida.<\/p>\n\n\n\n<p>Gracias a Nico, hoy me conozco mucho mejor, valoro lo que soy y dejo atr\u00e1s pensamientos y juicios infundados que no aportan nada y restan mucho. Hoy estoy segura que tengo las herramientas para vivir mejor, para ver la vida de otra manera, para entender a los dem\u00e1s y ser feliz.<br><\/p>\n\n\n\n<hr class=\"wp-block-separator has-alpha-channel-opacity\"\/>\n\n\n\n<p><br>For many years, I had heard about coaching and it was one of those things I was saying to myself, someday\u2026 I might do it, it sounds interesting, but I had never take the initiative to go for it. A month ago, a very special person for me gave me as a present 5 coaching sessions with Nicol\u00e1s and I can say that it has been one of the most special gifts I have received.<br>&nbsp;<br>Nicol\u00e1s is a person who inspires confidence, and it is that confidence that allowed me to open my heart and my mind and reflect on many relevant issues in my life.<\/p>\n\n\n\n<p>Thanks to Nico, I know myself much better today, I value what I am and I leave behind unfounded thoughts and judgments that didn\u2019t contribute to my life, even worse they were holding me back. Today I am sure that I have the tools to live better, to see life differently, to understand others and to be happy.<\/p>\n","protected":false},"excerpt":{"rendered":"<p>&nbsp;Desde hace muchos a\u00f1os hab\u00eda escuchado sobre coaching y era una de esas cosas que me dec\u00eda a m\u00ed misma, si&#8230;alg\u00fan d\u00eda puede que lo haga, suena interesante, pero nunca hab\u00eda tomado la iniciativa. Hace un mes una persona muy especial para mi me regalo las sesiones con Nicol\u00e1s y puedo decir que ha sido [&hellip;]<\/p>\n","protected":false},"author":1,"featured_media":542,"parent":527,"menu_order":0,"comment_status":"closed","ping_status":"closed","template":"","meta":{"footnotes":""},"class_list":["post-539","page","type-page","status-publish","has-post-thumbnail","hentry"],"yoast_head":"<!-- This site is optimized with the Yoast SEO plugin v20.1 - https:\/\/yoast.com\/wordpress\/plugins\/seo\/ -->\n<title>Natalia Numa - Nicol\u00e1s Manotas<\/title>\n<meta name=\"robots\" content=\"index, follow, max-snippet:-1, max-image-preview:large, max-video-preview:-1\" \/>\n<link rel=\"canonical\" href=\"https:\/\/nicolasmanotas.com\/?page_id=539\" \/>\n<meta property=\"og:locale\" content=\"es_ES\" \/>\n<meta property=\"og:type\" content=\"article\" \/>\n<meta property=\"og:title\" content=\"Natalia Numa - Nicol\u00e1s Manotas\" \/>\n<meta property=\"og:description\" content=\"&nbsp;Desde hace muchos a\u00f1os hab\u00eda escuchado sobre coaching y era una de esas cosas que me dec\u00eda a m\u00ed misma, si&#8230;alg\u00fan d\u00eda puede que lo haga, suena interesante, pero nunca hab\u00eda tomado la iniciativa. Hace un mes una persona muy especial para mi me regalo las sesiones con Nicol\u00e1s y puedo decir que ha sido [&hellip;]\" \/>\n<meta property=\"og:url\" content=\"https:\/\/nicolasmanotas.com\/?page_id=539\" \/>\n<meta property=\"og:site_name\" content=\"Nicol\u00e1s Manotas\" \/>\n<meta property=\"article:modified_time\" content=\"2023-02-17T19:29:53+00:00\" \/>\n<meta property=\"og:image\" content=\"https:\/\/nicolasmanotas.com\/wp-content\/uploads\/2023\/02\/Natalia-Numa-120x120-1.jpeg\" \/>\n\t<meta property=\"og:image:width\" content=\"120\" \/>\n\t<meta property=\"og:image:height\" content=\"120\" \/>\n\t<meta property=\"og:image:type\" content=\"image\/jpeg\" \/>\n<meta name=\"twitter:card\" content=\"summary_large_image\" \/>\n<meta name=\"twitter:label1\" content=\"Tiempo de lectura\" \/>\n\t<meta name=\"twitter:data1\" content=\"2 minutos\" \/>\n<script type=\"application\/ld+json\" class=\"yoast-schema-graph\">{\"@context\":\"https:\/\/schema.org\",\"@graph\":[{\"@type\":\"WebPage\",\"@id\":\"https:\/\/nicolasmanotas.com\/?page_id=539\",\"url\":\"https:\/\/nicolasmanotas.com\/?page_id=539\",\"name\":\"Natalia Numa - Nicol\u00e1s Manotas\",\"isPartOf\":{\"@id\":\"https:\/\/nicolasmanotas.com\/#website\"},\"datePublished\":\"2023-02-17T14:52:56+00:00\",\"dateModified\":\"2023-02-17T19:29:53+00:00\",\"breadcrumb\":{\"@id\":\"https:\/\/nicolasmanotas.com\/?page_id=539#breadcrumb\"},\"inLanguage\":\"es\",\"potentialAction\":[{\"@type\":\"ReadAction\",\"target\":[\"https:\/\/nicolasmanotas.com\/?page_id=539\"]}]},{\"@type\":\"BreadcrumbList\",\"@id\":\"https:\/\/nicolasmanotas.com\/?page_id=539#breadcrumb\",\"itemListElement\":[{\"@type\":\"ListItem\",\"position\":1,\"name\":\"Testimonios \/ Testimonials\",\"item\":\"https:\/\/nicolasmanotas.com\/?page_id=527\"},{\"@type\":\"ListItem\",\"position\":2,\"name\":\"Natalia Numa\"}]},{\"@type\":\"WebSite\",\"@id\":\"https:\/\/nicolasmanotas.com\/#website\",\"url\":\"https:\/\/nicolasmanotas.com\/\",\"name\":\"Nicol\u00e1s Manotas\",\"description\":\"\",\"potentialAction\":[{\"@type\":\"SearchAction\",\"target\":{\"@type\":\"EntryPoint\",\"urlTemplate\":\"https:\/\/nicolasmanotas.com\/?s={search_term_string}\"},\"query-input\":\"required name=search_term_string\"}],\"inLanguage\":\"es\"}]}<\/script>\n<!-- \/ Yoast SEO plugin. -->","yoast_head_json":{"title":"Natalia Numa - Nicol\u00e1s Manotas","robots":{"index":"index","follow":"follow","max-snippet":"max-snippet:-1","max-image-preview":"max-image-preview:large","max-video-preview":"max-video-preview:-1"},"canonical":"https:\/\/nicolasmanotas.com\/?page_id=539","og_locale":"es_ES","og_type":"article","og_title":"Natalia Numa - Nicol\u00e1s Manotas","og_description":"&nbsp;Desde hace muchos a\u00f1os hab\u00eda escuchado sobre coaching y era una de esas cosas que me dec\u00eda a m\u00ed misma, si&#8230;alg\u00fan d\u00eda puede que lo haga, suena interesante, pero nunca hab\u00eda tomado la iniciativa. Hace un mes una persona muy especial para mi me regalo las sesiones con Nicol\u00e1s y puedo decir que ha sido [&hellip;]","og_url":"https:\/\/nicolasmanotas.com\/?page_id=539","og_site_name":"Nicol\u00e1s Manotas","article_modified_time":"2023-02-17T19:29:53+00:00","og_image":[{"width":120,"height":120,"url":"https:\/\/nicolasmanotas.com\/wp-content\/uploads\/2023\/02\/Natalia-Numa-120x120-1.jpeg","type":"image\/jpeg"}],"twitter_card":"summary_large_image","twitter_misc":{"Tiempo de lectura":"2 minutos"},"schema":{"@context":"https:\/\/schema.org","@graph":[{"@type":"WebPage","@id":"https:\/\/nicolasmanotas.com\/?page_id=539","url":"https:\/\/nicolasmanotas.com\/?page_id=539","name":"Natalia Numa - Nicol\u00e1s Manotas","isPartOf":{"@id":"https:\/\/nicolasmanotas.com\/#website"},"datePublished":"2023-02-17T14:52:56+00:00","dateModified":"2023-02-17T19:29:53+00:00","breadcrumb":{"@id":"https:\/\/nicolasmanotas.com\/?page_id=539#breadcrumb"},"inLanguage":"es","potentialAction":[{"@type":"ReadAction","target":["https:\/\/nicolasmanotas.com\/?page_id=539"]}]},{"@type":"BreadcrumbList","@id":"https:\/\/nicolasmanotas.com\/?page_id=539#breadcrumb","itemListElement":[{"@type":"ListItem","position":1,"name":"Testimonios \/ Testimonials","item":"https:\/\/nicolasmanotas.com\/?page_id=527"},{"@type":"ListItem","position":2,"name":"Natalia Numa"}]},{"@type":"WebSite","@id":"https:\/\/nicolasmanotas.com\/#website","url":"https:\/\/nicolasmanotas.com\/","name":"Nicol\u00e1s Manotas","description":"","potentialAction":[{"@type":"SearchAction","target":{"@type":"EntryPoint","urlTemplate":"https:\/\/nicolasmanotas.com\/?s={search_term_string}"},"query-input":"required name=search_term_string"}],"inLanguage":"es"}]}},"_links":{"self":[{"href":"https:\/\/nicolasmanotas.com\/index.php?rest_route=\/wp\/v2\/pages\/539","targetHints":{"allow":["GET"]}}],"collection":[{"href":"https:\/\/nicolasmanotas.com\/index.php?rest_route=\/wp\/v2\/pages"}],"about":[{"href":"https:\/\/nicolasmanotas.com\/index.php?rest_route=\/wp\/v2\/types\/page"}],"author":[{"embeddable":true,"href":"https:\/\/nicolasmanotas.com\/index.php?rest_route=\/wp\/v2\/users\/1"}],"replies":[{"embeddable":true,"href":"https:\/\/nicolasmanotas.com\/index.php?rest_route=%2Fwp%2Fv2%2Fcomments&post=539"}],"version-history":[{"count":4,"href":"https:\/\/nicolasmanotas.com\/index.php?rest_route=\/wp\/v2\/pages\/539\/revisions"}],"predecessor-version":[{"id":727,"href":"https:\/\/nicolasmanotas.com\/index.php?rest_route=\/wp\/v2\/pages\/539\/revisions\/727"}],"up":[{"embeddable":true,"href":"https:\/\/nicolasmanotas.com\/index.php?rest_route=\/wp\/v2\/pages\/527"}],"wp:featuredmedia":[{"embeddable":true,"href":"https:\/\/nicolasmanotas.com\/index.php?rest_route=\/wp\/v2\/media\/542"}],"wp:attachment":[{"href":"https:\/\/nicolasmanotas.com\/index.php?rest_route=%2Fwp%2Fv2%2Fmedia&parent=539"}],"curies":[{"name":"wp","href":"https:\/\/api.w.org\/{rel}","templated":true}]}}