{"id":548,"date":"2023-02-17T14:59:37","date_gmt":"2023-02-17T14:59:37","guid":{"rendered":"https:\/\/sauces.digisap.com\/?page_id=548"},"modified":"2023-02-17T19:20:17","modified_gmt":"2023-02-17T19:20:17","slug":"andres-paez","status":"publish","type":"page","link":"https:\/\/nicolasmanotas.com\/?page_id=548","title":{"rendered":"Andr\u00e9s P\u00e1ez"},"content":{"rendered":"<div class=\"wp-block-image is-style-rounded\">\n<figure class=\"alignleft size-full\"><img loading=\"lazy\" decoding=\"async\" width=\"120\" height=\"120\" src=\"https:\/\/sauces.digisap.com\/wp-content\/uploads\/2023\/02\/andres-paez-120x120-1.jpeg\" alt=\"\" class=\"wp-image-550\"\/><\/figure>\n<\/div>\n\n\n<p>A Nicol\u00e1s lo conoc\u00ed por un viejo amigo con el cual hac\u00edamos deporte juntos. Lo contacte porque un d\u00eda en redes sociales Nicol\u00e1s solicit\u00f3 apoyo para lograr una meta que lo iba hacer feliz y me llego al coraz\u00f3n y quise acompa\u00f1arlo en ese camino.<\/p>\n\n\n\n<p>Para mi sorpresa, el que me ayudo fue \u00e9l a m\u00ed. Como mencion\u00e9 antes, yo estaba buscando equilibrio en mi vida y a trav\u00e9s del coaching que tuve con Nicol\u00e1s me di cuenta que las respuestas a varios problemas&nbsp;las ten\u00eda en mi interior y que por orgullo o por pereza yo decid\u00eda no escucharlas.<\/p>\n\n\n\n<p>Algo que aparentemente era tan obvio y que yo cre\u00eda que sab\u00eda lo que ten\u00eda que hacer no era capaz de desarrollarlo y fue con la ayuda de Nico que me hice cargo de mis asuntos, comenc\u00e9 a sentirme seguro de mis decisiones y comenc\u00e9 a establecer prioridades en mi vida.<\/p>\n\n\n\n<p>Gracias Nicol\u00e1s<br><\/p>\n\n\n\n<hr class=\"wp-block-separator has-alpha-channel-opacity\"\/>\n\n\n\n<p><br>When I decided that I want to make a change in my life, I began to think what was most important to me and the result was find my happiness.<\/p>\n\n\n\n<p>I am aware that to be happy I require two things: first emotional balance and second health.<\/p>\n\n\n\n<p>Through an old friend I met Nicolas, one day I contact him because he wrote on his social network that he was requesting support to achieve a goal that would make him happy and it touched my heart and I wanted to accompany him on that path.<\/p>\n\n\n\n<p>To my surprise, I was the one who ended up receiving support from him. I was looking for balance in my life and Nicolas offer me a coaching process that change my life. During this process I realized that the problems that I have, I had most of the answers but my pride or laziness didn\u2019t allow me to listen my mind and body.<\/p>\n\n\n\n<p>Something that apparently was so obvious that I thought I knew what I had to do, I wasn\u2019t able accomplish it. &nbsp;With Nicolas help I took care of my circumstances and I began to feel secure about my decisions and I began to prioritize what matters in my life.<\/p>\n\n\n\n<p>Thanks Nicolas<\/p>\n","protected":false},"excerpt":{"rendered":"<p>A Nicol\u00e1s lo conoc\u00ed por un viejo amigo con el cual hac\u00edamos deporte juntos. Lo contacte porque un d\u00eda en redes sociales Nicol\u00e1s solicit\u00f3 apoyo para lograr una meta que lo iba hacer feliz y me llego al coraz\u00f3n y quise acompa\u00f1arlo en ese camino. Para mi sorpresa, el que me ayudo fue \u00e9l a [&hellip;]<\/p>\n","protected":false},"author":1,"featured_media":550,"parent":527,"menu_order":0,"comment_status":"closed","ping_status":"closed","template":"","meta":{"footnotes":""},"class_list":["post-548","page","type-page","status-publish","has-post-thumbnail","hentry"],"yoast_head":"<!-- This site is optimized with the Yoast SEO plugin v20.1 - https:\/\/yoast.com\/wordpress\/plugins\/seo\/ -->\n<title>Andr\u00e9s P\u00e1ez - Nicol\u00e1s Manotas<\/title>\n<meta name=\"robots\" content=\"index, follow, max-snippet:-1, max-image-preview:large, max-video-preview:-1\" \/>\n<link rel=\"canonical\" href=\"https:\/\/nicolasmanotas.com\/?page_id=548\" \/>\n<meta property=\"og:locale\" content=\"es_ES\" \/>\n<meta property=\"og:type\" content=\"article\" \/>\n<meta property=\"og:title\" content=\"Andr\u00e9s P\u00e1ez - Nicol\u00e1s Manotas\" \/>\n<meta property=\"og:description\" content=\"A Nicol\u00e1s lo conoc\u00ed por un viejo amigo con el cual hac\u00edamos deporte juntos. Lo contacte porque un d\u00eda en redes sociales Nicol\u00e1s solicit\u00f3 apoyo para lograr una meta que lo iba hacer feliz y me llego al coraz\u00f3n y quise acompa\u00f1arlo en ese camino. Para mi sorpresa, el que me ayudo fue \u00e9l a [&hellip;]\" \/>\n<meta property=\"og:url\" content=\"https:\/\/nicolasmanotas.com\/?page_id=548\" \/>\n<meta property=\"og:site_name\" content=\"Nicol\u00e1s Manotas\" \/>\n<meta property=\"article:modified_time\" content=\"2023-02-17T19:20:17+00:00\" \/>\n<meta property=\"og:image\" content=\"https:\/\/nicolasmanotas.com\/wp-content\/uploads\/2023\/02\/andres-paez-120x120-1.jpeg\" \/>\n\t<meta property=\"og:image:width\" content=\"120\" \/>\n\t<meta property=\"og:image:height\" content=\"120\" \/>\n\t<meta property=\"og:image:type\" content=\"image\/jpeg\" \/>\n<meta name=\"twitter:card\" content=\"summary_large_image\" \/>\n<meta name=\"twitter:label1\" content=\"Tiempo de lectura\" \/>\n\t<meta name=\"twitter:data1\" content=\"2 minutos\" \/>\n<script type=\"application\/ld+json\" class=\"yoast-schema-graph\">{\"@context\":\"https:\/\/schema.org\",\"@graph\":[{\"@type\":\"WebPage\",\"@id\":\"https:\/\/nicolasmanotas.com\/?page_id=548\",\"url\":\"https:\/\/nicolasmanotas.com\/?page_id=548\",\"name\":\"Andr\u00e9s P\u00e1ez - Nicol\u00e1s Manotas\",\"isPartOf\":{\"@id\":\"https:\/\/nicolasmanotas.com\/#website\"},\"datePublished\":\"2023-02-17T14:59:37+00:00\",\"dateModified\":\"2023-02-17T19:20:17+00:00\",\"breadcrumb\":{\"@id\":\"https:\/\/nicolasmanotas.com\/?page_id=548#breadcrumb\"},\"inLanguage\":\"es\",\"potentialAction\":[{\"@type\":\"ReadAction\",\"target\":[\"https:\/\/nicolasmanotas.com\/?page_id=548\"]}]},{\"@type\":\"BreadcrumbList\",\"@id\":\"https:\/\/nicolasmanotas.com\/?page_id=548#breadcrumb\",\"itemListElement\":[{\"@type\":\"ListItem\",\"position\":1,\"name\":\"Testimonios \/ Testimonials\",\"item\":\"https:\/\/nicolasmanotas.com\/?page_id=527\"},{\"@type\":\"ListItem\",\"position\":2,\"name\":\"Andr\u00e9s P\u00e1ez\"}]},{\"@type\":\"WebSite\",\"@id\":\"https:\/\/nicolasmanotas.com\/#website\",\"url\":\"https:\/\/nicolasmanotas.com\/\",\"name\":\"Nicol\u00e1s Manotas\",\"description\":\"\",\"potentialAction\":[{\"@type\":\"SearchAction\",\"target\":{\"@type\":\"EntryPoint\",\"urlTemplate\":\"https:\/\/nicolasmanotas.com\/?s={search_term_string}\"},\"query-input\":\"required name=search_term_string\"}],\"inLanguage\":\"es\"}]}<\/script>\n<!-- \/ Yoast SEO plugin. -->","yoast_head_json":{"title":"Andr\u00e9s P\u00e1ez - Nicol\u00e1s Manotas","robots":{"index":"index","follow":"follow","max-snippet":"max-snippet:-1","max-image-preview":"max-image-preview:large","max-video-preview":"max-video-preview:-1"},"canonical":"https:\/\/nicolasmanotas.com\/?page_id=548","og_locale":"es_ES","og_type":"article","og_title":"Andr\u00e9s P\u00e1ez - Nicol\u00e1s Manotas","og_description":"A Nicol\u00e1s lo conoc\u00ed por un viejo amigo con el cual hac\u00edamos deporte juntos. Lo contacte porque un d\u00eda en redes sociales Nicol\u00e1s solicit\u00f3 apoyo para lograr una meta que lo iba hacer feliz y me llego al coraz\u00f3n y quise acompa\u00f1arlo en ese camino. Para mi sorpresa, el que me ayudo fue \u00e9l a [&hellip;]","og_url":"https:\/\/nicolasmanotas.com\/?page_id=548","og_site_name":"Nicol\u00e1s Manotas","article_modified_time":"2023-02-17T19:20:17+00:00","og_image":[{"width":120,"height":120,"url":"https:\/\/nicolasmanotas.com\/wp-content\/uploads\/2023\/02\/andres-paez-120x120-1.jpeg","type":"image\/jpeg"}],"twitter_card":"summary_large_image","twitter_misc":{"Tiempo de lectura":"2 minutos"},"schema":{"@context":"https:\/\/schema.org","@graph":[{"@type":"WebPage","@id":"https:\/\/nicolasmanotas.com\/?page_id=548","url":"https:\/\/nicolasmanotas.com\/?page_id=548","name":"Andr\u00e9s P\u00e1ez - Nicol\u00e1s Manotas","isPartOf":{"@id":"https:\/\/nicolasmanotas.com\/#website"},"datePublished":"2023-02-17T14:59:37+00:00","dateModified":"2023-02-17T19:20:17+00:00","breadcrumb":{"@id":"https:\/\/nicolasmanotas.com\/?page_id=548#breadcrumb"},"inLanguage":"es","potentialAction":[{"@type":"ReadAction","target":["https:\/\/nicolasmanotas.com\/?page_id=548"]}]},{"@type":"BreadcrumbList","@id":"https:\/\/nicolasmanotas.com\/?page_id=548#breadcrumb","itemListElement":[{"@type":"ListItem","position":1,"name":"Testimonios \/ Testimonials","item":"https:\/\/nicolasmanotas.com\/?page_id=527"},{"@type":"ListItem","position":2,"name":"Andr\u00e9s P\u00e1ez"}]},{"@type":"WebSite","@id":"https:\/\/nicolasmanotas.com\/#website","url":"https:\/\/nicolasmanotas.com\/","name":"Nicol\u00e1s Manotas","description":"","potentialAction":[{"@type":"SearchAction","target":{"@type":"EntryPoint","urlTemplate":"https:\/\/nicolasmanotas.com\/?s={search_term_string}"},"query-input":"required name=search_term_string"}],"inLanguage":"es"}]}},"_links":{"self":[{"href":"https:\/\/nicolasmanotas.com\/index.php?rest_route=\/wp\/v2\/pages\/548","targetHints":{"allow":["GET"]}}],"collection":[{"href":"https:\/\/nicolasmanotas.com\/index.php?rest_route=\/wp\/v2\/pages"}],"about":[{"href":"https:\/\/nicolasmanotas.com\/index.php?rest_route=\/wp\/v2\/types\/page"}],"author":[{"embeddable":true,"href":"https:\/\/nicolasmanotas.com\/index.php?rest_route=\/wp\/v2\/users\/1"}],"replies":[{"embeddable":true,"href":"https:\/\/nicolasmanotas.com\/index.php?rest_route=%2Fwp%2Fv2%2Fcomments&post=548"}],"version-history":[{"count":2,"href":"https:\/\/nicolasmanotas.com\/index.php?rest_route=\/wp\/v2\/pages\/548\/revisions"}],"predecessor-version":[{"id":551,"href":"https:\/\/nicolasmanotas.com\/index.php?rest_route=\/wp\/v2\/pages\/548\/revisions\/551"}],"up":[{"embeddable":true,"href":"https:\/\/nicolasmanotas.com\/index.php?rest_route=\/wp\/v2\/pages\/527"}],"wp:featuredmedia":[{"embeddable":true,"href":"https:\/\/nicolasmanotas.com\/index.php?rest_route=\/wp\/v2\/media\/550"}],"wp:attachment":[{"href":"https:\/\/nicolasmanotas.com\/index.php?rest_route=%2Fwp%2Fv2%2Fmedia&parent=548"}],"curies":[{"name":"wp","href":"https:\/\/api.w.org\/{rel}","templated":true}]}}