{"id":552,"date":"2023-02-17T15:02:36","date_gmt":"2023-02-17T15:02:36","guid":{"rendered":"https:\/\/sauces.digisap.com\/?page_id=552"},"modified":"2023-02-17T19:27:57","modified_gmt":"2023-02-17T19:27:57","slug":"lorena-cardona","status":"publish","type":"page","link":"https:\/\/nicolasmanotas.com\/?page_id=552","title":{"rendered":"Lorena Cardona"},"content":{"rendered":"<div class=\"wp-block-image is-style-rounded\">\n<figure class=\"alignleft size-full\"><img loading=\"lazy\" decoding=\"async\" width=\"120\" height=\"120\" src=\"https:\/\/sauces.digisap.com\/wp-content\/uploads\/2023\/02\/lorena-cardona-120x120-1.jpeg\" alt=\"\" class=\"wp-image-554\"\/><\/figure>\n<\/div>\n\n\n<p>Al principio estaba un poco esc\u00e9ptica respecto al tema de coaching, me parec\u00eda interesante pero no estaba muy segura de poder generar alg\u00fan lazo de confianza con un desconocido.<\/p>\n\n\n\n<p>La experiencia con Nicol\u00e1s fue muy interesante, siento que cada sesi\u00f3n me dio la oportunidad de ver y analizar las cosas desde un \u00e1ngulo diferente. Ahora estoy en un proceso de aprender a perdonar, a liberar cargas y dejar atr\u00e1s lo que me hace da\u00f1o.<\/p>\n\n\n\n<p>Haber tenido un proceso de coaching con Nico fue la mejor decisi\u00f3n.<br><\/p>\n\n\n\n<hr class=\"wp-block-separator has-alpha-channel-opacity\"\/>\n\n\n\n<p><br>At first I was a little skeptical about life coaching, I found it interesting but was not sure to generate a bond of trust with a stranger.<\/p>\n\n\n\n<p>My experience with Nicholas was very interesting, I feel that each session gave me the opportunity to see and analyze things from a different angle. Now I&#8217;m in a process of learning to forgive, to release burdens and leave behind what hurts me.<\/p>\n\n\n\n<p>Having a life coaching process with Nico was the best decision.<\/p>\n","protected":false},"excerpt":{"rendered":"<p>Al principio estaba un poco esc\u00e9ptica respecto al tema de coaching, me parec\u00eda interesante pero no estaba muy segura de poder generar alg\u00fan lazo de confianza con un desconocido. La experiencia con Nicol\u00e1s fue muy interesante, siento que cada sesi\u00f3n me dio la oportunidad de ver y analizar las cosas desde un \u00e1ngulo diferente. Ahora [&hellip;]<\/p>\n","protected":false},"author":1,"featured_media":554,"parent":527,"menu_order":0,"comment_status":"closed","ping_status":"closed","template":"","meta":{"footnotes":""},"class_list":["post-552","page","type-page","status-publish","has-post-thumbnail","hentry"],"yoast_head":"<!-- This site is optimized with the Yoast SEO plugin v20.1 - https:\/\/yoast.com\/wordpress\/plugins\/seo\/ -->\n<title>Lorena Cardona - Nicol\u00e1s Manotas<\/title>\n<meta name=\"robots\" content=\"index, follow, max-snippet:-1, max-image-preview:large, max-video-preview:-1\" \/>\n<link rel=\"canonical\" href=\"https:\/\/nicolasmanotas.com\/?page_id=552\" \/>\n<meta property=\"og:locale\" content=\"es_ES\" \/>\n<meta property=\"og:type\" content=\"article\" \/>\n<meta property=\"og:title\" content=\"Lorena Cardona - Nicol\u00e1s Manotas\" \/>\n<meta property=\"og:description\" content=\"Al principio estaba un poco esc\u00e9ptica respecto al tema de coaching, me parec\u00eda interesante pero no estaba muy segura de poder generar alg\u00fan lazo de confianza con un desconocido. La experiencia con Nicol\u00e1s fue muy interesante, siento que cada sesi\u00f3n me dio la oportunidad de ver y analizar las cosas desde un \u00e1ngulo diferente. Ahora [&hellip;]\" \/>\n<meta property=\"og:url\" content=\"https:\/\/nicolasmanotas.com\/?page_id=552\" \/>\n<meta property=\"og:site_name\" content=\"Nicol\u00e1s Manotas\" \/>\n<meta property=\"article:modified_time\" content=\"2023-02-17T19:27:57+00:00\" \/>\n<meta property=\"og:image\" content=\"https:\/\/nicolasmanotas.com\/wp-content\/uploads\/2023\/02\/lorena-cardona-120x120-1.jpeg\" \/>\n\t<meta property=\"og:image:width\" content=\"120\" \/>\n\t<meta property=\"og:image:height\" content=\"120\" \/>\n\t<meta property=\"og:image:type\" content=\"image\/jpeg\" \/>\n<meta name=\"twitter:card\" content=\"summary_large_image\" \/>\n<meta name=\"twitter:label1\" content=\"Tiempo de lectura\" \/>\n\t<meta name=\"twitter:data1\" content=\"1 minuto\" \/>\n<script type=\"application\/ld+json\" class=\"yoast-schema-graph\">{\"@context\":\"https:\/\/schema.org\",\"@graph\":[{\"@type\":\"WebPage\",\"@id\":\"https:\/\/nicolasmanotas.com\/?page_id=552\",\"url\":\"https:\/\/nicolasmanotas.com\/?page_id=552\",\"name\":\"Lorena Cardona - Nicol\u00e1s Manotas\",\"isPartOf\":{\"@id\":\"https:\/\/nicolasmanotas.com\/#website\"},\"datePublished\":\"2023-02-17T15:02:36+00:00\",\"dateModified\":\"2023-02-17T19:27:57+00:00\",\"breadcrumb\":{\"@id\":\"https:\/\/nicolasmanotas.com\/?page_id=552#breadcrumb\"},\"inLanguage\":\"es\",\"potentialAction\":[{\"@type\":\"ReadAction\",\"target\":[\"https:\/\/nicolasmanotas.com\/?page_id=552\"]}]},{\"@type\":\"BreadcrumbList\",\"@id\":\"https:\/\/nicolasmanotas.com\/?page_id=552#breadcrumb\",\"itemListElement\":[{\"@type\":\"ListItem\",\"position\":1,\"name\":\"Testimonios \/ Testimonials\",\"item\":\"https:\/\/nicolasmanotas.com\/?page_id=527\"},{\"@type\":\"ListItem\",\"position\":2,\"name\":\"Lorena Cardona\"}]},{\"@type\":\"WebSite\",\"@id\":\"https:\/\/nicolasmanotas.com\/#website\",\"url\":\"https:\/\/nicolasmanotas.com\/\",\"name\":\"Nicol\u00e1s Manotas\",\"description\":\"\",\"potentialAction\":[{\"@type\":\"SearchAction\",\"target\":{\"@type\":\"EntryPoint\",\"urlTemplate\":\"https:\/\/nicolasmanotas.com\/?s={search_term_string}\"},\"query-input\":\"required name=search_term_string\"}],\"inLanguage\":\"es\"}]}<\/script>\n<!-- \/ Yoast SEO plugin. -->","yoast_head_json":{"title":"Lorena Cardona - Nicol\u00e1s Manotas","robots":{"index":"index","follow":"follow","max-snippet":"max-snippet:-1","max-image-preview":"max-image-preview:large","max-video-preview":"max-video-preview:-1"},"canonical":"https:\/\/nicolasmanotas.com\/?page_id=552","og_locale":"es_ES","og_type":"article","og_title":"Lorena Cardona - Nicol\u00e1s Manotas","og_description":"Al principio estaba un poco esc\u00e9ptica respecto al tema de coaching, me parec\u00eda interesante pero no estaba muy segura de poder generar alg\u00fan lazo de confianza con un desconocido. La experiencia con Nicol\u00e1s fue muy interesante, siento que cada sesi\u00f3n me dio la oportunidad de ver y analizar las cosas desde un \u00e1ngulo diferente. Ahora [&hellip;]","og_url":"https:\/\/nicolasmanotas.com\/?page_id=552","og_site_name":"Nicol\u00e1s Manotas","article_modified_time":"2023-02-17T19:27:57+00:00","og_image":[{"width":120,"height":120,"url":"https:\/\/nicolasmanotas.com\/wp-content\/uploads\/2023\/02\/lorena-cardona-120x120-1.jpeg","type":"image\/jpeg"}],"twitter_card":"summary_large_image","twitter_misc":{"Tiempo de lectura":"1 minuto"},"schema":{"@context":"https:\/\/schema.org","@graph":[{"@type":"WebPage","@id":"https:\/\/nicolasmanotas.com\/?page_id=552","url":"https:\/\/nicolasmanotas.com\/?page_id=552","name":"Lorena Cardona - Nicol\u00e1s Manotas","isPartOf":{"@id":"https:\/\/nicolasmanotas.com\/#website"},"datePublished":"2023-02-17T15:02:36+00:00","dateModified":"2023-02-17T19:27:57+00:00","breadcrumb":{"@id":"https:\/\/nicolasmanotas.com\/?page_id=552#breadcrumb"},"inLanguage":"es","potentialAction":[{"@type":"ReadAction","target":["https:\/\/nicolasmanotas.com\/?page_id=552"]}]},{"@type":"BreadcrumbList","@id":"https:\/\/nicolasmanotas.com\/?page_id=552#breadcrumb","itemListElement":[{"@type":"ListItem","position":1,"name":"Testimonios \/ Testimonials","item":"https:\/\/nicolasmanotas.com\/?page_id=527"},{"@type":"ListItem","position":2,"name":"Lorena Cardona"}]},{"@type":"WebSite","@id":"https:\/\/nicolasmanotas.com\/#website","url":"https:\/\/nicolasmanotas.com\/","name":"Nicol\u00e1s Manotas","description":"","potentialAction":[{"@type":"SearchAction","target":{"@type":"EntryPoint","urlTemplate":"https:\/\/nicolasmanotas.com\/?s={search_term_string}"},"query-input":"required name=search_term_string"}],"inLanguage":"es"}]}},"_links":{"self":[{"href":"https:\/\/nicolasmanotas.com\/index.php?rest_route=\/wp\/v2\/pages\/552","targetHints":{"allow":["GET"]}}],"collection":[{"href":"https:\/\/nicolasmanotas.com\/index.php?rest_route=\/wp\/v2\/pages"}],"about":[{"href":"https:\/\/nicolasmanotas.com\/index.php?rest_route=\/wp\/v2\/types\/page"}],"author":[{"embeddable":true,"href":"https:\/\/nicolasmanotas.com\/index.php?rest_route=\/wp\/v2\/users\/1"}],"replies":[{"embeddable":true,"href":"https:\/\/nicolasmanotas.com\/index.php?rest_route=%2Fwp%2Fv2%2Fcomments&post=552"}],"version-history":[{"count":2,"href":"https:\/\/nicolasmanotas.com\/index.php?rest_route=\/wp\/v2\/pages\/552\/revisions"}],"predecessor-version":[{"id":555,"href":"https:\/\/nicolasmanotas.com\/index.php?rest_route=\/wp\/v2\/pages\/552\/revisions\/555"}],"up":[{"embeddable":true,"href":"https:\/\/nicolasmanotas.com\/index.php?rest_route=\/wp\/v2\/pages\/527"}],"wp:featuredmedia":[{"embeddable":true,"href":"https:\/\/nicolasmanotas.com\/index.php?rest_route=\/wp\/v2\/media\/554"}],"wp:attachment":[{"href":"https:\/\/nicolasmanotas.com\/index.php?rest_route=%2Fwp%2Fv2%2Fmedia&parent=552"}],"curies":[{"name":"wp","href":"https:\/\/api.w.org\/{rel}","templated":true}]}}