{"id":556,"date":"2023-02-17T15:10:39","date_gmt":"2023-02-17T15:10:39","guid":{"rendered":"https:\/\/sauces.digisap.com\/?page_id=556"},"modified":"2023-02-17T19:24:50","modified_gmt":"2023-02-17T19:24:50","slug":"diego-chaparro","status":"publish","type":"page","link":"https:\/\/nicolasmanotas.com\/?page_id=556","title":{"rendered":"Diego Chaparro"},"content":{"rendered":"<div class=\"wp-block-image is-style-rounded\">\n<figure class=\"alignleft size-full\"><img loading=\"lazy\" decoding=\"async\" width=\"120\" height=\"120\" src=\"https:\/\/sauces.digisap.com\/wp-content\/uploads\/2023\/02\/diego-chaparro-120x120-1.jpeg\" alt=\"\" class=\"wp-image-558\"\/><\/figure>\n<\/div>\n\n\n<p>Nicol\u00e1s posee las dos cualidades que consider\u00f3 importantes para poder guiar de la mejor manera, primero sabe escuchar atentamente y segundo hace preguntas claves adem\u00e1s de ser una persona ejemplar por su Coherencia.<\/p>\n\n\n\n<p>Mi experiencia con \u00e9l y el apoyo que me brind\u00f3 fue sentir la comodidad de un espacio transparente de confianza que permit\u00eda la intimidad para profundizar en las \u00e1reas que se deb\u00eda trabajar, un completo regalo su sabidur\u00eda y su incre\u00edble forma de ser, pienso que es eso lo que lo ha llevado a ser quien es hoy.<br><\/p>\n\n\n\n<hr class=\"wp-block-separator has-alpha-channel-opacity\"\/>\n\n\n\n<p><br>Nicolas has two qualities that I considered important for guiding and coaching, first he is a very good listener and second, he ask key questions that allows people to introspect, besides he is a role model and very coherent with what he says and thinks.<\/p>\n\n\n\n<p>The support that I felt during the coaching sessions make me felt comfortable and allow me to open myself in confident and trustful space which generated intimacy and allow me to work in different areas of my life that need to be take care of.<\/p>\n\n\n\n<p>His wisdom and human qualifications is an incredible gift for his clients, I think that&#8217;s what has led him to be the coach who he is today.<\/p>\n","protected":false},"excerpt":{"rendered":"<p>Nicol\u00e1s posee las dos cualidades que consider\u00f3 importantes para poder guiar de la mejor manera, primero sabe escuchar atentamente y segundo hace preguntas claves adem\u00e1s de ser una persona ejemplar por su Coherencia. Mi experiencia con \u00e9l y el apoyo que me brind\u00f3 fue sentir la comodidad de un espacio transparente de confianza que permit\u00eda [&hellip;]<\/p>\n","protected":false},"author":1,"featured_media":558,"parent":527,"menu_order":0,"comment_status":"closed","ping_status":"closed","template":"","meta":{"footnotes":""},"class_list":["post-556","page","type-page","status-publish","has-post-thumbnail","hentry"],"yoast_head":"<!-- This site is optimized with the Yoast SEO plugin v20.1 - https:\/\/yoast.com\/wordpress\/plugins\/seo\/ -->\n<title>Diego Chaparro - Nicol\u00e1s Manotas<\/title>\n<meta name=\"robots\" content=\"index, follow, max-snippet:-1, max-image-preview:large, max-video-preview:-1\" \/>\n<link rel=\"canonical\" href=\"https:\/\/nicolasmanotas.com\/?page_id=556\" \/>\n<meta property=\"og:locale\" content=\"es_ES\" \/>\n<meta property=\"og:type\" content=\"article\" \/>\n<meta property=\"og:title\" content=\"Diego Chaparro - Nicol\u00e1s Manotas\" \/>\n<meta property=\"og:description\" content=\"Nicol\u00e1s posee las dos cualidades que consider\u00f3 importantes para poder guiar de la mejor manera, primero sabe escuchar atentamente y segundo hace preguntas claves adem\u00e1s de ser una persona ejemplar por su Coherencia. Mi experiencia con \u00e9l y el apoyo que me brind\u00f3 fue sentir la comodidad de un espacio transparente de confianza que permit\u00eda [&hellip;]\" \/>\n<meta property=\"og:url\" content=\"https:\/\/nicolasmanotas.com\/?page_id=556\" \/>\n<meta property=\"og:site_name\" content=\"Nicol\u00e1s Manotas\" \/>\n<meta property=\"article:modified_time\" content=\"2023-02-17T19:24:50+00:00\" \/>\n<meta property=\"og:image\" content=\"https:\/\/nicolasmanotas.com\/wp-content\/uploads\/2023\/02\/diego-chaparro-120x120-1.jpeg\" \/>\n\t<meta property=\"og:image:width\" content=\"120\" \/>\n\t<meta property=\"og:image:height\" content=\"120\" \/>\n\t<meta property=\"og:image:type\" content=\"image\/jpeg\" \/>\n<meta name=\"twitter:card\" content=\"summary_large_image\" \/>\n<meta name=\"twitter:label1\" content=\"Tiempo de lectura\" \/>\n\t<meta name=\"twitter:data1\" content=\"2 minutos\" \/>\n<script type=\"application\/ld+json\" class=\"yoast-schema-graph\">{\"@context\":\"https:\/\/schema.org\",\"@graph\":[{\"@type\":\"WebPage\",\"@id\":\"https:\/\/nicolasmanotas.com\/?page_id=556\",\"url\":\"https:\/\/nicolasmanotas.com\/?page_id=556\",\"name\":\"Diego Chaparro - Nicol\u00e1s Manotas\",\"isPartOf\":{\"@id\":\"https:\/\/nicolasmanotas.com\/#website\"},\"datePublished\":\"2023-02-17T15:10:39+00:00\",\"dateModified\":\"2023-02-17T19:24:50+00:00\",\"breadcrumb\":{\"@id\":\"https:\/\/nicolasmanotas.com\/?page_id=556#breadcrumb\"},\"inLanguage\":\"es\",\"potentialAction\":[{\"@type\":\"ReadAction\",\"target\":[\"https:\/\/nicolasmanotas.com\/?page_id=556\"]}]},{\"@type\":\"BreadcrumbList\",\"@id\":\"https:\/\/nicolasmanotas.com\/?page_id=556#breadcrumb\",\"itemListElement\":[{\"@type\":\"ListItem\",\"position\":1,\"name\":\"Testimonios \/ Testimonials\",\"item\":\"https:\/\/nicolasmanotas.com\/?page_id=527\"},{\"@type\":\"ListItem\",\"position\":2,\"name\":\"Diego Chaparro\"}]},{\"@type\":\"WebSite\",\"@id\":\"https:\/\/nicolasmanotas.com\/#website\",\"url\":\"https:\/\/nicolasmanotas.com\/\",\"name\":\"Nicol\u00e1s Manotas\",\"description\":\"\",\"potentialAction\":[{\"@type\":\"SearchAction\",\"target\":{\"@type\":\"EntryPoint\",\"urlTemplate\":\"https:\/\/nicolasmanotas.com\/?s={search_term_string}\"},\"query-input\":\"required name=search_term_string\"}],\"inLanguage\":\"es\"}]}<\/script>\n<!-- \/ Yoast SEO plugin. -->","yoast_head_json":{"title":"Diego Chaparro - Nicol\u00e1s Manotas","robots":{"index":"index","follow":"follow","max-snippet":"max-snippet:-1","max-image-preview":"max-image-preview:large","max-video-preview":"max-video-preview:-1"},"canonical":"https:\/\/nicolasmanotas.com\/?page_id=556","og_locale":"es_ES","og_type":"article","og_title":"Diego Chaparro - Nicol\u00e1s Manotas","og_description":"Nicol\u00e1s posee las dos cualidades que consider\u00f3 importantes para poder guiar de la mejor manera, primero sabe escuchar atentamente y segundo hace preguntas claves adem\u00e1s de ser una persona ejemplar por su Coherencia. Mi experiencia con \u00e9l y el apoyo que me brind\u00f3 fue sentir la comodidad de un espacio transparente de confianza que permit\u00eda [&hellip;]","og_url":"https:\/\/nicolasmanotas.com\/?page_id=556","og_site_name":"Nicol\u00e1s Manotas","article_modified_time":"2023-02-17T19:24:50+00:00","og_image":[{"width":120,"height":120,"url":"https:\/\/nicolasmanotas.com\/wp-content\/uploads\/2023\/02\/diego-chaparro-120x120-1.jpeg","type":"image\/jpeg"}],"twitter_card":"summary_large_image","twitter_misc":{"Tiempo de lectura":"2 minutos"},"schema":{"@context":"https:\/\/schema.org","@graph":[{"@type":"WebPage","@id":"https:\/\/nicolasmanotas.com\/?page_id=556","url":"https:\/\/nicolasmanotas.com\/?page_id=556","name":"Diego Chaparro - Nicol\u00e1s Manotas","isPartOf":{"@id":"https:\/\/nicolasmanotas.com\/#website"},"datePublished":"2023-02-17T15:10:39+00:00","dateModified":"2023-02-17T19:24:50+00:00","breadcrumb":{"@id":"https:\/\/nicolasmanotas.com\/?page_id=556#breadcrumb"},"inLanguage":"es","potentialAction":[{"@type":"ReadAction","target":["https:\/\/nicolasmanotas.com\/?page_id=556"]}]},{"@type":"BreadcrumbList","@id":"https:\/\/nicolasmanotas.com\/?page_id=556#breadcrumb","itemListElement":[{"@type":"ListItem","position":1,"name":"Testimonios \/ Testimonials","item":"https:\/\/nicolasmanotas.com\/?page_id=527"},{"@type":"ListItem","position":2,"name":"Diego Chaparro"}]},{"@type":"WebSite","@id":"https:\/\/nicolasmanotas.com\/#website","url":"https:\/\/nicolasmanotas.com\/","name":"Nicol\u00e1s Manotas","description":"","potentialAction":[{"@type":"SearchAction","target":{"@type":"EntryPoint","urlTemplate":"https:\/\/nicolasmanotas.com\/?s={search_term_string}"},"query-input":"required name=search_term_string"}],"inLanguage":"es"}]}},"_links":{"self":[{"href":"https:\/\/nicolasmanotas.com\/index.php?rest_route=\/wp\/v2\/pages\/556","targetHints":{"allow":["GET"]}}],"collection":[{"href":"https:\/\/nicolasmanotas.com\/index.php?rest_route=\/wp\/v2\/pages"}],"about":[{"href":"https:\/\/nicolasmanotas.com\/index.php?rest_route=\/wp\/v2\/types\/page"}],"author":[{"embeddable":true,"href":"https:\/\/nicolasmanotas.com\/index.php?rest_route=\/wp\/v2\/users\/1"}],"replies":[{"embeddable":true,"href":"https:\/\/nicolasmanotas.com\/index.php?rest_route=%2Fwp%2Fv2%2Fcomments&post=556"}],"version-history":[{"count":2,"href":"https:\/\/nicolasmanotas.com\/index.php?rest_route=\/wp\/v2\/pages\/556\/revisions"}],"predecessor-version":[{"id":559,"href":"https:\/\/nicolasmanotas.com\/index.php?rest_route=\/wp\/v2\/pages\/556\/revisions\/559"}],"up":[{"embeddable":true,"href":"https:\/\/nicolasmanotas.com\/index.php?rest_route=\/wp\/v2\/pages\/527"}],"wp:featuredmedia":[{"embeddable":true,"href":"https:\/\/nicolasmanotas.com\/index.php?rest_route=\/wp\/v2\/media\/558"}],"wp:attachment":[{"href":"https:\/\/nicolasmanotas.com\/index.php?rest_route=%2Fwp%2Fv2%2Fmedia&parent=556"}],"curies":[{"name":"wp","href":"https:\/\/api.w.org\/{rel}","templated":true}]}}