{"id":560,"date":"2023-02-17T15:13:08","date_gmt":"2023-02-17T15:13:08","guid":{"rendered":"https:\/\/sauces.digisap.com\/?page_id=560"},"modified":"2023-02-17T19:26:20","modified_gmt":"2023-02-17T19:26:20","slug":"hernan-ballen","status":"publish","type":"page","link":"https:\/\/nicolasmanotas.com\/?page_id=560","title":{"rendered":"Hern\u00e1n Ball\u00e9n"},"content":{"rendered":"<div class=\"wp-block-image is-style-rounded\">\n<figure class=\"alignleft size-full\"><img loading=\"lazy\" decoding=\"async\" width=\"120\" height=\"120\" src=\"https:\/\/sauces.digisap.com\/wp-content\/uploads\/2023\/02\/hernan-2-120x120-1.jpeg\" alt=\"\" class=\"wp-image-562\"\/><\/figure>\n<\/div>\n\n\n<p><em>Gracias a Nicol\u00e1s he logrado organizar mis ideas y prioridades, ver que puedo llevar una vida m\u00e1s tranquila y enfocarme en lograr mis metas.<\/em><\/p>\n\n\n\n<hr class=\"wp-block-separator has-alpha-channel-opacity\"\/>\n\n\n\n<p><em>Thanks to Nicholas I managed to organize my ideas and priorities and be aware that I can have peaceful life and focus on the achieving of my goals.<\/em><\/p>\n","protected":false},"excerpt":{"rendered":"<p>Gracias a Nicol\u00e1s he logrado organizar mis ideas y prioridades, ver que puedo llevar una vida m\u00e1s tranquila y enfocarme en lograr mis metas. Thanks to Nicholas I managed to organize my ideas and priorities and be aware that I can have peaceful life and focus on the achieving of my goals.<\/p>\n","protected":false},"author":1,"featured_media":562,"parent":527,"menu_order":0,"comment_status":"closed","ping_status":"closed","template":"","meta":{"footnotes":""},"class_list":["post-560","page","type-page","status-publish","has-post-thumbnail","hentry"],"yoast_head":"<!-- This site is optimized with the Yoast SEO plugin v20.1 - https:\/\/yoast.com\/wordpress\/plugins\/seo\/ -->\n<title>Hern\u00e1n Ball\u00e9n - Nicol\u00e1s Manotas<\/title>\n<meta name=\"robots\" content=\"index, follow, max-snippet:-1, max-image-preview:large, max-video-preview:-1\" \/>\n<link rel=\"canonical\" href=\"https:\/\/nicolasmanotas.com\/?page_id=560\" \/>\n<meta property=\"og:locale\" content=\"es_ES\" \/>\n<meta property=\"og:type\" content=\"article\" \/>\n<meta property=\"og:title\" content=\"Hern\u00e1n Ball\u00e9n - Nicol\u00e1s Manotas\" \/>\n<meta property=\"og:description\" content=\"Gracias a Nicol\u00e1s he logrado organizar mis ideas y prioridades, ver que puedo llevar una vida m\u00e1s tranquila y enfocarme en lograr mis metas. Thanks to Nicholas I managed to organize my ideas and priorities and be aware that I can have peaceful life and focus on the achieving of my goals.\" \/>\n<meta property=\"og:url\" content=\"https:\/\/nicolasmanotas.com\/?page_id=560\" \/>\n<meta property=\"og:site_name\" content=\"Nicol\u00e1s Manotas\" \/>\n<meta property=\"article:modified_time\" content=\"2023-02-17T19:26:20+00:00\" \/>\n<meta property=\"og:image\" content=\"https:\/\/nicolasmanotas.com\/wp-content\/uploads\/2023\/02\/hernan-2-120x120-1.jpeg\" \/>\n\t<meta property=\"og:image:width\" content=\"120\" \/>\n\t<meta property=\"og:image:height\" content=\"120\" \/>\n\t<meta property=\"og:image:type\" content=\"image\/jpeg\" \/>\n<meta name=\"twitter:card\" content=\"summary_large_image\" \/>\n<meta name=\"twitter:label1\" content=\"Tiempo de lectura\" \/>\n\t<meta name=\"twitter:data1\" content=\"1 minuto\" \/>\n<script type=\"application\/ld+json\" class=\"yoast-schema-graph\">{\"@context\":\"https:\/\/schema.org\",\"@graph\":[{\"@type\":\"WebPage\",\"@id\":\"https:\/\/nicolasmanotas.com\/?page_id=560\",\"url\":\"https:\/\/nicolasmanotas.com\/?page_id=560\",\"name\":\"Hern\u00e1n Ball\u00e9n - Nicol\u00e1s Manotas\",\"isPartOf\":{\"@id\":\"https:\/\/nicolasmanotas.com\/#website\"},\"datePublished\":\"2023-02-17T15:13:08+00:00\",\"dateModified\":\"2023-02-17T19:26:20+00:00\",\"breadcrumb\":{\"@id\":\"https:\/\/nicolasmanotas.com\/?page_id=560#breadcrumb\"},\"inLanguage\":\"es\",\"potentialAction\":[{\"@type\":\"ReadAction\",\"target\":[\"https:\/\/nicolasmanotas.com\/?page_id=560\"]}]},{\"@type\":\"BreadcrumbList\",\"@id\":\"https:\/\/nicolasmanotas.com\/?page_id=560#breadcrumb\",\"itemListElement\":[{\"@type\":\"ListItem\",\"position\":1,\"name\":\"Testimonios \/ Testimonials\",\"item\":\"https:\/\/nicolasmanotas.com\/?page_id=527\"},{\"@type\":\"ListItem\",\"position\":2,\"name\":\"Hern\u00e1n Ball\u00e9n\"}]},{\"@type\":\"WebSite\",\"@id\":\"https:\/\/nicolasmanotas.com\/#website\",\"url\":\"https:\/\/nicolasmanotas.com\/\",\"name\":\"Nicol\u00e1s Manotas\",\"description\":\"\",\"potentialAction\":[{\"@type\":\"SearchAction\",\"target\":{\"@type\":\"EntryPoint\",\"urlTemplate\":\"https:\/\/nicolasmanotas.com\/?s={search_term_string}\"},\"query-input\":\"required name=search_term_string\"}],\"inLanguage\":\"es\"}]}<\/script>\n<!-- \/ Yoast SEO plugin. -->","yoast_head_json":{"title":"Hern\u00e1n Ball\u00e9n - Nicol\u00e1s Manotas","robots":{"index":"index","follow":"follow","max-snippet":"max-snippet:-1","max-image-preview":"max-image-preview:large","max-video-preview":"max-video-preview:-1"},"canonical":"https:\/\/nicolasmanotas.com\/?page_id=560","og_locale":"es_ES","og_type":"article","og_title":"Hern\u00e1n Ball\u00e9n - Nicol\u00e1s Manotas","og_description":"Gracias a Nicol\u00e1s he logrado organizar mis ideas y prioridades, ver que puedo llevar una vida m\u00e1s tranquila y enfocarme en lograr mis metas. Thanks to Nicholas I managed to organize my ideas and priorities and be aware that I can have peaceful life and focus on the achieving of my goals.","og_url":"https:\/\/nicolasmanotas.com\/?page_id=560","og_site_name":"Nicol\u00e1s Manotas","article_modified_time":"2023-02-17T19:26:20+00:00","og_image":[{"width":120,"height":120,"url":"https:\/\/nicolasmanotas.com\/wp-content\/uploads\/2023\/02\/hernan-2-120x120-1.jpeg","type":"image\/jpeg"}],"twitter_card":"summary_large_image","twitter_misc":{"Tiempo de lectura":"1 minuto"},"schema":{"@context":"https:\/\/schema.org","@graph":[{"@type":"WebPage","@id":"https:\/\/nicolasmanotas.com\/?page_id=560","url":"https:\/\/nicolasmanotas.com\/?page_id=560","name":"Hern\u00e1n Ball\u00e9n - Nicol\u00e1s Manotas","isPartOf":{"@id":"https:\/\/nicolasmanotas.com\/#website"},"datePublished":"2023-02-17T15:13:08+00:00","dateModified":"2023-02-17T19:26:20+00:00","breadcrumb":{"@id":"https:\/\/nicolasmanotas.com\/?page_id=560#breadcrumb"},"inLanguage":"es","potentialAction":[{"@type":"ReadAction","target":["https:\/\/nicolasmanotas.com\/?page_id=560"]}]},{"@type":"BreadcrumbList","@id":"https:\/\/nicolasmanotas.com\/?page_id=560#breadcrumb","itemListElement":[{"@type":"ListItem","position":1,"name":"Testimonios \/ Testimonials","item":"https:\/\/nicolasmanotas.com\/?page_id=527"},{"@type":"ListItem","position":2,"name":"Hern\u00e1n Ball\u00e9n"}]},{"@type":"WebSite","@id":"https:\/\/nicolasmanotas.com\/#website","url":"https:\/\/nicolasmanotas.com\/","name":"Nicol\u00e1s Manotas","description":"","potentialAction":[{"@type":"SearchAction","target":{"@type":"EntryPoint","urlTemplate":"https:\/\/nicolasmanotas.com\/?s={search_term_string}"},"query-input":"required name=search_term_string"}],"inLanguage":"es"}]}},"_links":{"self":[{"href":"https:\/\/nicolasmanotas.com\/index.php?rest_route=\/wp\/v2\/pages\/560","targetHints":{"allow":["GET"]}}],"collection":[{"href":"https:\/\/nicolasmanotas.com\/index.php?rest_route=\/wp\/v2\/pages"}],"about":[{"href":"https:\/\/nicolasmanotas.com\/index.php?rest_route=\/wp\/v2\/types\/page"}],"author":[{"embeddable":true,"href":"https:\/\/nicolasmanotas.com\/index.php?rest_route=\/wp\/v2\/users\/1"}],"replies":[{"embeddable":true,"href":"https:\/\/nicolasmanotas.com\/index.php?rest_route=%2Fwp%2Fv2%2Fcomments&post=560"}],"version-history":[{"count":2,"href":"https:\/\/nicolasmanotas.com\/index.php?rest_route=\/wp\/v2\/pages\/560\/revisions"}],"predecessor-version":[{"id":563,"href":"https:\/\/nicolasmanotas.com\/index.php?rest_route=\/wp\/v2\/pages\/560\/revisions\/563"}],"up":[{"embeddable":true,"href":"https:\/\/nicolasmanotas.com\/index.php?rest_route=\/wp\/v2\/pages\/527"}],"wp:featuredmedia":[{"embeddable":true,"href":"https:\/\/nicolasmanotas.com\/index.php?rest_route=\/wp\/v2\/media\/562"}],"wp:attachment":[{"href":"https:\/\/nicolasmanotas.com\/index.php?rest_route=%2Fwp%2Fv2%2Fmedia&parent=560"}],"curies":[{"name":"wp","href":"https:\/\/api.w.org\/{rel}","templated":true}]}}