{"id":564,"date":"2023-02-17T15:37:43","date_gmt":"2023-02-17T15:37:43","guid":{"rendered":"https:\/\/sauces.digisap.com\/?page_id=564"},"modified":"2023-02-17T19:19:15","modified_gmt":"2023-02-17T19:19:15","slug":"alejandra-escobar","status":"publish","type":"page","link":"https:\/\/nicolasmanotas.com\/?page_id=564","title":{"rendered":"Alejandra Escobar"},"content":{"rendered":"<div class=\"wp-block-image is-style-rounded\">\n<figure class=\"alignleft size-full\"><img loading=\"lazy\" decoding=\"async\" width=\"120\" height=\"120\" src=\"https:\/\/sauces.digisap.com\/wp-content\/uploads\/2023\/02\/alejandra-escobar-3-120x120-1.jpeg\" alt=\"\" class=\"wp-image-565\"\/><\/figure>\n<\/div>\n\n\n<p>Mi experiencia con Nicol\u00e1s fue algo muy emocionante ya que estaba en un momento muy susceptible de mi vida, acababa de terminar con mi novio q tanto amaba y ten\u00eda problemas familiares en mi casa&#8230; Para decir verdad era cero cr\u00e9dula con cualquier tipo de terapia, coaching etc., ya que siempre pens\u00e9 que las personas que lo realizaban eran muy convenientes para decir cosas en el momento preciso que simplemente hace que las personas lloraran y ya.<\/p>\n\n\n\n<p>Mi proceso comenz\u00f3 cuando Nicol\u00e1s tuvo una conversaci\u00f3n conmigo y empez\u00f3 a entender realmente lo que estaba pasando conmigo, se dio cuenta que necesitaba apoyo de alguien en un momento tan vulnerable para m\u00ed y que sin compromiso quer\u00eda hacerme una sesi\u00f3n.<\/p>\n\n\n\n<p>Cuando empezamos mi sesi\u00f3n de coaching nunca me imagin\u00e9 los descubrimientos tan importantes que Nicol\u00e1s hizo que yo viera en mi vida, la explicaci\u00f3n de muchas cosas que yo f\u00edsicamente ignoraba o no le ve\u00eda, la importancia de detalles que para m\u00ed eran insignificantes pero que para Nicol\u00e1s eran la base de alguno de mis comportamientos que justificaban la situaci\u00f3n en la que me encontraba en ese momento. Nunca se me va a olvidar algo que \u00e9l me dijo, algo como \u00abuno no genera cambios hasta no haber identificado el origen de las cosas, una vez lo identificas puedes hacer los cambios por ti mismo para que esa situaci\u00f3n desagradable no se vuelva a repetir\u00bb<\/p>\n\n\n\n<p>Gracias a esto y herramientas que aprend\u00ed pude liberarme de muchos pesos, pude abrirme a contarle cosas que no le he contado a nadie en mi vida, lidiar mi tristeza desde la comprensi\u00f3n y compasi\u00f3n<\/p>\n\n\n\n<p>Fue muy reconfortante y agradable el haber trabajado con Nicol\u00e1s, creo que es el coach que todos necesitamos en la vida.<br><\/p>\n\n\n\n<hr class=\"wp-block-separator has-alpha-channel-opacity\"\/>\n\n\n\n<p><br>My experience with Nicolas was very exciting specially because I was when I was in a very difficult moment of my life, I just finished my relationship with my boyfriend that I loved and had family problems at home &#8230; To tell the truth it was zero susceptible to any therapy, coaching etc., I always thought this people were opportunist that say things at the right time just to make people cry and that was it.<\/p>\n\n\n\n<p>My process began when Nicolas had a conversation with me and by listening to me he understood that I was struggling and he realized that I needed support from someone at such a vulnerable time and without requirement or payment he offer me a life coaching session.<\/p>\n\n\n\n<p>When we first started my coaching session I could never imagined how many important discoveries I would have about myself. Nicolas help me to understand many aspects that I physically ignored or did not see.<\/p>\n\n\n\n<p>With Nicolas help I started to pay attention to small details in my life. My discovery was that I was choosing not to pay attention to details because they were \u201cinsignificants\u201d to me or at least that\u2019s what I thought. &nbsp;Nicolas point it out that those details were the basis of many of my behaviors. I&#8217;ll never forget something he said to me, something like \u00abone does not generate changes until you have identified the origin of things, once you identify them, is when you can really start to change by yourself your reality in order to stop living the same situation over an over\u00bb<\/p>\n\n\n\n<p>Thanks to the discovering\u2019s that I have and the tools that I learned from this coaching process, I liberate myself from all the burdens of my past that I was carrying without been aware and didn\u2019t let me move forward with my life. I was able open my heart and mind to Nicolas and share with him aspects of my life that I didn\u2019t tell anyone. Being able to deal with my sadness with compassion and comprehension was liberating.<\/p>\n\n\n\n<p>It was very comforting and pleasant working with Nicolas, I think it&#8217;s the coach we all need in life.<\/p>\n","protected":false},"excerpt":{"rendered":"<p>Mi experiencia con Nicol\u00e1s fue algo muy emocionante ya que estaba en un momento muy susceptible de mi vida, acababa de terminar con mi novio q tanto amaba y ten\u00eda problemas familiares en mi casa&#8230; Para decir verdad era cero cr\u00e9dula con cualquier tipo de terapia, coaching etc., ya que siempre pens\u00e9 que las personas [&hellip;]<\/p>\n","protected":false},"author":1,"featured_media":565,"parent":527,"menu_order":0,"comment_status":"closed","ping_status":"closed","template":"","meta":{"footnotes":""},"class_list":["post-564","page","type-page","status-publish","has-post-thumbnail","hentry"],"yoast_head":"<!-- This site is optimized with the Yoast SEO plugin v20.1 - https:\/\/yoast.com\/wordpress\/plugins\/seo\/ -->\n<title>Alejandra Escobar - Nicol\u00e1s Manotas<\/title>\n<meta name=\"robots\" content=\"index, follow, max-snippet:-1, max-image-preview:large, max-video-preview:-1\" \/>\n<link rel=\"canonical\" href=\"https:\/\/nicolasmanotas.com\/?page_id=564\" \/>\n<meta property=\"og:locale\" content=\"es_ES\" \/>\n<meta property=\"og:type\" content=\"article\" \/>\n<meta property=\"og:title\" content=\"Alejandra Escobar - Nicol\u00e1s Manotas\" \/>\n<meta property=\"og:description\" content=\"Mi experiencia con Nicol\u00e1s fue algo muy emocionante ya que estaba en un momento muy susceptible de mi vida, acababa de terminar con mi novio q tanto amaba y ten\u00eda problemas familiares en mi casa&#8230; Para decir verdad era cero cr\u00e9dula con cualquier tipo de terapia, coaching etc., ya que siempre pens\u00e9 que las personas [&hellip;]\" \/>\n<meta property=\"og:url\" content=\"https:\/\/nicolasmanotas.com\/?page_id=564\" \/>\n<meta property=\"og:site_name\" content=\"Nicol\u00e1s Manotas\" \/>\n<meta property=\"article:modified_time\" content=\"2023-02-17T19:19:15+00:00\" \/>\n<meta property=\"og:image\" content=\"https:\/\/nicolasmanotas.com\/wp-content\/uploads\/2023\/02\/alejandra-escobar-3-120x120-1.jpeg\" \/>\n\t<meta property=\"og:image:width\" content=\"120\" \/>\n\t<meta property=\"og:image:height\" content=\"120\" \/>\n\t<meta property=\"og:image:type\" content=\"image\/jpeg\" \/>\n<meta name=\"twitter:card\" content=\"summary_large_image\" \/>\n<meta name=\"twitter:label1\" content=\"Tiempo de lectura\" \/>\n\t<meta name=\"twitter:data1\" content=\"4 minutos\" \/>\n<script type=\"application\/ld+json\" class=\"yoast-schema-graph\">{\"@context\":\"https:\/\/schema.org\",\"@graph\":[{\"@type\":\"WebPage\",\"@id\":\"https:\/\/nicolasmanotas.com\/?page_id=564\",\"url\":\"https:\/\/nicolasmanotas.com\/?page_id=564\",\"name\":\"Alejandra Escobar - Nicol\u00e1s Manotas\",\"isPartOf\":{\"@id\":\"https:\/\/nicolasmanotas.com\/#website\"},\"datePublished\":\"2023-02-17T15:37:43+00:00\",\"dateModified\":\"2023-02-17T19:19:15+00:00\",\"breadcrumb\":{\"@id\":\"https:\/\/nicolasmanotas.com\/?page_id=564#breadcrumb\"},\"inLanguage\":\"es\",\"potentialAction\":[{\"@type\":\"ReadAction\",\"target\":[\"https:\/\/nicolasmanotas.com\/?page_id=564\"]}]},{\"@type\":\"BreadcrumbList\",\"@id\":\"https:\/\/nicolasmanotas.com\/?page_id=564#breadcrumb\",\"itemListElement\":[{\"@type\":\"ListItem\",\"position\":1,\"name\":\"Testimonios \/ Testimonials\",\"item\":\"https:\/\/nicolasmanotas.com\/?page_id=527\"},{\"@type\":\"ListItem\",\"position\":2,\"name\":\"Alejandra Escobar\"}]},{\"@type\":\"WebSite\",\"@id\":\"https:\/\/nicolasmanotas.com\/#website\",\"url\":\"https:\/\/nicolasmanotas.com\/\",\"name\":\"Nicol\u00e1s Manotas\",\"description\":\"\",\"potentialAction\":[{\"@type\":\"SearchAction\",\"target\":{\"@type\":\"EntryPoint\",\"urlTemplate\":\"https:\/\/nicolasmanotas.com\/?s={search_term_string}\"},\"query-input\":\"required name=search_term_string\"}],\"inLanguage\":\"es\"}]}<\/script>\n<!-- \/ Yoast SEO plugin. -->","yoast_head_json":{"title":"Alejandra Escobar - Nicol\u00e1s Manotas","robots":{"index":"index","follow":"follow","max-snippet":"max-snippet:-1","max-image-preview":"max-image-preview:large","max-video-preview":"max-video-preview:-1"},"canonical":"https:\/\/nicolasmanotas.com\/?page_id=564","og_locale":"es_ES","og_type":"article","og_title":"Alejandra Escobar - Nicol\u00e1s Manotas","og_description":"Mi experiencia con Nicol\u00e1s fue algo muy emocionante ya que estaba en un momento muy susceptible de mi vida, acababa de terminar con mi novio q tanto amaba y ten\u00eda problemas familiares en mi casa&#8230; Para decir verdad era cero cr\u00e9dula con cualquier tipo de terapia, coaching etc., ya que siempre pens\u00e9 que las personas [&hellip;]","og_url":"https:\/\/nicolasmanotas.com\/?page_id=564","og_site_name":"Nicol\u00e1s Manotas","article_modified_time":"2023-02-17T19:19:15+00:00","og_image":[{"width":120,"height":120,"url":"https:\/\/nicolasmanotas.com\/wp-content\/uploads\/2023\/02\/alejandra-escobar-3-120x120-1.jpeg","type":"image\/jpeg"}],"twitter_card":"summary_large_image","twitter_misc":{"Tiempo de lectura":"4 minutos"},"schema":{"@context":"https:\/\/schema.org","@graph":[{"@type":"WebPage","@id":"https:\/\/nicolasmanotas.com\/?page_id=564","url":"https:\/\/nicolasmanotas.com\/?page_id=564","name":"Alejandra Escobar - Nicol\u00e1s Manotas","isPartOf":{"@id":"https:\/\/nicolasmanotas.com\/#website"},"datePublished":"2023-02-17T15:37:43+00:00","dateModified":"2023-02-17T19:19:15+00:00","breadcrumb":{"@id":"https:\/\/nicolasmanotas.com\/?page_id=564#breadcrumb"},"inLanguage":"es","potentialAction":[{"@type":"ReadAction","target":["https:\/\/nicolasmanotas.com\/?page_id=564"]}]},{"@type":"BreadcrumbList","@id":"https:\/\/nicolasmanotas.com\/?page_id=564#breadcrumb","itemListElement":[{"@type":"ListItem","position":1,"name":"Testimonios \/ Testimonials","item":"https:\/\/nicolasmanotas.com\/?page_id=527"},{"@type":"ListItem","position":2,"name":"Alejandra Escobar"}]},{"@type":"WebSite","@id":"https:\/\/nicolasmanotas.com\/#website","url":"https:\/\/nicolasmanotas.com\/","name":"Nicol\u00e1s Manotas","description":"","potentialAction":[{"@type":"SearchAction","target":{"@type":"EntryPoint","urlTemplate":"https:\/\/nicolasmanotas.com\/?s={search_term_string}"},"query-input":"required name=search_term_string"}],"inLanguage":"es"}]}},"_links":{"self":[{"href":"https:\/\/nicolasmanotas.com\/index.php?rest_route=\/wp\/v2\/pages\/564","targetHints":{"allow":["GET"]}}],"collection":[{"href":"https:\/\/nicolasmanotas.com\/index.php?rest_route=\/wp\/v2\/pages"}],"about":[{"href":"https:\/\/nicolasmanotas.com\/index.php?rest_route=\/wp\/v2\/types\/page"}],"author":[{"embeddable":true,"href":"https:\/\/nicolasmanotas.com\/index.php?rest_route=\/wp\/v2\/users\/1"}],"replies":[{"embeddable":true,"href":"https:\/\/nicolasmanotas.com\/index.php?rest_route=%2Fwp%2Fv2%2Fcomments&post=564"}],"version-history":[{"count":1,"href":"https:\/\/nicolasmanotas.com\/index.php?rest_route=\/wp\/v2\/pages\/564\/revisions"}],"predecessor-version":[{"id":566,"href":"https:\/\/nicolasmanotas.com\/index.php?rest_route=\/wp\/v2\/pages\/564\/revisions\/566"}],"up":[{"embeddable":true,"href":"https:\/\/nicolasmanotas.com\/index.php?rest_route=\/wp\/v2\/pages\/527"}],"wp:featuredmedia":[{"embeddable":true,"href":"https:\/\/nicolasmanotas.com\/index.php?rest_route=\/wp\/v2\/media\/565"}],"wp:attachment":[{"href":"https:\/\/nicolasmanotas.com\/index.php?rest_route=%2Fwp%2Fv2%2Fmedia&parent=564"}],"curies":[{"name":"wp","href":"https:\/\/api.w.org\/{rel}","templated":true}]}}