{"id":567,"date":"2023-02-17T15:39:25","date_gmt":"2023-02-17T15:39:25","guid":{"rendered":"https:\/\/sauces.digisap.com\/?page_id=567"},"modified":"2023-02-17T19:25:24","modified_gmt":"2023-02-17T19:25:24","slug":"emilia-mejia","status":"publish","type":"page","link":"https:\/\/nicolasmanotas.com\/?page_id=567","title":{"rendered":"Emilia Mej\u00eda"},"content":{"rendered":"<div class=\"wp-block-image is-style-rounded\">\n<figure class=\"alignleft size-full\"><img loading=\"lazy\" decoding=\"async\" width=\"120\" height=\"120\" src=\"https:\/\/sauces.digisap.com\/wp-content\/uploads\/2023\/02\/emilia-120x120-1.jpeg\" alt=\"\" class=\"wp-image-569\"\/><\/figure>\n<\/div>\n\n\n<p>Fue muy significante para m\u00ed lo descubierto con Nicol\u00e1s durante mis sesiones de coaching, esto marco una etapa importante de mi vida. Aprend\u00ed como trabajar en mi crecimiento personal desde una perspectiva que nunca antes hab\u00eda experimentado.<\/p>\n\n\n\n<p>El tiempo que duro mi proceso fue muy especial y me sorprendi\u00f3 gratamente, fue la oportunidad para dar aquellos pasos que hasta el momento no hab\u00eda podido dar, como lo fue el haber podido darle voz a lo que suced\u00eda en mi lucha interior y hacer conciencia de que era lo que estaba desbalanceado en mi vida.<\/p>\n\n\n\n<p>Puedo decir que hoy d\u00eda, me siento m\u00e1s completa y con un balance entre mi mente, mi cuerpo y mis emociones lo cual me ha permitido entender un poco mejor como hacer realidad mis sue\u00f1os y metas.<br><\/p>\n\n\n\n<hr class=\"wp-block-separator has-alpha-channel-opacity\"\/>\n\n\n\n<p><br>It was very significant for me what I found with Nicolas coaching. It meant a big step in my life. I learned how to look at my life in a different way.<\/p>\n\n\n\n<p>The time with him was very special and it was surprising! It was a forward move in my life, being able to put a voice to my inner struggle and having awareness that something was out of balance inside me.<\/p>\n\n\n\n<p>Today my mental and physical health is stronger, he helped me understand me a little bit better and to know how to accomplish my goals in life.<\/p>\n","protected":false},"excerpt":{"rendered":"<p>Fue muy significante para m\u00ed lo descubierto con Nicol\u00e1s durante mis sesiones de coaching, esto marco una etapa importante de mi vida. Aprend\u00ed como trabajar en mi crecimiento personal desde una perspectiva que nunca antes hab\u00eda experimentado. El tiempo que duro mi proceso fue muy especial y me sorprendi\u00f3 gratamente, fue la oportunidad para dar [&hellip;]<\/p>\n","protected":false},"author":1,"featured_media":569,"parent":527,"menu_order":0,"comment_status":"closed","ping_status":"closed","template":"","meta":{"footnotes":""},"class_list":["post-567","page","type-page","status-publish","has-post-thumbnail","hentry"],"yoast_head":"<!-- This site is optimized with the Yoast SEO plugin v20.1 - https:\/\/yoast.com\/wordpress\/plugins\/seo\/ -->\n<title>Emilia Mej\u00eda - Nicol\u00e1s Manotas<\/title>\n<meta name=\"robots\" content=\"index, follow, max-snippet:-1, max-image-preview:large, max-video-preview:-1\" \/>\n<link rel=\"canonical\" href=\"https:\/\/nicolasmanotas.com\/?page_id=567\" \/>\n<meta property=\"og:locale\" content=\"es_ES\" \/>\n<meta property=\"og:type\" content=\"article\" \/>\n<meta property=\"og:title\" content=\"Emilia Mej\u00eda - Nicol\u00e1s Manotas\" \/>\n<meta property=\"og:description\" content=\"Fue muy significante para m\u00ed lo descubierto con Nicol\u00e1s durante mis sesiones de coaching, esto marco una etapa importante de mi vida. Aprend\u00ed como trabajar en mi crecimiento personal desde una perspectiva que nunca antes hab\u00eda experimentado. El tiempo que duro mi proceso fue muy especial y me sorprendi\u00f3 gratamente, fue la oportunidad para dar [&hellip;]\" \/>\n<meta property=\"og:url\" content=\"https:\/\/nicolasmanotas.com\/?page_id=567\" \/>\n<meta property=\"og:site_name\" content=\"Nicol\u00e1s Manotas\" \/>\n<meta property=\"article:modified_time\" content=\"2023-02-17T19:25:24+00:00\" \/>\n<meta property=\"og:image\" content=\"https:\/\/nicolasmanotas.com\/wp-content\/uploads\/2023\/02\/emilia-120x120-1.jpeg\" \/>\n\t<meta property=\"og:image:width\" content=\"120\" \/>\n\t<meta property=\"og:image:height\" content=\"120\" \/>\n\t<meta property=\"og:image:type\" content=\"image\/jpeg\" \/>\n<meta name=\"twitter:card\" content=\"summary_large_image\" \/>\n<meta name=\"twitter:label1\" content=\"Tiempo de lectura\" \/>\n\t<meta name=\"twitter:data1\" content=\"2 minutos\" \/>\n<script type=\"application\/ld+json\" class=\"yoast-schema-graph\">{\"@context\":\"https:\/\/schema.org\",\"@graph\":[{\"@type\":\"WebPage\",\"@id\":\"https:\/\/nicolasmanotas.com\/?page_id=567\",\"url\":\"https:\/\/nicolasmanotas.com\/?page_id=567\",\"name\":\"Emilia Mej\u00eda - Nicol\u00e1s Manotas\",\"isPartOf\":{\"@id\":\"https:\/\/nicolasmanotas.com\/#website\"},\"datePublished\":\"2023-02-17T15:39:25+00:00\",\"dateModified\":\"2023-02-17T19:25:24+00:00\",\"breadcrumb\":{\"@id\":\"https:\/\/nicolasmanotas.com\/?page_id=567#breadcrumb\"},\"inLanguage\":\"es\",\"potentialAction\":[{\"@type\":\"ReadAction\",\"target\":[\"https:\/\/nicolasmanotas.com\/?page_id=567\"]}]},{\"@type\":\"BreadcrumbList\",\"@id\":\"https:\/\/nicolasmanotas.com\/?page_id=567#breadcrumb\",\"itemListElement\":[{\"@type\":\"ListItem\",\"position\":1,\"name\":\"Testimonios \/ Testimonials\",\"item\":\"https:\/\/nicolasmanotas.com\/?page_id=527\"},{\"@type\":\"ListItem\",\"position\":2,\"name\":\"Emilia Mej\u00eda\"}]},{\"@type\":\"WebSite\",\"@id\":\"https:\/\/nicolasmanotas.com\/#website\",\"url\":\"https:\/\/nicolasmanotas.com\/\",\"name\":\"Nicol\u00e1s Manotas\",\"description\":\"\",\"potentialAction\":[{\"@type\":\"SearchAction\",\"target\":{\"@type\":\"EntryPoint\",\"urlTemplate\":\"https:\/\/nicolasmanotas.com\/?s={search_term_string}\"},\"query-input\":\"required name=search_term_string\"}],\"inLanguage\":\"es\"}]}<\/script>\n<!-- \/ Yoast SEO plugin. -->","yoast_head_json":{"title":"Emilia Mej\u00eda - Nicol\u00e1s Manotas","robots":{"index":"index","follow":"follow","max-snippet":"max-snippet:-1","max-image-preview":"max-image-preview:large","max-video-preview":"max-video-preview:-1"},"canonical":"https:\/\/nicolasmanotas.com\/?page_id=567","og_locale":"es_ES","og_type":"article","og_title":"Emilia Mej\u00eda - Nicol\u00e1s Manotas","og_description":"Fue muy significante para m\u00ed lo descubierto con Nicol\u00e1s durante mis sesiones de coaching, esto marco una etapa importante de mi vida. Aprend\u00ed como trabajar en mi crecimiento personal desde una perspectiva que nunca antes hab\u00eda experimentado. El tiempo que duro mi proceso fue muy especial y me sorprendi\u00f3 gratamente, fue la oportunidad para dar [&hellip;]","og_url":"https:\/\/nicolasmanotas.com\/?page_id=567","og_site_name":"Nicol\u00e1s Manotas","article_modified_time":"2023-02-17T19:25:24+00:00","og_image":[{"width":120,"height":120,"url":"https:\/\/nicolasmanotas.com\/wp-content\/uploads\/2023\/02\/emilia-120x120-1.jpeg","type":"image\/jpeg"}],"twitter_card":"summary_large_image","twitter_misc":{"Tiempo de lectura":"2 minutos"},"schema":{"@context":"https:\/\/schema.org","@graph":[{"@type":"WebPage","@id":"https:\/\/nicolasmanotas.com\/?page_id=567","url":"https:\/\/nicolasmanotas.com\/?page_id=567","name":"Emilia Mej\u00eda - Nicol\u00e1s Manotas","isPartOf":{"@id":"https:\/\/nicolasmanotas.com\/#website"},"datePublished":"2023-02-17T15:39:25+00:00","dateModified":"2023-02-17T19:25:24+00:00","breadcrumb":{"@id":"https:\/\/nicolasmanotas.com\/?page_id=567#breadcrumb"},"inLanguage":"es","potentialAction":[{"@type":"ReadAction","target":["https:\/\/nicolasmanotas.com\/?page_id=567"]}]},{"@type":"BreadcrumbList","@id":"https:\/\/nicolasmanotas.com\/?page_id=567#breadcrumb","itemListElement":[{"@type":"ListItem","position":1,"name":"Testimonios \/ Testimonials","item":"https:\/\/nicolasmanotas.com\/?page_id=527"},{"@type":"ListItem","position":2,"name":"Emilia Mej\u00eda"}]},{"@type":"WebSite","@id":"https:\/\/nicolasmanotas.com\/#website","url":"https:\/\/nicolasmanotas.com\/","name":"Nicol\u00e1s Manotas","description":"","potentialAction":[{"@type":"SearchAction","target":{"@type":"EntryPoint","urlTemplate":"https:\/\/nicolasmanotas.com\/?s={search_term_string}"},"query-input":"required name=search_term_string"}],"inLanguage":"es"}]}},"_links":{"self":[{"href":"https:\/\/nicolasmanotas.com\/index.php?rest_route=\/wp\/v2\/pages\/567","targetHints":{"allow":["GET"]}}],"collection":[{"href":"https:\/\/nicolasmanotas.com\/index.php?rest_route=\/wp\/v2\/pages"}],"about":[{"href":"https:\/\/nicolasmanotas.com\/index.php?rest_route=\/wp\/v2\/types\/page"}],"author":[{"embeddable":true,"href":"https:\/\/nicolasmanotas.com\/index.php?rest_route=\/wp\/v2\/users\/1"}],"replies":[{"embeddable":true,"href":"https:\/\/nicolasmanotas.com\/index.php?rest_route=%2Fwp%2Fv2%2Fcomments&post=567"}],"version-history":[{"count":2,"href":"https:\/\/nicolasmanotas.com\/index.php?rest_route=\/wp\/v2\/pages\/567\/revisions"}],"predecessor-version":[{"id":570,"href":"https:\/\/nicolasmanotas.com\/index.php?rest_route=\/wp\/v2\/pages\/567\/revisions\/570"}],"up":[{"embeddable":true,"href":"https:\/\/nicolasmanotas.com\/index.php?rest_route=\/wp\/v2\/pages\/527"}],"wp:featuredmedia":[{"embeddable":true,"href":"https:\/\/nicolasmanotas.com\/index.php?rest_route=\/wp\/v2\/media\/569"}],"wp:attachment":[{"href":"https:\/\/nicolasmanotas.com\/index.php?rest_route=%2Fwp%2Fv2%2Fmedia&parent=567"}],"curies":[{"name":"wp","href":"https:\/\/api.w.org\/{rel}","templated":true}]}}