{"id":571,"date":"2023-02-17T15:58:16","date_gmt":"2023-02-17T15:58:16","guid":{"rendered":"https:\/\/sauces.digisap.com\/?page_id=571"},"modified":"2023-02-17T19:29:31","modified_gmt":"2023-02-17T19:29:31","slug":"melisa-franco","status":"publish","type":"page","link":"https:\/\/nicolasmanotas.com\/?page_id=571","title":{"rendered":"Melisa Franco"},"content":{"rendered":"<div class=\"wp-block-image is-style-rounded\">\n<figure class=\"alignleft size-full\"><img loading=\"lazy\" decoding=\"async\" width=\"120\" height=\"120\" src=\"https:\/\/sauces.digisap.com\/wp-content\/uploads\/2023\/02\/meli-franco-120x120-1.jpeg\" alt=\"\" class=\"wp-image-573\"\/><\/figure>\n<\/div>\n\n\n<p>Nicol\u00e1s es un coach muy profesional, de las sesiones que tuve con \u00e9l, puedo decir que me enriquecieron como persona permiti\u00e9ndome un proceso de cambio por medio del aprendizaje, generando claridad de lo que de verdad quiero en mi vida.<\/p>\n\n\n\n<p>Por medio de preguntas y reflexiones personales, me llev\u00f3 a un estado de conciencia superior que por m\u00ed misma estaba siendo muy complicado alcanzar. Esto me ha permitido mejorar mi vida y la de mi entorno. Por medio de este proceso de coaching con Nicol\u00e1s creo que es m\u00e1s f\u00e1cil alcanzar mis objetivos y mis sue\u00f1os.<\/p>\n\n\n\n<p>En las sesiones de coaching trabaj\u00e9 temas como: superar miedos, relaciones sentimentales dolorosas, inseguridades, relaciones sentimentales nocivas y amor propio.<\/p>\n\n\n\n<p>Me proporciono puntos de vista positivos, me ayudo a superar limites, miedos, y creencias. Me incentivo a la toma de decisiones m\u00e1s r\u00e1pidamente y la capacidad de resolver situaciones no deseadas.<\/p>\n\n\n\n<p>Hasta el d\u00eda de hoy sigo usando herramientas que las sesiones me proporcionaron para ser una mejor persona en mi vida personal y profesional.<br><\/p>\n\n\n\n<hr class=\"wp-block-separator has-alpha-channel-opacity\"\/>\n\n\n\n<p><br>Nicolas is a very professional coach, from the coaching that I had with him, I can say that enriched me as a person allowing me a process of change through learning, creating clarity of what I really want in my life.<\/p>\n\n\n\n<p>Through questions and personal reflections, he took me to a state of awareness that was very difficult to achieve by myself and this has allowed me to improve my life in every aspect. Through the life coaching process with Nicholas I see a clearly path to achieve my goals and my dreams.<\/p>\n\n\n\n<p>In the coaching sessions I worked on topics such as overcoming fears, painful romantic relationships, insecurities, harmful romantic relationships and self-esteem.<\/p>\n\n\n\n<p>Nicolas provide me positive feedback and helped me to overcome limits, fears and beliefs. The coaching was a power tool that allowed me to take the bull by the horns and started to make decision that was need it to be done in my life<br>&nbsp;<br>Until today I still use the tools that I learned from my life coaching process in order to be a better person in my personal and professional life.<\/p>\n","protected":false},"excerpt":{"rendered":"<p>Nicol\u00e1s es un coach muy profesional, de las sesiones que tuve con \u00e9l, puedo decir que me enriquecieron como persona permiti\u00e9ndome un proceso de cambio por medio del aprendizaje, generando claridad de lo que de verdad quiero en mi vida. Por medio de preguntas y reflexiones personales, me llev\u00f3 a un estado de conciencia superior [&hellip;]<\/p>\n","protected":false},"author":1,"featured_media":573,"parent":527,"menu_order":0,"comment_status":"closed","ping_status":"closed","template":"","meta":{"footnotes":""},"class_list":["post-571","page","type-page","status-publish","has-post-thumbnail","hentry"],"yoast_head":"<!-- This site is optimized with the Yoast SEO plugin v20.1 - https:\/\/yoast.com\/wordpress\/plugins\/seo\/ -->\n<title>Melisa Franco - Nicol\u00e1s Manotas<\/title>\n<meta name=\"robots\" content=\"index, follow, max-snippet:-1, max-image-preview:large, max-video-preview:-1\" \/>\n<link rel=\"canonical\" href=\"https:\/\/nicolasmanotas.com\/?page_id=571\" \/>\n<meta property=\"og:locale\" content=\"es_ES\" \/>\n<meta property=\"og:type\" content=\"article\" \/>\n<meta property=\"og:title\" content=\"Melisa Franco - Nicol\u00e1s Manotas\" \/>\n<meta property=\"og:description\" content=\"Nicol\u00e1s es un coach muy profesional, de las sesiones que tuve con \u00e9l, puedo decir que me enriquecieron como persona permiti\u00e9ndome un proceso de cambio por medio del aprendizaje, generando claridad de lo que de verdad quiero en mi vida. Por medio de preguntas y reflexiones personales, me llev\u00f3 a un estado de conciencia superior [&hellip;]\" \/>\n<meta property=\"og:url\" content=\"https:\/\/nicolasmanotas.com\/?page_id=571\" \/>\n<meta property=\"og:site_name\" content=\"Nicol\u00e1s Manotas\" \/>\n<meta property=\"article:modified_time\" content=\"2023-02-17T19:29:31+00:00\" \/>\n<meta property=\"og:image\" content=\"https:\/\/nicolasmanotas.com\/wp-content\/uploads\/2023\/02\/meli-franco-120x120-1.jpeg\" \/>\n\t<meta property=\"og:image:width\" content=\"120\" \/>\n\t<meta property=\"og:image:height\" content=\"120\" \/>\n\t<meta property=\"og:image:type\" content=\"image\/jpeg\" \/>\n<meta name=\"twitter:card\" content=\"summary_large_image\" \/>\n<meta name=\"twitter:label1\" content=\"Tiempo de lectura\" \/>\n\t<meta name=\"twitter:data1\" content=\"2 minutos\" \/>\n<script type=\"application\/ld+json\" class=\"yoast-schema-graph\">{\"@context\":\"https:\/\/schema.org\",\"@graph\":[{\"@type\":\"WebPage\",\"@id\":\"https:\/\/nicolasmanotas.com\/?page_id=571\",\"url\":\"https:\/\/nicolasmanotas.com\/?page_id=571\",\"name\":\"Melisa Franco - Nicol\u00e1s Manotas\",\"isPartOf\":{\"@id\":\"https:\/\/nicolasmanotas.com\/#website\"},\"datePublished\":\"2023-02-17T15:58:16+00:00\",\"dateModified\":\"2023-02-17T19:29:31+00:00\",\"breadcrumb\":{\"@id\":\"https:\/\/nicolasmanotas.com\/?page_id=571#breadcrumb\"},\"inLanguage\":\"es\",\"potentialAction\":[{\"@type\":\"ReadAction\",\"target\":[\"https:\/\/nicolasmanotas.com\/?page_id=571\"]}]},{\"@type\":\"BreadcrumbList\",\"@id\":\"https:\/\/nicolasmanotas.com\/?page_id=571#breadcrumb\",\"itemListElement\":[{\"@type\":\"ListItem\",\"position\":1,\"name\":\"Testimonios \/ Testimonials\",\"item\":\"https:\/\/nicolasmanotas.com\/?page_id=527\"},{\"@type\":\"ListItem\",\"position\":2,\"name\":\"Melisa Franco\"}]},{\"@type\":\"WebSite\",\"@id\":\"https:\/\/nicolasmanotas.com\/#website\",\"url\":\"https:\/\/nicolasmanotas.com\/\",\"name\":\"Nicol\u00e1s Manotas\",\"description\":\"\",\"potentialAction\":[{\"@type\":\"SearchAction\",\"target\":{\"@type\":\"EntryPoint\",\"urlTemplate\":\"https:\/\/nicolasmanotas.com\/?s={search_term_string}\"},\"query-input\":\"required name=search_term_string\"}],\"inLanguage\":\"es\"}]}<\/script>\n<!-- \/ Yoast SEO plugin. -->","yoast_head_json":{"title":"Melisa Franco - Nicol\u00e1s Manotas","robots":{"index":"index","follow":"follow","max-snippet":"max-snippet:-1","max-image-preview":"max-image-preview:large","max-video-preview":"max-video-preview:-1"},"canonical":"https:\/\/nicolasmanotas.com\/?page_id=571","og_locale":"es_ES","og_type":"article","og_title":"Melisa Franco - Nicol\u00e1s Manotas","og_description":"Nicol\u00e1s es un coach muy profesional, de las sesiones que tuve con \u00e9l, puedo decir que me enriquecieron como persona permiti\u00e9ndome un proceso de cambio por medio del aprendizaje, generando claridad de lo que de verdad quiero en mi vida. Por medio de preguntas y reflexiones personales, me llev\u00f3 a un estado de conciencia superior [&hellip;]","og_url":"https:\/\/nicolasmanotas.com\/?page_id=571","og_site_name":"Nicol\u00e1s Manotas","article_modified_time":"2023-02-17T19:29:31+00:00","og_image":[{"width":120,"height":120,"url":"https:\/\/nicolasmanotas.com\/wp-content\/uploads\/2023\/02\/meli-franco-120x120-1.jpeg","type":"image\/jpeg"}],"twitter_card":"summary_large_image","twitter_misc":{"Tiempo de lectura":"2 minutos"},"schema":{"@context":"https:\/\/schema.org","@graph":[{"@type":"WebPage","@id":"https:\/\/nicolasmanotas.com\/?page_id=571","url":"https:\/\/nicolasmanotas.com\/?page_id=571","name":"Melisa Franco - Nicol\u00e1s Manotas","isPartOf":{"@id":"https:\/\/nicolasmanotas.com\/#website"},"datePublished":"2023-02-17T15:58:16+00:00","dateModified":"2023-02-17T19:29:31+00:00","breadcrumb":{"@id":"https:\/\/nicolasmanotas.com\/?page_id=571#breadcrumb"},"inLanguage":"es","potentialAction":[{"@type":"ReadAction","target":["https:\/\/nicolasmanotas.com\/?page_id=571"]}]},{"@type":"BreadcrumbList","@id":"https:\/\/nicolasmanotas.com\/?page_id=571#breadcrumb","itemListElement":[{"@type":"ListItem","position":1,"name":"Testimonios \/ Testimonials","item":"https:\/\/nicolasmanotas.com\/?page_id=527"},{"@type":"ListItem","position":2,"name":"Melisa Franco"}]},{"@type":"WebSite","@id":"https:\/\/nicolasmanotas.com\/#website","url":"https:\/\/nicolasmanotas.com\/","name":"Nicol\u00e1s Manotas","description":"","potentialAction":[{"@type":"SearchAction","target":{"@type":"EntryPoint","urlTemplate":"https:\/\/nicolasmanotas.com\/?s={search_term_string}"},"query-input":"required name=search_term_string"}],"inLanguage":"es"}]}},"_links":{"self":[{"href":"https:\/\/nicolasmanotas.com\/index.php?rest_route=\/wp\/v2\/pages\/571","targetHints":{"allow":["GET"]}}],"collection":[{"href":"https:\/\/nicolasmanotas.com\/index.php?rest_route=\/wp\/v2\/pages"}],"about":[{"href":"https:\/\/nicolasmanotas.com\/index.php?rest_route=\/wp\/v2\/types\/page"}],"author":[{"embeddable":true,"href":"https:\/\/nicolasmanotas.com\/index.php?rest_route=\/wp\/v2\/users\/1"}],"replies":[{"embeddable":true,"href":"https:\/\/nicolasmanotas.com\/index.php?rest_route=%2Fwp%2Fv2%2Fcomments&post=571"}],"version-history":[{"count":2,"href":"https:\/\/nicolasmanotas.com\/index.php?rest_route=\/wp\/v2\/pages\/571\/revisions"}],"predecessor-version":[{"id":574,"href":"https:\/\/nicolasmanotas.com\/index.php?rest_route=\/wp\/v2\/pages\/571\/revisions\/574"}],"up":[{"embeddable":true,"href":"https:\/\/nicolasmanotas.com\/index.php?rest_route=\/wp\/v2\/pages\/527"}],"wp:featuredmedia":[{"embeddable":true,"href":"https:\/\/nicolasmanotas.com\/index.php?rest_route=\/wp\/v2\/media\/573"}],"wp:attachment":[{"href":"https:\/\/nicolasmanotas.com\/index.php?rest_route=%2Fwp%2Fv2%2Fmedia&parent=571"}],"curies":[{"name":"wp","href":"https:\/\/api.w.org\/{rel}","templated":true}]}}