{"id":583,"date":"2023-02-17T16:04:47","date_gmt":"2023-02-17T16:04:47","guid":{"rendered":"https:\/\/sauces.digisap.com\/?page_id=583"},"modified":"2024-02-27T18:35:15","modified_gmt":"2024-02-27T18:35:15","slug":"rocio-ceballos","status":"publish","type":"page","link":"https:\/\/nicolasmanotas.com\/?page_id=583","title":{"rendered":"Roc\u00edo Ceballos"},"content":{"rendered":"<div class=\"wp-block-image is-style-rounded\">\n<figure class=\"alignleft size-full\"><img loading=\"lazy\" decoding=\"async\" width=\"120\" height=\"120\" src=\"https:\/\/nicolasmanotas.com\/wp-content\/uploads\/2023\/02\/rochi-120x120-1.jpeg\" alt=\"\" class=\"wp-image-585\"\/><\/figure>\n<\/div>\n\n\n<p>Me gustar\u00eda dar constancia del profesionalismo y capacidad Nicol\u00e1s como Life Coach. Por razones personales y en base a recomendaci\u00f3n de personas cercanas decid\u00ed empezar las sesiones en busca m\u00e1s que nada de un crecimiento personal.<\/p>\n\n\n\n<p>Dado el momento en que me encontraba me sent\u00eda atrapada en muchas cuestiones de mi vida e indecisa de c\u00f3mo poder afrontar distintas situaciones que se me presentaban. Para m\u00ed fue un momento muy clave en como solamente en la primera sesi\u00f3n Nicol\u00e1s fue capaz de remontarme a mi ni\u00f1ez y as\u00ed poder identificar cu\u00e1l en especial fue uno de los momentos que marcaron mi vida y no me dejaban soltar esa atadura que sigui\u00f3 hasta la edad adulta.<\/p>\n\n\n\n<p>Fue durante las siguientes sesiones que por medio del coaching me fue quedando m\u00e1s claro c\u00f3mo poder afrontar lo que en aquel momento consideraba como problemas o lo que a veces inclusive no sab\u00eda que eran reacciones de defensa aprendidas en mi entorno y c\u00f3mo corregirlas.<\/p>\n\n\n\n<p>Todo crecimiento personal requiere esfuerzo y dedicaci\u00f3n, la gu\u00eda y apoyo que brinda Nicol\u00e1s fue clave para poder identificar el siguiente paso y hacer un plan de ataque en c\u00f3mo ir mejorando&#8230; &nbsp;tener su apoyo me ayudo en comenzar un proceso de crecimiento personal en mi vida y a poco a poco dejar el miedo de salir de la zona de confort para poder explorar nuevas alternativas en mi vida.<\/p>\n\n\n\n<p>No dudar\u00eda en recomendarlo a cualquier persona que est\u00e9 en busca de un gu\u00eda y maestro para encaminar su vida hacia donde la quiere llevar.<\/p>\n\n\n\n<hr class=\"wp-block-separator has-alpha-channel-opacity\"\/>\n\n\n\n<p><br>My name is Rocio Ceballos and I would like to point it out the professionalism and capacity of Nicolas as Life Coach. For personal reasons and based on recommendation from people close to me, I decided to start a coaching process to achieve personal growth.<\/p>\n\n\n\n<p>In that moment of my life I felt that I was trapped on many issues of my life and I was uncertain of how to deal with present reality. In the first session there was a key moment were Nicolas was able to took me back to my childhood and help me to identify which especial circumstance have marked my life and how the interpretation of that situation was a present in my adult life holding me back in many ways.<\/p>\n\n\n\n<p>During the coaching sessions its start to become clearly how to identify the roots of my problems and even to identify problems that I wasn\u2019t aware that exist.&nbsp; With this awareness I understood way I react in automatic to many situations and I started to change my behavior.<\/p>\n\n\n\n<p>All personal growth requires effort, dedication, guidance and support and what I received from Nicolas Coaching was the key to identify the next step on my path. With a new perspective I start to take actions that improve my life step by step<\/p>\n\n\n\n<p>Having Nicolas support helped me to start a process of personal growth in my life and slowly let go the fear of leaving the comfort zone to explore new alternatives in my life.<\/p>\n\n\n\n<p>There is no question that I would recommend Nicolas to anyone who is looking for guidance and coaching in order to achieve their goals and dreams.<\/p>\n","protected":false},"excerpt":{"rendered":"<p>Me gustar\u00eda dar constancia del profesionalismo y capacidad Nicol\u00e1s como Life Coach. Por razones personales y en base a recomendaci\u00f3n de personas cercanas decid\u00ed empezar las sesiones en busca m\u00e1s que nada de un crecimiento personal. Dado el momento en que me encontraba me sent\u00eda atrapada en muchas cuestiones de mi vida e indecisa de [&hellip;]<\/p>\n","protected":false},"author":1,"featured_media":585,"parent":527,"menu_order":0,"comment_status":"closed","ping_status":"closed","template":"","meta":{"footnotes":""},"class_list":["post-583","page","type-page","status-publish","has-post-thumbnail","hentry"],"yoast_head":"<!-- This site is optimized with the Yoast SEO plugin v20.1 - https:\/\/yoast.com\/wordpress\/plugins\/seo\/ -->\n<title>Roc\u00edo Ceballos - Nicol\u00e1s Manotas<\/title>\n<meta name=\"robots\" content=\"index, follow, max-snippet:-1, max-image-preview:large, max-video-preview:-1\" \/>\n<link rel=\"canonical\" href=\"https:\/\/nicolasmanotas.com\/?page_id=583\" \/>\n<meta property=\"og:locale\" content=\"es_ES\" \/>\n<meta property=\"og:type\" content=\"article\" \/>\n<meta property=\"og:title\" content=\"Roc\u00edo Ceballos - Nicol\u00e1s Manotas\" \/>\n<meta property=\"og:description\" content=\"Me gustar\u00eda dar constancia del profesionalismo y capacidad Nicol\u00e1s como Life Coach. Por razones personales y en base a recomendaci\u00f3n de personas cercanas decid\u00ed empezar las sesiones en busca m\u00e1s que nada de un crecimiento personal. Dado el momento en que me encontraba me sent\u00eda atrapada en muchas cuestiones de mi vida e indecisa de [&hellip;]\" \/>\n<meta property=\"og:url\" content=\"https:\/\/nicolasmanotas.com\/?page_id=583\" \/>\n<meta property=\"og:site_name\" content=\"Nicol\u00e1s Manotas\" \/>\n<meta property=\"article:modified_time\" content=\"2024-02-27T18:35:15+00:00\" \/>\n<meta property=\"og:image\" content=\"https:\/\/nicolasmanotas.com\/wp-content\/uploads\/2023\/02\/rochi-120x120-1.jpeg\" \/>\n\t<meta property=\"og:image:width\" content=\"120\" \/>\n\t<meta property=\"og:image:height\" content=\"120\" \/>\n\t<meta property=\"og:image:type\" content=\"image\/jpeg\" \/>\n<meta name=\"twitter:card\" content=\"summary_large_image\" \/>\n<meta name=\"twitter:label1\" content=\"Tiempo de lectura\" \/>\n\t<meta name=\"twitter:data1\" content=\"3 minutos\" \/>\n<script type=\"application\/ld+json\" class=\"yoast-schema-graph\">{\"@context\":\"https:\/\/schema.org\",\"@graph\":[{\"@type\":\"WebPage\",\"@id\":\"https:\/\/nicolasmanotas.com\/?page_id=583\",\"url\":\"https:\/\/nicolasmanotas.com\/?page_id=583\",\"name\":\"Roc\u00edo Ceballos - Nicol\u00e1s Manotas\",\"isPartOf\":{\"@id\":\"https:\/\/nicolasmanotas.com\/#website\"},\"datePublished\":\"2023-02-17T16:04:47+00:00\",\"dateModified\":\"2024-02-27T18:35:15+00:00\",\"breadcrumb\":{\"@id\":\"https:\/\/nicolasmanotas.com\/?page_id=583#breadcrumb\"},\"inLanguage\":\"es\",\"potentialAction\":[{\"@type\":\"ReadAction\",\"target\":[\"https:\/\/nicolasmanotas.com\/?page_id=583\"]}]},{\"@type\":\"BreadcrumbList\",\"@id\":\"https:\/\/nicolasmanotas.com\/?page_id=583#breadcrumb\",\"itemListElement\":[{\"@type\":\"ListItem\",\"position\":1,\"name\":\"Testimonios \/ Testimonials\",\"item\":\"https:\/\/nicolasmanotas.com\/?page_id=527\"},{\"@type\":\"ListItem\",\"position\":2,\"name\":\"Roc\u00edo Ceballos\"}]},{\"@type\":\"WebSite\",\"@id\":\"https:\/\/nicolasmanotas.com\/#website\",\"url\":\"https:\/\/nicolasmanotas.com\/\",\"name\":\"Nicol\u00e1s Manotas\",\"description\":\"\",\"potentialAction\":[{\"@type\":\"SearchAction\",\"target\":{\"@type\":\"EntryPoint\",\"urlTemplate\":\"https:\/\/nicolasmanotas.com\/?s={search_term_string}\"},\"query-input\":\"required name=search_term_string\"}],\"inLanguage\":\"es\"}]}<\/script>\n<!-- \/ Yoast SEO plugin. -->","yoast_head_json":{"title":"Roc\u00edo Ceballos - Nicol\u00e1s Manotas","robots":{"index":"index","follow":"follow","max-snippet":"max-snippet:-1","max-image-preview":"max-image-preview:large","max-video-preview":"max-video-preview:-1"},"canonical":"https:\/\/nicolasmanotas.com\/?page_id=583","og_locale":"es_ES","og_type":"article","og_title":"Roc\u00edo Ceballos - Nicol\u00e1s Manotas","og_description":"Me gustar\u00eda dar constancia del profesionalismo y capacidad Nicol\u00e1s como Life Coach. Por razones personales y en base a recomendaci\u00f3n de personas cercanas decid\u00ed empezar las sesiones en busca m\u00e1s que nada de un crecimiento personal. Dado el momento en que me encontraba me sent\u00eda atrapada en muchas cuestiones de mi vida e indecisa de [&hellip;]","og_url":"https:\/\/nicolasmanotas.com\/?page_id=583","og_site_name":"Nicol\u00e1s Manotas","article_modified_time":"2024-02-27T18:35:15+00:00","og_image":[{"width":120,"height":120,"url":"https:\/\/nicolasmanotas.com\/wp-content\/uploads\/2023\/02\/rochi-120x120-1.jpeg","type":"image\/jpeg"}],"twitter_card":"summary_large_image","twitter_misc":{"Tiempo de lectura":"3 minutos"},"schema":{"@context":"https:\/\/schema.org","@graph":[{"@type":"WebPage","@id":"https:\/\/nicolasmanotas.com\/?page_id=583","url":"https:\/\/nicolasmanotas.com\/?page_id=583","name":"Roc\u00edo Ceballos - Nicol\u00e1s Manotas","isPartOf":{"@id":"https:\/\/nicolasmanotas.com\/#website"},"datePublished":"2023-02-17T16:04:47+00:00","dateModified":"2024-02-27T18:35:15+00:00","breadcrumb":{"@id":"https:\/\/nicolasmanotas.com\/?page_id=583#breadcrumb"},"inLanguage":"es","potentialAction":[{"@type":"ReadAction","target":["https:\/\/nicolasmanotas.com\/?page_id=583"]}]},{"@type":"BreadcrumbList","@id":"https:\/\/nicolasmanotas.com\/?page_id=583#breadcrumb","itemListElement":[{"@type":"ListItem","position":1,"name":"Testimonios \/ Testimonials","item":"https:\/\/nicolasmanotas.com\/?page_id=527"},{"@type":"ListItem","position":2,"name":"Roc\u00edo Ceballos"}]},{"@type":"WebSite","@id":"https:\/\/nicolasmanotas.com\/#website","url":"https:\/\/nicolasmanotas.com\/","name":"Nicol\u00e1s Manotas","description":"","potentialAction":[{"@type":"SearchAction","target":{"@type":"EntryPoint","urlTemplate":"https:\/\/nicolasmanotas.com\/?s={search_term_string}"},"query-input":"required name=search_term_string"}],"inLanguage":"es"}]}},"_links":{"self":[{"href":"https:\/\/nicolasmanotas.com\/index.php?rest_route=\/wp\/v2\/pages\/583","targetHints":{"allow":["GET"]}}],"collection":[{"href":"https:\/\/nicolasmanotas.com\/index.php?rest_route=\/wp\/v2\/pages"}],"about":[{"href":"https:\/\/nicolasmanotas.com\/index.php?rest_route=\/wp\/v2\/types\/page"}],"author":[{"embeddable":true,"href":"https:\/\/nicolasmanotas.com\/index.php?rest_route=\/wp\/v2\/users\/1"}],"replies":[{"embeddable":true,"href":"https:\/\/nicolasmanotas.com\/index.php?rest_route=%2Fwp%2Fv2%2Fcomments&post=583"}],"version-history":[{"count":3,"href":"https:\/\/nicolasmanotas.com\/index.php?rest_route=\/wp\/v2\/pages\/583\/revisions"}],"predecessor-version":[{"id":1027,"href":"https:\/\/nicolasmanotas.com\/index.php?rest_route=\/wp\/v2\/pages\/583\/revisions\/1027"}],"up":[{"embeddable":true,"href":"https:\/\/nicolasmanotas.com\/index.php?rest_route=\/wp\/v2\/pages\/527"}],"wp:featuredmedia":[{"embeddable":true,"href":"https:\/\/nicolasmanotas.com\/index.php?rest_route=\/wp\/v2\/media\/585"}],"wp:attachment":[{"href":"https:\/\/nicolasmanotas.com\/index.php?rest_route=%2Fwp%2Fv2%2Fmedia&parent=583"}],"curies":[{"name":"wp","href":"https:\/\/api.w.org\/{rel}","templated":true}]}}