{"id":587,"date":"2023-02-17T16:08:51","date_gmt":"2023-02-17T16:08:51","guid":{"rendered":"https:\/\/sauces.digisap.com\/?page_id=587"},"modified":"2023-02-17T19:21:39","modified_gmt":"2023-02-17T19:21:39","slug":"bertha-perez","status":"publish","type":"page","link":"https:\/\/nicolasmanotas.com\/?page_id=587","title":{"rendered":"Bertha Victoria P\u00e9rez"},"content":{"rendered":"<div class=\"wp-block-image is-style-rounded\">\n<figure class=\"alignleft size-full\"><img loading=\"lazy\" decoding=\"async\" width=\"120\" height=\"120\" src=\"https:\/\/sauces.digisap.com\/wp-content\/uploads\/2023\/02\/IMG-20160521-WA0001-120x120-1.jpeg\" alt=\"\" class=\"wp-image-589\"\/><\/figure>\n<\/div>\n\n\n<p>A lo largo de las sesiones de coaching que tuve con Nicol\u00e1s, vi c\u00f3mo muchos aspectos de mi vida iban cambiando y&nbsp; fui encontrando explicaci\u00f3n a muchas de mis actitudes, conductas, palabras y pensamientos.<\/p>\n\n\n\n<p>Hubo un asunto en particular en el que vi un profundo cambio y que lo resalto porque llevaba much\u00edsimos a\u00f1os atorment\u00e1ndome y no sab\u00eda el por qu\u00e9. Se trata de mis sentimientos negativos hacia mi madre y con la ayuda de Nicol\u00e1s descubr\u00ed lo que pasaba.<\/p>\n\n\n\n<p>Gracias al coaching logr\u00e9 perdonar a mi madre sinceramente y con unas din\u00e1micas que nunca antes hab\u00eda experimentado. A ra\u00edz de esto &nbsp;y sinti\u00e9ndome m\u00e1s liberada que nunca, mis sentimientos hacia ella cambiaron y ahora le profeso un gran amor porque esa enorme barrera desapareci\u00f3.<\/p>\n\n\n\n<p>Ese es el m\u00e1s grande cambio que se dio en m\u00ed en menos de cinco sesiones con Nicol\u00e1s, es un excelente coach.<br><\/p>\n\n\n\n<hr class=\"wp-block-separator has-alpha-channel-opacity\"\/>\n\n\n\n<p><br>There was a particular issue where I saw a profound change and I want it to highlight it because it was tormenting me for many years and did not know why. I discovered that I had negative feelings of my mother and with the Nicolas help I discovered what was happening and started to deal with it.<\/p>\n\n\n\n<p>Thanks to the coaching and Nicolas dynamics (which by the way I had never experienced something like that before) I managed to forgive myself and my mother sincerely. With this barrier disappear and feeling liberated than ever, I start to profess a great love to my mother ever sense.<\/p>\n\n\n\n<p>That was the biggest change that I experience in less than five sessions with Nicolas, he is an excellent coach.<\/p>\n","protected":false},"excerpt":{"rendered":"<p>A lo largo de las sesiones de coaching que tuve con Nicol\u00e1s, vi c\u00f3mo muchos aspectos de mi vida iban cambiando y&nbsp; fui encontrando explicaci\u00f3n a muchas de mis actitudes, conductas, palabras y pensamientos. Hubo un asunto en particular en el que vi un profundo cambio y que lo resalto porque llevaba much\u00edsimos a\u00f1os atorment\u00e1ndome [&hellip;]<\/p>\n","protected":false},"author":1,"featured_media":589,"parent":527,"menu_order":0,"comment_status":"closed","ping_status":"closed","template":"","meta":{"footnotes":""},"class_list":["post-587","page","type-page","status-publish","has-post-thumbnail","hentry"],"yoast_head":"<!-- This site is optimized with the Yoast SEO plugin v20.1 - https:\/\/yoast.com\/wordpress\/plugins\/seo\/ -->\n<title>Bertha Victoria P\u00e9rez - Nicol\u00e1s Manotas<\/title>\n<meta name=\"robots\" content=\"index, follow, max-snippet:-1, max-image-preview:large, max-video-preview:-1\" \/>\n<link rel=\"canonical\" href=\"https:\/\/nicolasmanotas.com\/?page_id=587\" \/>\n<meta property=\"og:locale\" content=\"es_ES\" \/>\n<meta property=\"og:type\" content=\"article\" \/>\n<meta property=\"og:title\" content=\"Bertha Victoria P\u00e9rez - Nicol\u00e1s Manotas\" \/>\n<meta property=\"og:description\" content=\"A lo largo de las sesiones de coaching que tuve con Nicol\u00e1s, vi c\u00f3mo muchos aspectos de mi vida iban cambiando y&nbsp; fui encontrando explicaci\u00f3n a muchas de mis actitudes, conductas, palabras y pensamientos. Hubo un asunto en particular en el que vi un profundo cambio y que lo resalto porque llevaba much\u00edsimos a\u00f1os atorment\u00e1ndome [&hellip;]\" \/>\n<meta property=\"og:url\" content=\"https:\/\/nicolasmanotas.com\/?page_id=587\" \/>\n<meta property=\"og:site_name\" content=\"Nicol\u00e1s Manotas\" \/>\n<meta property=\"article:modified_time\" content=\"2023-02-17T19:21:39+00:00\" \/>\n<meta property=\"og:image\" content=\"https:\/\/nicolasmanotas.com\/wp-content\/uploads\/2023\/02\/IMG-20160521-WA0001-120x120-1.jpeg\" \/>\n\t<meta property=\"og:image:width\" content=\"120\" \/>\n\t<meta property=\"og:image:height\" content=\"120\" \/>\n\t<meta property=\"og:image:type\" content=\"image\/jpeg\" \/>\n<meta name=\"twitter:card\" content=\"summary_large_image\" \/>\n<meta name=\"twitter:label1\" content=\"Tiempo de lectura\" \/>\n\t<meta name=\"twitter:data1\" content=\"2 minutos\" \/>\n<script type=\"application\/ld+json\" class=\"yoast-schema-graph\">{\"@context\":\"https:\/\/schema.org\",\"@graph\":[{\"@type\":\"WebPage\",\"@id\":\"https:\/\/nicolasmanotas.com\/?page_id=587\",\"url\":\"https:\/\/nicolasmanotas.com\/?page_id=587\",\"name\":\"Bertha Victoria P\u00e9rez - Nicol\u00e1s Manotas\",\"isPartOf\":{\"@id\":\"https:\/\/nicolasmanotas.com\/#website\"},\"datePublished\":\"2023-02-17T16:08:51+00:00\",\"dateModified\":\"2023-02-17T19:21:39+00:00\",\"breadcrumb\":{\"@id\":\"https:\/\/nicolasmanotas.com\/?page_id=587#breadcrumb\"},\"inLanguage\":\"es\",\"potentialAction\":[{\"@type\":\"ReadAction\",\"target\":[\"https:\/\/nicolasmanotas.com\/?page_id=587\"]}]},{\"@type\":\"BreadcrumbList\",\"@id\":\"https:\/\/nicolasmanotas.com\/?page_id=587#breadcrumb\",\"itemListElement\":[{\"@type\":\"ListItem\",\"position\":1,\"name\":\"Testimonios \/ Testimonials\",\"item\":\"https:\/\/nicolasmanotas.com\/?page_id=527\"},{\"@type\":\"ListItem\",\"position\":2,\"name\":\"Bertha Victoria P\u00e9rez\"}]},{\"@type\":\"WebSite\",\"@id\":\"https:\/\/nicolasmanotas.com\/#website\",\"url\":\"https:\/\/nicolasmanotas.com\/\",\"name\":\"Nicol\u00e1s Manotas\",\"description\":\"\",\"potentialAction\":[{\"@type\":\"SearchAction\",\"target\":{\"@type\":\"EntryPoint\",\"urlTemplate\":\"https:\/\/nicolasmanotas.com\/?s={search_term_string}\"},\"query-input\":\"required name=search_term_string\"}],\"inLanguage\":\"es\"}]}<\/script>\n<!-- \/ Yoast SEO plugin. -->","yoast_head_json":{"title":"Bertha Victoria P\u00e9rez - Nicol\u00e1s Manotas","robots":{"index":"index","follow":"follow","max-snippet":"max-snippet:-1","max-image-preview":"max-image-preview:large","max-video-preview":"max-video-preview:-1"},"canonical":"https:\/\/nicolasmanotas.com\/?page_id=587","og_locale":"es_ES","og_type":"article","og_title":"Bertha Victoria P\u00e9rez - Nicol\u00e1s Manotas","og_description":"A lo largo de las sesiones de coaching que tuve con Nicol\u00e1s, vi c\u00f3mo muchos aspectos de mi vida iban cambiando y&nbsp; fui encontrando explicaci\u00f3n a muchas de mis actitudes, conductas, palabras y pensamientos. Hubo un asunto en particular en el que vi un profundo cambio y que lo resalto porque llevaba much\u00edsimos a\u00f1os atorment\u00e1ndome [&hellip;]","og_url":"https:\/\/nicolasmanotas.com\/?page_id=587","og_site_name":"Nicol\u00e1s Manotas","article_modified_time":"2023-02-17T19:21:39+00:00","og_image":[{"width":120,"height":120,"url":"https:\/\/nicolasmanotas.com\/wp-content\/uploads\/2023\/02\/IMG-20160521-WA0001-120x120-1.jpeg","type":"image\/jpeg"}],"twitter_card":"summary_large_image","twitter_misc":{"Tiempo de lectura":"2 minutos"},"schema":{"@context":"https:\/\/schema.org","@graph":[{"@type":"WebPage","@id":"https:\/\/nicolasmanotas.com\/?page_id=587","url":"https:\/\/nicolasmanotas.com\/?page_id=587","name":"Bertha Victoria P\u00e9rez - Nicol\u00e1s Manotas","isPartOf":{"@id":"https:\/\/nicolasmanotas.com\/#website"},"datePublished":"2023-02-17T16:08:51+00:00","dateModified":"2023-02-17T19:21:39+00:00","breadcrumb":{"@id":"https:\/\/nicolasmanotas.com\/?page_id=587#breadcrumb"},"inLanguage":"es","potentialAction":[{"@type":"ReadAction","target":["https:\/\/nicolasmanotas.com\/?page_id=587"]}]},{"@type":"BreadcrumbList","@id":"https:\/\/nicolasmanotas.com\/?page_id=587#breadcrumb","itemListElement":[{"@type":"ListItem","position":1,"name":"Testimonios \/ Testimonials","item":"https:\/\/nicolasmanotas.com\/?page_id=527"},{"@type":"ListItem","position":2,"name":"Bertha Victoria P\u00e9rez"}]},{"@type":"WebSite","@id":"https:\/\/nicolasmanotas.com\/#website","url":"https:\/\/nicolasmanotas.com\/","name":"Nicol\u00e1s Manotas","description":"","potentialAction":[{"@type":"SearchAction","target":{"@type":"EntryPoint","urlTemplate":"https:\/\/nicolasmanotas.com\/?s={search_term_string}"},"query-input":"required name=search_term_string"}],"inLanguage":"es"}]}},"_links":{"self":[{"href":"https:\/\/nicolasmanotas.com\/index.php?rest_route=\/wp\/v2\/pages\/587","targetHints":{"allow":["GET"]}}],"collection":[{"href":"https:\/\/nicolasmanotas.com\/index.php?rest_route=\/wp\/v2\/pages"}],"about":[{"href":"https:\/\/nicolasmanotas.com\/index.php?rest_route=\/wp\/v2\/types\/page"}],"author":[{"embeddable":true,"href":"https:\/\/nicolasmanotas.com\/index.php?rest_route=\/wp\/v2\/users\/1"}],"replies":[{"embeddable":true,"href":"https:\/\/nicolasmanotas.com\/index.php?rest_route=%2Fwp%2Fv2%2Fcomments&post=587"}],"version-history":[{"count":2,"href":"https:\/\/nicolasmanotas.com\/index.php?rest_route=\/wp\/v2\/pages\/587\/revisions"}],"predecessor-version":[{"id":590,"href":"https:\/\/nicolasmanotas.com\/index.php?rest_route=\/wp\/v2\/pages\/587\/revisions\/590"}],"up":[{"embeddable":true,"href":"https:\/\/nicolasmanotas.com\/index.php?rest_route=\/wp\/v2\/pages\/527"}],"wp:featuredmedia":[{"embeddable":true,"href":"https:\/\/nicolasmanotas.com\/index.php?rest_route=\/wp\/v2\/media\/589"}],"wp:attachment":[{"href":"https:\/\/nicolasmanotas.com\/index.php?rest_route=%2Fwp%2Fv2%2Fmedia&parent=587"}],"curies":[{"name":"wp","href":"https:\/\/api.w.org\/{rel}","templated":true}]}}