{"id":591,"date":"2023-02-17T16:11:39","date_gmt":"2023-02-17T16:11:39","guid":{"rendered":"https:\/\/sauces.digisap.com\/?page_id=591"},"modified":"2023-02-17T19:24:20","modified_gmt":"2023-02-17T19:24:20","slug":"diana-jimenez","status":"publish","type":"page","link":"https:\/\/nicolasmanotas.com\/?page_id=591","title":{"rendered":"Diana Jimenez"},"content":{"rendered":"<div class=\"wp-block-image is-style-rounded\">\n<figure class=\"alignleft size-full\"><img loading=\"lazy\" decoding=\"async\" width=\"120\" height=\"120\" src=\"https:\/\/sauces.digisap.com\/wp-content\/uploads\/2023\/02\/diana-jimenez-1-120x120-1.jpeg\" alt=\"\" class=\"wp-image-593\"\/><\/figure>\n<\/div>\n\n\n<p>Nicol\u00e1s es una persona que realmente sabe escuchar, siempre leal y motivado a ayudar siempre a quien lo necesite. Tiene el talento de descubrir e ir profundo al \u00e1rea de tu vida donde necesitas interiorizar y trabajar en ti.<\/p>\n\n\n\n<p>Recomiendo a Nicol\u00e1s como Life Coach debido a sus cualidades, experiencia y por \u00faltimo pero no menos importante por sus fuertes convicciones y valores humanos.<\/p>\n\n\n\n<p>Si lo est\u00e1s pensando\u2026 no lo dudes<br><\/p>\n\n\n\n<hr class=\"wp-block-separator has-alpha-channel-opacity\"\/>\n\n\n\n<p><br>Nicolas is a very good listener, loyal and motivated to help as much&nbsp;as he can people. He has the talent of discovering the point where you need to dig in to self-work.<\/p>\n\n\n\n<p>I highly recommend him as a life coach because of his skills, his experience and not least, his strong human values.<\/p>\n\n\n\n<p>Don\u2019t hesitate!<\/p>\n","protected":false},"excerpt":{"rendered":"<p>Nicol\u00e1s es una persona que realmente sabe escuchar, siempre leal y motivado a ayudar siempre a quien lo necesite. Tiene el talento de descubrir e ir profundo al \u00e1rea de tu vida donde necesitas interiorizar y trabajar en ti. Recomiendo a Nicol\u00e1s como Life Coach debido a sus cualidades, experiencia y por \u00faltimo pero no [&hellip;]<\/p>\n","protected":false},"author":1,"featured_media":593,"parent":527,"menu_order":0,"comment_status":"closed","ping_status":"closed","template":"","meta":{"footnotes":""},"class_list":["post-591","page","type-page","status-publish","has-post-thumbnail","hentry"],"yoast_head":"<!-- This site is optimized with the Yoast SEO plugin v20.1 - https:\/\/yoast.com\/wordpress\/plugins\/seo\/ -->\n<title>Diana Jimenez - Nicol\u00e1s Manotas<\/title>\n<meta name=\"robots\" content=\"index, follow, max-snippet:-1, max-image-preview:large, max-video-preview:-1\" \/>\n<link rel=\"canonical\" href=\"https:\/\/nicolasmanotas.com\/?page_id=591\" \/>\n<meta property=\"og:locale\" content=\"es_ES\" \/>\n<meta property=\"og:type\" content=\"article\" \/>\n<meta property=\"og:title\" content=\"Diana Jimenez - Nicol\u00e1s Manotas\" \/>\n<meta property=\"og:description\" content=\"Nicol\u00e1s es una persona que realmente sabe escuchar, siempre leal y motivado a ayudar siempre a quien lo necesite. Tiene el talento de descubrir e ir profundo al \u00e1rea de tu vida donde necesitas interiorizar y trabajar en ti. Recomiendo a Nicol\u00e1s como Life Coach debido a sus cualidades, experiencia y por \u00faltimo pero no [&hellip;]\" \/>\n<meta property=\"og:url\" content=\"https:\/\/nicolasmanotas.com\/?page_id=591\" \/>\n<meta property=\"og:site_name\" content=\"Nicol\u00e1s Manotas\" \/>\n<meta property=\"article:modified_time\" content=\"2023-02-17T19:24:20+00:00\" \/>\n<meta property=\"og:image\" content=\"https:\/\/nicolasmanotas.com\/wp-content\/uploads\/2023\/02\/diana-jimenez-1-120x120-1.jpeg\" \/>\n\t<meta property=\"og:image:width\" content=\"120\" \/>\n\t<meta property=\"og:image:height\" content=\"120\" \/>\n\t<meta property=\"og:image:type\" content=\"image\/jpeg\" \/>\n<meta name=\"twitter:card\" content=\"summary_large_image\" \/>\n<meta name=\"twitter:label1\" content=\"Tiempo de lectura\" \/>\n\t<meta name=\"twitter:data1\" content=\"1 minuto\" \/>\n<script type=\"application\/ld+json\" class=\"yoast-schema-graph\">{\"@context\":\"https:\/\/schema.org\",\"@graph\":[{\"@type\":\"WebPage\",\"@id\":\"https:\/\/nicolasmanotas.com\/?page_id=591\",\"url\":\"https:\/\/nicolasmanotas.com\/?page_id=591\",\"name\":\"Diana Jimenez - Nicol\u00e1s Manotas\",\"isPartOf\":{\"@id\":\"https:\/\/nicolasmanotas.com\/#website\"},\"datePublished\":\"2023-02-17T16:11:39+00:00\",\"dateModified\":\"2023-02-17T19:24:20+00:00\",\"breadcrumb\":{\"@id\":\"https:\/\/nicolasmanotas.com\/?page_id=591#breadcrumb\"},\"inLanguage\":\"es\",\"potentialAction\":[{\"@type\":\"ReadAction\",\"target\":[\"https:\/\/nicolasmanotas.com\/?page_id=591\"]}]},{\"@type\":\"BreadcrumbList\",\"@id\":\"https:\/\/nicolasmanotas.com\/?page_id=591#breadcrumb\",\"itemListElement\":[{\"@type\":\"ListItem\",\"position\":1,\"name\":\"Testimonios \/ Testimonials\",\"item\":\"https:\/\/nicolasmanotas.com\/?page_id=527\"},{\"@type\":\"ListItem\",\"position\":2,\"name\":\"Diana Jimenez\"}]},{\"@type\":\"WebSite\",\"@id\":\"https:\/\/nicolasmanotas.com\/#website\",\"url\":\"https:\/\/nicolasmanotas.com\/\",\"name\":\"Nicol\u00e1s Manotas\",\"description\":\"\",\"potentialAction\":[{\"@type\":\"SearchAction\",\"target\":{\"@type\":\"EntryPoint\",\"urlTemplate\":\"https:\/\/nicolasmanotas.com\/?s={search_term_string}\"},\"query-input\":\"required name=search_term_string\"}],\"inLanguage\":\"es\"}]}<\/script>\n<!-- \/ Yoast SEO plugin. -->","yoast_head_json":{"title":"Diana Jimenez - Nicol\u00e1s Manotas","robots":{"index":"index","follow":"follow","max-snippet":"max-snippet:-1","max-image-preview":"max-image-preview:large","max-video-preview":"max-video-preview:-1"},"canonical":"https:\/\/nicolasmanotas.com\/?page_id=591","og_locale":"es_ES","og_type":"article","og_title":"Diana Jimenez - Nicol\u00e1s Manotas","og_description":"Nicol\u00e1s es una persona que realmente sabe escuchar, siempre leal y motivado a ayudar siempre a quien lo necesite. Tiene el talento de descubrir e ir profundo al \u00e1rea de tu vida donde necesitas interiorizar y trabajar en ti. Recomiendo a Nicol\u00e1s como Life Coach debido a sus cualidades, experiencia y por \u00faltimo pero no [&hellip;]","og_url":"https:\/\/nicolasmanotas.com\/?page_id=591","og_site_name":"Nicol\u00e1s Manotas","article_modified_time":"2023-02-17T19:24:20+00:00","og_image":[{"width":120,"height":120,"url":"https:\/\/nicolasmanotas.com\/wp-content\/uploads\/2023\/02\/diana-jimenez-1-120x120-1.jpeg","type":"image\/jpeg"}],"twitter_card":"summary_large_image","twitter_misc":{"Tiempo de lectura":"1 minuto"},"schema":{"@context":"https:\/\/schema.org","@graph":[{"@type":"WebPage","@id":"https:\/\/nicolasmanotas.com\/?page_id=591","url":"https:\/\/nicolasmanotas.com\/?page_id=591","name":"Diana Jimenez - Nicol\u00e1s Manotas","isPartOf":{"@id":"https:\/\/nicolasmanotas.com\/#website"},"datePublished":"2023-02-17T16:11:39+00:00","dateModified":"2023-02-17T19:24:20+00:00","breadcrumb":{"@id":"https:\/\/nicolasmanotas.com\/?page_id=591#breadcrumb"},"inLanguage":"es","potentialAction":[{"@type":"ReadAction","target":["https:\/\/nicolasmanotas.com\/?page_id=591"]}]},{"@type":"BreadcrumbList","@id":"https:\/\/nicolasmanotas.com\/?page_id=591#breadcrumb","itemListElement":[{"@type":"ListItem","position":1,"name":"Testimonios \/ Testimonials","item":"https:\/\/nicolasmanotas.com\/?page_id=527"},{"@type":"ListItem","position":2,"name":"Diana Jimenez"}]},{"@type":"WebSite","@id":"https:\/\/nicolasmanotas.com\/#website","url":"https:\/\/nicolasmanotas.com\/","name":"Nicol\u00e1s Manotas","description":"","potentialAction":[{"@type":"SearchAction","target":{"@type":"EntryPoint","urlTemplate":"https:\/\/nicolasmanotas.com\/?s={search_term_string}"},"query-input":"required name=search_term_string"}],"inLanguage":"es"}]}},"_links":{"self":[{"href":"https:\/\/nicolasmanotas.com\/index.php?rest_route=\/wp\/v2\/pages\/591","targetHints":{"allow":["GET"]}}],"collection":[{"href":"https:\/\/nicolasmanotas.com\/index.php?rest_route=\/wp\/v2\/pages"}],"about":[{"href":"https:\/\/nicolasmanotas.com\/index.php?rest_route=\/wp\/v2\/types\/page"}],"author":[{"embeddable":true,"href":"https:\/\/nicolasmanotas.com\/index.php?rest_route=\/wp\/v2\/users\/1"}],"replies":[{"embeddable":true,"href":"https:\/\/nicolasmanotas.com\/index.php?rest_route=%2Fwp%2Fv2%2Fcomments&post=591"}],"version-history":[{"count":3,"href":"https:\/\/nicolasmanotas.com\/index.php?rest_route=\/wp\/v2\/pages\/591\/revisions"}],"predecessor-version":[{"id":726,"href":"https:\/\/nicolasmanotas.com\/index.php?rest_route=\/wp\/v2\/pages\/591\/revisions\/726"}],"up":[{"embeddable":true,"href":"https:\/\/nicolasmanotas.com\/index.php?rest_route=\/wp\/v2\/pages\/527"}],"wp:featuredmedia":[{"embeddable":true,"href":"https:\/\/nicolasmanotas.com\/index.php?rest_route=\/wp\/v2\/media\/593"}],"wp:attachment":[{"href":"https:\/\/nicolasmanotas.com\/index.php?rest_route=%2Fwp%2Fv2%2Fmedia&parent=591"}],"curies":[{"name":"wp","href":"https:\/\/api.w.org\/{rel}","templated":true}]}}