{"id":599,"date":"2023-02-17T16:15:37","date_gmt":"2023-02-17T16:15:37","guid":{"rendered":"https:\/\/sauces.digisap.com\/?page_id=599"},"modified":"2023-02-17T19:23:29","modified_gmt":"2023-02-17T19:23:29","slug":"cristina-olarte","status":"publish","type":"page","link":"https:\/\/nicolasmanotas.com\/?page_id=599","title":{"rendered":"Cristina Olarte"},"content":{"rendered":"<div class=\"wp-block-image is-style-rounded\">\n<figure class=\"alignleft size-full\"><img loading=\"lazy\" decoding=\"async\" width=\"105\" height=\"113\" src=\"https:\/\/sauces.digisap.com\/wp-content\/uploads\/2023\/02\/cristina-olarte.jpeg\" alt=\"\" class=\"wp-image-601\"\/><\/figure>\n<\/div>\n\n\n<p>Empec\u00e9 con el proceso para recuperar mi vida en raz\u00f3n a mi reciente separaci\u00f3n, en un estado grave de tristeza y dolor y con la ayuda de Nicol\u00e1s Manotas mi Coach de Vida, he aprendido a mirar hacia dentro &nbsp;encontrando m\u00e1s opciones de vida.&nbsp;<\/p>\n\n\n\n<p>Ahora puedo ver a una nueva Cristina llena de optimismo y fuerza, descubr\u00ed nuevos valores que me ayudan a continuar con una vida rodeada de felicidad y tranquilidad.<\/p>\n\n\n\n<p>Gracias Nicol\u00e1s<br><\/p>\n\n\n\n<hr class=\"wp-block-separator has-alpha-channel-opacity\"\/>\n\n\n\n<p><br>I began the process to get my life back to front my recent separation, in a deep state of sadness and pain and with the help of Nicolas Manotas my Life Coach; I have learned to look within finding more options of life.<\/p>\n\n\n\n<p>Now I can see a new Cristina full of optimism and strength, I discovered new values that help me to continue with a life surrounded by happiness and calm.<br>&nbsp;<\/p>\n\n\n\n<p>Thank you Nicolas.<\/p>\n","protected":false},"excerpt":{"rendered":"<p>Empec\u00e9 con el proceso para recuperar mi vida en raz\u00f3n a mi reciente separaci\u00f3n, en un estado grave de tristeza y dolor y con la ayuda de Nicol\u00e1s Manotas mi Coach de Vida, he aprendido a mirar hacia dentro &nbsp;encontrando m\u00e1s opciones de vida.&nbsp; Ahora puedo ver a una nueva Cristina llena de optimismo y [&hellip;]<\/p>\n","protected":false},"author":1,"featured_media":601,"parent":527,"menu_order":0,"comment_status":"closed","ping_status":"closed","template":"","meta":{"footnotes":""},"class_list":["post-599","page","type-page","status-publish","has-post-thumbnail","hentry"],"yoast_head":"<!-- This site is optimized with the Yoast SEO plugin v20.1 - https:\/\/yoast.com\/wordpress\/plugins\/seo\/ -->\n<title>Cristina Olarte - Nicol\u00e1s Manotas<\/title>\n<meta name=\"robots\" content=\"index, follow, max-snippet:-1, max-image-preview:large, max-video-preview:-1\" \/>\n<link rel=\"canonical\" href=\"https:\/\/nicolasmanotas.com\/?page_id=599\" \/>\n<meta property=\"og:locale\" content=\"es_ES\" \/>\n<meta property=\"og:type\" content=\"article\" \/>\n<meta property=\"og:title\" content=\"Cristina Olarte - Nicol\u00e1s Manotas\" \/>\n<meta property=\"og:description\" content=\"Empec\u00e9 con el proceso para recuperar mi vida en raz\u00f3n a mi reciente separaci\u00f3n, en un estado grave de tristeza y dolor y con la ayuda de Nicol\u00e1s Manotas mi Coach de Vida, he aprendido a mirar hacia dentro &nbsp;encontrando m\u00e1s opciones de vida.&nbsp; Ahora puedo ver a una nueva Cristina llena de optimismo y [&hellip;]\" \/>\n<meta property=\"og:url\" content=\"https:\/\/nicolasmanotas.com\/?page_id=599\" \/>\n<meta property=\"og:site_name\" content=\"Nicol\u00e1s Manotas\" \/>\n<meta property=\"article:modified_time\" content=\"2023-02-17T19:23:29+00:00\" \/>\n<meta property=\"og:image\" content=\"https:\/\/nicolasmanotas.com\/wp-content\/uploads\/2023\/02\/cristina-olarte.jpeg\" \/>\n\t<meta property=\"og:image:width\" content=\"105\" \/>\n\t<meta property=\"og:image:height\" content=\"113\" \/>\n\t<meta property=\"og:image:type\" content=\"image\/jpeg\" \/>\n<meta name=\"twitter:card\" content=\"summary_large_image\" \/>\n<meta name=\"twitter:label1\" content=\"Tiempo de lectura\" \/>\n\t<meta name=\"twitter:data1\" content=\"1 minuto\" \/>\n<script type=\"application\/ld+json\" class=\"yoast-schema-graph\">{\"@context\":\"https:\/\/schema.org\",\"@graph\":[{\"@type\":\"WebPage\",\"@id\":\"https:\/\/nicolasmanotas.com\/?page_id=599\",\"url\":\"https:\/\/nicolasmanotas.com\/?page_id=599\",\"name\":\"Cristina Olarte - Nicol\u00e1s Manotas\",\"isPartOf\":{\"@id\":\"https:\/\/nicolasmanotas.com\/#website\"},\"datePublished\":\"2023-02-17T16:15:37+00:00\",\"dateModified\":\"2023-02-17T19:23:29+00:00\",\"breadcrumb\":{\"@id\":\"https:\/\/nicolasmanotas.com\/?page_id=599#breadcrumb\"},\"inLanguage\":\"es\",\"potentialAction\":[{\"@type\":\"ReadAction\",\"target\":[\"https:\/\/nicolasmanotas.com\/?page_id=599\"]}]},{\"@type\":\"BreadcrumbList\",\"@id\":\"https:\/\/nicolasmanotas.com\/?page_id=599#breadcrumb\",\"itemListElement\":[{\"@type\":\"ListItem\",\"position\":1,\"name\":\"Testimonios \/ Testimonials\",\"item\":\"https:\/\/nicolasmanotas.com\/?page_id=527\"},{\"@type\":\"ListItem\",\"position\":2,\"name\":\"Cristina Olarte\"}]},{\"@type\":\"WebSite\",\"@id\":\"https:\/\/nicolasmanotas.com\/#website\",\"url\":\"https:\/\/nicolasmanotas.com\/\",\"name\":\"Nicol\u00e1s Manotas\",\"description\":\"\",\"potentialAction\":[{\"@type\":\"SearchAction\",\"target\":{\"@type\":\"EntryPoint\",\"urlTemplate\":\"https:\/\/nicolasmanotas.com\/?s={search_term_string}\"},\"query-input\":\"required name=search_term_string\"}],\"inLanguage\":\"es\"}]}<\/script>\n<!-- \/ Yoast SEO plugin. -->","yoast_head_json":{"title":"Cristina Olarte - Nicol\u00e1s Manotas","robots":{"index":"index","follow":"follow","max-snippet":"max-snippet:-1","max-image-preview":"max-image-preview:large","max-video-preview":"max-video-preview:-1"},"canonical":"https:\/\/nicolasmanotas.com\/?page_id=599","og_locale":"es_ES","og_type":"article","og_title":"Cristina Olarte - Nicol\u00e1s Manotas","og_description":"Empec\u00e9 con el proceso para recuperar mi vida en raz\u00f3n a mi reciente separaci\u00f3n, en un estado grave de tristeza y dolor y con la ayuda de Nicol\u00e1s Manotas mi Coach de Vida, he aprendido a mirar hacia dentro &nbsp;encontrando m\u00e1s opciones de vida.&nbsp; Ahora puedo ver a una nueva Cristina llena de optimismo y [&hellip;]","og_url":"https:\/\/nicolasmanotas.com\/?page_id=599","og_site_name":"Nicol\u00e1s Manotas","article_modified_time":"2023-02-17T19:23:29+00:00","og_image":[{"width":105,"height":113,"url":"https:\/\/nicolasmanotas.com\/wp-content\/uploads\/2023\/02\/cristina-olarte.jpeg","type":"image\/jpeg"}],"twitter_card":"summary_large_image","twitter_misc":{"Tiempo de lectura":"1 minuto"},"schema":{"@context":"https:\/\/schema.org","@graph":[{"@type":"WebPage","@id":"https:\/\/nicolasmanotas.com\/?page_id=599","url":"https:\/\/nicolasmanotas.com\/?page_id=599","name":"Cristina Olarte - Nicol\u00e1s Manotas","isPartOf":{"@id":"https:\/\/nicolasmanotas.com\/#website"},"datePublished":"2023-02-17T16:15:37+00:00","dateModified":"2023-02-17T19:23:29+00:00","breadcrumb":{"@id":"https:\/\/nicolasmanotas.com\/?page_id=599#breadcrumb"},"inLanguage":"es","potentialAction":[{"@type":"ReadAction","target":["https:\/\/nicolasmanotas.com\/?page_id=599"]}]},{"@type":"BreadcrumbList","@id":"https:\/\/nicolasmanotas.com\/?page_id=599#breadcrumb","itemListElement":[{"@type":"ListItem","position":1,"name":"Testimonios \/ Testimonials","item":"https:\/\/nicolasmanotas.com\/?page_id=527"},{"@type":"ListItem","position":2,"name":"Cristina Olarte"}]},{"@type":"WebSite","@id":"https:\/\/nicolasmanotas.com\/#website","url":"https:\/\/nicolasmanotas.com\/","name":"Nicol\u00e1s Manotas","description":"","potentialAction":[{"@type":"SearchAction","target":{"@type":"EntryPoint","urlTemplate":"https:\/\/nicolasmanotas.com\/?s={search_term_string}"},"query-input":"required name=search_term_string"}],"inLanguage":"es"}]}},"_links":{"self":[{"href":"https:\/\/nicolasmanotas.com\/index.php?rest_route=\/wp\/v2\/pages\/599","targetHints":{"allow":["GET"]}}],"collection":[{"href":"https:\/\/nicolasmanotas.com\/index.php?rest_route=\/wp\/v2\/pages"}],"about":[{"href":"https:\/\/nicolasmanotas.com\/index.php?rest_route=\/wp\/v2\/types\/page"}],"author":[{"embeddable":true,"href":"https:\/\/nicolasmanotas.com\/index.php?rest_route=\/wp\/v2\/users\/1"}],"replies":[{"embeddable":true,"href":"https:\/\/nicolasmanotas.com\/index.php?rest_route=%2Fwp%2Fv2%2Fcomments&post=599"}],"version-history":[{"count":2,"href":"https:\/\/nicolasmanotas.com\/index.php?rest_route=\/wp\/v2\/pages\/599\/revisions"}],"predecessor-version":[{"id":602,"href":"https:\/\/nicolasmanotas.com\/index.php?rest_route=\/wp\/v2\/pages\/599\/revisions\/602"}],"up":[{"embeddable":true,"href":"https:\/\/nicolasmanotas.com\/index.php?rest_route=\/wp\/v2\/pages\/527"}],"wp:featuredmedia":[{"embeddable":true,"href":"https:\/\/nicolasmanotas.com\/index.php?rest_route=\/wp\/v2\/media\/601"}],"wp:attachment":[{"href":"https:\/\/nicolasmanotas.com\/index.php?rest_route=%2Fwp%2Fv2%2Fmedia&parent=599"}],"curies":[{"name":"wp","href":"https:\/\/api.w.org\/{rel}","templated":true}]}}