{"id":615,"date":"2023-02-17T16:23:57","date_gmt":"2023-02-17T16:23:57","guid":{"rendered":"https:\/\/sauces.digisap.com\/?page_id=615"},"modified":"2023-02-17T19:29:07","modified_gmt":"2023-02-17T19:29:07","slug":"marisol-gomez","status":"publish","type":"page","link":"https:\/\/nicolasmanotas.com\/?page_id=615","title":{"rendered":"Marisol G\u00f3mez"},"content":{"rendered":"<div class=\"wp-block-image is-style-rounded\">\n<figure class=\"alignleft size-full\"><img loading=\"lazy\" decoding=\"async\" width=\"120\" height=\"120\" src=\"https:\/\/sauces.digisap.com\/wp-content\/uploads\/2023\/02\/marisol-120x120-1.jpeg\" alt=\"\" class=\"wp-image-617\"\/><\/figure>\n<\/div>\n\n\n<p>Nicol\u00e1s realmente sabe escuchar y hace las preguntas precisas que me guiaron a tomar decisiones claras para mi vida. Me ayud\u00f3 a descubrir lo que es realmente es importante para m\u00ed y lo que me hace feliz y esto me facilit\u00f3 para darle un norte m\u00e1s claro a mi camino. Nicol\u00e1s es una persona paciente y amorosa que me ayud\u00f3 a abrir un mundo de posibilidades que no pod\u00eda abrir por mi misma. Me ha apoyado a generar conciencia y a priorizar en lo que debo enfocarme para alcanzar mis metas y sue\u00f1os.<\/p>\n\n\n\n<p>He sido testigo de c\u00f3mo Nicol\u00e1s personaliza su coaching para cada persona para que haya mayor conexi\u00f3n y comunicaci\u00f3n. Sabe exactamente que preguntar con el fin de que yo encuentre claridad en mis respuestas.<\/p>\n\n\n\n<p>Por otra parte me encant\u00f3 y encontr\u00e9 enriquecedor los ejercicios de cuerpo que utiliz\u00f3 conmigo durante algunas de mis sesiones pues me permiti\u00f3 darme cuenta que estaba desconectada de vivir en el presente y fue con esos ejercicios que comenc\u00e9 a conectar nuevamente.<\/p>\n\n\n\n<p>Admiro la dedicaci\u00f3n y amor que Nicol\u00e1s pone durante sus sesiones de coaching lo que lleva a que cada una de las sesiones sea un nuevo espacio de descubrimiento y aprendizaje.<br><\/p>\n\n\n\n<hr class=\"wp-block-separator has-alpha-channel-opacity\"\/>\n\n\n\n<p><br>Nicolas is a great listener, and asks the right questions to lead me to very solid decisions. He has helped me to find what really matters and make me happy to make important decisions on my life. Nicolas patience and gentle guidance helped me open the door to the possibilities I could unlock in my life.He has helped me to keep accountable and prioritize on what is really important to reach my personal goals.<\/p>\n\n\n\n<p>I have been aware of how Nicolas matches his language to his client, so that there is greater clarity in the communication. He knows exactly what to ask to help me to get clarity.<\/p>\n\n\n\n<p>I also love and find very helpful the body connection exercises he has share with me, after doing some of them on the first sessions I found how disconnected I was from my body and from the present moment and thru those exercises I feel reconnected again.<\/p>\n\n\n\n<p>I admire the dedication and love Nicolas put on his Coaching work and how each session is a new discovery and learning experience.<\/p>\n","protected":false},"excerpt":{"rendered":"<p>Nicol\u00e1s realmente sabe escuchar y hace las preguntas precisas que me guiaron a tomar decisiones claras para mi vida. Me ayud\u00f3 a descubrir lo que es realmente es importante para m\u00ed y lo que me hace feliz y esto me facilit\u00f3 para darle un norte m\u00e1s claro a mi camino. Nicol\u00e1s es una persona paciente [&hellip;]<\/p>\n","protected":false},"author":1,"featured_media":617,"parent":527,"menu_order":0,"comment_status":"closed","ping_status":"closed","template":"","meta":{"footnotes":""},"class_list":["post-615","page","type-page","status-publish","has-post-thumbnail","hentry"],"yoast_head":"<!-- This site is optimized with the Yoast SEO plugin v20.1 - https:\/\/yoast.com\/wordpress\/plugins\/seo\/ -->\n<title>Marisol G\u00f3mez - Nicol\u00e1s Manotas<\/title>\n<meta name=\"robots\" content=\"index, follow, max-snippet:-1, max-image-preview:large, max-video-preview:-1\" \/>\n<link rel=\"canonical\" href=\"https:\/\/nicolasmanotas.com\/?page_id=615\" \/>\n<meta property=\"og:locale\" content=\"es_ES\" \/>\n<meta property=\"og:type\" content=\"article\" \/>\n<meta property=\"og:title\" content=\"Marisol G\u00f3mez - Nicol\u00e1s Manotas\" \/>\n<meta property=\"og:description\" content=\"Nicol\u00e1s realmente sabe escuchar y hace las preguntas precisas que me guiaron a tomar decisiones claras para mi vida. Me ayud\u00f3 a descubrir lo que es realmente es importante para m\u00ed y lo que me hace feliz y esto me facilit\u00f3 para darle un norte m\u00e1s claro a mi camino. Nicol\u00e1s es una persona paciente [&hellip;]\" \/>\n<meta property=\"og:url\" content=\"https:\/\/nicolasmanotas.com\/?page_id=615\" \/>\n<meta property=\"og:site_name\" content=\"Nicol\u00e1s Manotas\" \/>\n<meta property=\"article:modified_time\" content=\"2023-02-17T19:29:07+00:00\" \/>\n<meta property=\"og:image\" content=\"https:\/\/nicolasmanotas.com\/wp-content\/uploads\/2023\/02\/marisol-120x120-1.jpeg\" \/>\n\t<meta property=\"og:image:width\" content=\"120\" \/>\n\t<meta property=\"og:image:height\" content=\"120\" \/>\n\t<meta property=\"og:image:type\" content=\"image\/jpeg\" \/>\n<meta name=\"twitter:card\" content=\"summary_large_image\" \/>\n<meta name=\"twitter:label1\" content=\"Tiempo de lectura\" \/>\n\t<meta name=\"twitter:data1\" content=\"2 minutos\" \/>\n<script type=\"application\/ld+json\" class=\"yoast-schema-graph\">{\"@context\":\"https:\/\/schema.org\",\"@graph\":[{\"@type\":\"WebPage\",\"@id\":\"https:\/\/nicolasmanotas.com\/?page_id=615\",\"url\":\"https:\/\/nicolasmanotas.com\/?page_id=615\",\"name\":\"Marisol G\u00f3mez - Nicol\u00e1s Manotas\",\"isPartOf\":{\"@id\":\"https:\/\/nicolasmanotas.com\/#website\"},\"datePublished\":\"2023-02-17T16:23:57+00:00\",\"dateModified\":\"2023-02-17T19:29:07+00:00\",\"breadcrumb\":{\"@id\":\"https:\/\/nicolasmanotas.com\/?page_id=615#breadcrumb\"},\"inLanguage\":\"es\",\"potentialAction\":[{\"@type\":\"ReadAction\",\"target\":[\"https:\/\/nicolasmanotas.com\/?page_id=615\"]}]},{\"@type\":\"BreadcrumbList\",\"@id\":\"https:\/\/nicolasmanotas.com\/?page_id=615#breadcrumb\",\"itemListElement\":[{\"@type\":\"ListItem\",\"position\":1,\"name\":\"Testimonios \/ Testimonials\",\"item\":\"https:\/\/nicolasmanotas.com\/?page_id=527\"},{\"@type\":\"ListItem\",\"position\":2,\"name\":\"Marisol G\u00f3mez\"}]},{\"@type\":\"WebSite\",\"@id\":\"https:\/\/nicolasmanotas.com\/#website\",\"url\":\"https:\/\/nicolasmanotas.com\/\",\"name\":\"Nicol\u00e1s Manotas\",\"description\":\"\",\"potentialAction\":[{\"@type\":\"SearchAction\",\"target\":{\"@type\":\"EntryPoint\",\"urlTemplate\":\"https:\/\/nicolasmanotas.com\/?s={search_term_string}\"},\"query-input\":\"required name=search_term_string\"}],\"inLanguage\":\"es\"}]}<\/script>\n<!-- \/ Yoast SEO plugin. -->","yoast_head_json":{"title":"Marisol G\u00f3mez - Nicol\u00e1s Manotas","robots":{"index":"index","follow":"follow","max-snippet":"max-snippet:-1","max-image-preview":"max-image-preview:large","max-video-preview":"max-video-preview:-1"},"canonical":"https:\/\/nicolasmanotas.com\/?page_id=615","og_locale":"es_ES","og_type":"article","og_title":"Marisol G\u00f3mez - Nicol\u00e1s Manotas","og_description":"Nicol\u00e1s realmente sabe escuchar y hace las preguntas precisas que me guiaron a tomar decisiones claras para mi vida. Me ayud\u00f3 a descubrir lo que es realmente es importante para m\u00ed y lo que me hace feliz y esto me facilit\u00f3 para darle un norte m\u00e1s claro a mi camino. Nicol\u00e1s es una persona paciente [&hellip;]","og_url":"https:\/\/nicolasmanotas.com\/?page_id=615","og_site_name":"Nicol\u00e1s Manotas","article_modified_time":"2023-02-17T19:29:07+00:00","og_image":[{"width":120,"height":120,"url":"https:\/\/nicolasmanotas.com\/wp-content\/uploads\/2023\/02\/marisol-120x120-1.jpeg","type":"image\/jpeg"}],"twitter_card":"summary_large_image","twitter_misc":{"Tiempo de lectura":"2 minutos"},"schema":{"@context":"https:\/\/schema.org","@graph":[{"@type":"WebPage","@id":"https:\/\/nicolasmanotas.com\/?page_id=615","url":"https:\/\/nicolasmanotas.com\/?page_id=615","name":"Marisol G\u00f3mez - Nicol\u00e1s Manotas","isPartOf":{"@id":"https:\/\/nicolasmanotas.com\/#website"},"datePublished":"2023-02-17T16:23:57+00:00","dateModified":"2023-02-17T19:29:07+00:00","breadcrumb":{"@id":"https:\/\/nicolasmanotas.com\/?page_id=615#breadcrumb"},"inLanguage":"es","potentialAction":[{"@type":"ReadAction","target":["https:\/\/nicolasmanotas.com\/?page_id=615"]}]},{"@type":"BreadcrumbList","@id":"https:\/\/nicolasmanotas.com\/?page_id=615#breadcrumb","itemListElement":[{"@type":"ListItem","position":1,"name":"Testimonios \/ Testimonials","item":"https:\/\/nicolasmanotas.com\/?page_id=527"},{"@type":"ListItem","position":2,"name":"Marisol G\u00f3mez"}]},{"@type":"WebSite","@id":"https:\/\/nicolasmanotas.com\/#website","url":"https:\/\/nicolasmanotas.com\/","name":"Nicol\u00e1s Manotas","description":"","potentialAction":[{"@type":"SearchAction","target":{"@type":"EntryPoint","urlTemplate":"https:\/\/nicolasmanotas.com\/?s={search_term_string}"},"query-input":"required name=search_term_string"}],"inLanguage":"es"}]}},"_links":{"self":[{"href":"https:\/\/nicolasmanotas.com\/index.php?rest_route=\/wp\/v2\/pages\/615","targetHints":{"allow":["GET"]}}],"collection":[{"href":"https:\/\/nicolasmanotas.com\/index.php?rest_route=\/wp\/v2\/pages"}],"about":[{"href":"https:\/\/nicolasmanotas.com\/index.php?rest_route=\/wp\/v2\/types\/page"}],"author":[{"embeddable":true,"href":"https:\/\/nicolasmanotas.com\/index.php?rest_route=\/wp\/v2\/users\/1"}],"replies":[{"embeddable":true,"href":"https:\/\/nicolasmanotas.com\/index.php?rest_route=%2Fwp%2Fv2%2Fcomments&post=615"}],"version-history":[{"count":2,"href":"https:\/\/nicolasmanotas.com\/index.php?rest_route=\/wp\/v2\/pages\/615\/revisions"}],"predecessor-version":[{"id":618,"href":"https:\/\/nicolasmanotas.com\/index.php?rest_route=\/wp\/v2\/pages\/615\/revisions\/618"}],"up":[{"embeddable":true,"href":"https:\/\/nicolasmanotas.com\/index.php?rest_route=\/wp\/v2\/pages\/527"}],"wp:featuredmedia":[{"embeddable":true,"href":"https:\/\/nicolasmanotas.com\/index.php?rest_route=\/wp\/v2\/media\/617"}],"wp:attachment":[{"href":"https:\/\/nicolasmanotas.com\/index.php?rest_route=%2Fwp%2Fv2%2Fmedia&parent=615"}],"curies":[{"name":"wp","href":"https:\/\/api.w.org\/{rel}","templated":true}]}}