{"id":619,"date":"2023-02-17T16:25:51","date_gmt":"2023-02-17T16:25:51","guid":{"rendered":"https:\/\/sauces.digisap.com\/?page_id=619"},"modified":"2023-02-17T19:20:49","modified_gmt":"2023-02-17T19:20:49","slug":"andres-puentes","status":"publish","type":"page","link":"https:\/\/nicolasmanotas.com\/?page_id=619","title":{"rendered":"Andr\u00e9s Puentes"},"content":{"rendered":"<div class=\"wp-block-image is-style-rounded\">\n<figure class=\"alignleft size-full\"><img loading=\"lazy\" decoding=\"async\" width=\"120\" height=\"120\" src=\"https:\/\/sauces.digisap.com\/wp-content\/uploads\/2023\/02\/andres-puentes-120x120-1.jpeg\" alt=\"\" class=\"wp-image-621\"\/><\/figure>\n<\/div>\n\n\n<p>Antes de iniciar mi proceso de coaching cre\u00ed tenerlo todo claro y solucionado y me di cuenta cuan equivocado estaban. Me encontraba en un momento de mi vida donde me encontraba estresado, consumido por el trabajo y dejando a mi familia a un lado.<\/p>\n\n\n\n<p>Trabajar con Nicol\u00e1s me permiti\u00f3 reorganizar mi vida. El me abri\u00f3 una puerta oculta que yo desconoc\u00eda la cual me permiti\u00f3 volver a mi esencia y comprender que necesitaba enfrentar lo que estaba sintiendo y superar mis miedos.<\/p>\n\n\n\n<p>Trabajar con Nicol\u00e1s ha sido una experiencia de cambio y concientizaci\u00f3n de mi vida.<br><\/p>\n\n\n\n<hr class=\"wp-block-separator has-alpha-channel-opacity\"\/>\n\n\n\n<p><br>Before starting with the sessions, I believed I had everything clear, but I was wrong. I was stressed, consumed by work and left my family aside.<\/p>\n\n\n\n<p>When I met Nicolas, he helped reorganize my life. He opened an inside door that helped go back to my basics and understand that I need to overcome my fears.<\/p>\n\n\n\n<p>Working with Nicolas has been a life changing experience.<\/p>\n","protected":false},"excerpt":{"rendered":"<p>Antes de iniciar mi proceso de coaching cre\u00ed tenerlo todo claro y solucionado y me di cuenta cuan equivocado estaban. Me encontraba en un momento de mi vida donde me encontraba estresado, consumido por el trabajo y dejando a mi familia a un lado. Trabajar con Nicol\u00e1s me permiti\u00f3 reorganizar mi vida. El me abri\u00f3 [&hellip;]<\/p>\n","protected":false},"author":1,"featured_media":621,"parent":527,"menu_order":0,"comment_status":"closed","ping_status":"closed","template":"","meta":{"footnotes":""},"class_list":["post-619","page","type-page","status-publish","has-post-thumbnail","hentry"],"yoast_head":"<!-- This site is optimized with the Yoast SEO plugin v20.1 - https:\/\/yoast.com\/wordpress\/plugins\/seo\/ -->\n<title>Andr\u00e9s Puentes - Nicol\u00e1s Manotas<\/title>\n<meta name=\"robots\" content=\"index, follow, max-snippet:-1, max-image-preview:large, max-video-preview:-1\" \/>\n<link rel=\"canonical\" href=\"https:\/\/nicolasmanotas.com\/?page_id=619\" \/>\n<meta property=\"og:locale\" content=\"es_ES\" \/>\n<meta property=\"og:type\" content=\"article\" \/>\n<meta property=\"og:title\" content=\"Andr\u00e9s Puentes - Nicol\u00e1s Manotas\" \/>\n<meta property=\"og:description\" content=\"Antes de iniciar mi proceso de coaching cre\u00ed tenerlo todo claro y solucionado y me di cuenta cuan equivocado estaban. Me encontraba en un momento de mi vida donde me encontraba estresado, consumido por el trabajo y dejando a mi familia a un lado. Trabajar con Nicol\u00e1s me permiti\u00f3 reorganizar mi vida. El me abri\u00f3 [&hellip;]\" \/>\n<meta property=\"og:url\" content=\"https:\/\/nicolasmanotas.com\/?page_id=619\" \/>\n<meta property=\"og:site_name\" content=\"Nicol\u00e1s Manotas\" \/>\n<meta property=\"article:modified_time\" content=\"2023-02-17T19:20:49+00:00\" \/>\n<meta property=\"og:image\" content=\"https:\/\/nicolasmanotas.com\/wp-content\/uploads\/2023\/02\/andres-puentes-120x120-1.jpeg\" \/>\n\t<meta property=\"og:image:width\" content=\"120\" \/>\n\t<meta property=\"og:image:height\" content=\"120\" \/>\n\t<meta property=\"og:image:type\" content=\"image\/jpeg\" \/>\n<meta name=\"twitter:card\" content=\"summary_large_image\" \/>\n<meta name=\"twitter:label1\" content=\"Tiempo de lectura\" \/>\n\t<meta name=\"twitter:data1\" content=\"1 minuto\" \/>\n<script type=\"application\/ld+json\" class=\"yoast-schema-graph\">{\"@context\":\"https:\/\/schema.org\",\"@graph\":[{\"@type\":\"WebPage\",\"@id\":\"https:\/\/nicolasmanotas.com\/?page_id=619\",\"url\":\"https:\/\/nicolasmanotas.com\/?page_id=619\",\"name\":\"Andr\u00e9s Puentes - Nicol\u00e1s Manotas\",\"isPartOf\":{\"@id\":\"https:\/\/nicolasmanotas.com\/#website\"},\"datePublished\":\"2023-02-17T16:25:51+00:00\",\"dateModified\":\"2023-02-17T19:20:49+00:00\",\"breadcrumb\":{\"@id\":\"https:\/\/nicolasmanotas.com\/?page_id=619#breadcrumb\"},\"inLanguage\":\"es\",\"potentialAction\":[{\"@type\":\"ReadAction\",\"target\":[\"https:\/\/nicolasmanotas.com\/?page_id=619\"]}]},{\"@type\":\"BreadcrumbList\",\"@id\":\"https:\/\/nicolasmanotas.com\/?page_id=619#breadcrumb\",\"itemListElement\":[{\"@type\":\"ListItem\",\"position\":1,\"name\":\"Testimonios \/ Testimonials\",\"item\":\"https:\/\/nicolasmanotas.com\/?page_id=527\"},{\"@type\":\"ListItem\",\"position\":2,\"name\":\"Andr\u00e9s Puentes\"}]},{\"@type\":\"WebSite\",\"@id\":\"https:\/\/nicolasmanotas.com\/#website\",\"url\":\"https:\/\/nicolasmanotas.com\/\",\"name\":\"Nicol\u00e1s Manotas\",\"description\":\"\",\"potentialAction\":[{\"@type\":\"SearchAction\",\"target\":{\"@type\":\"EntryPoint\",\"urlTemplate\":\"https:\/\/nicolasmanotas.com\/?s={search_term_string}\"},\"query-input\":\"required name=search_term_string\"}],\"inLanguage\":\"es\"}]}<\/script>\n<!-- \/ Yoast SEO plugin. -->","yoast_head_json":{"title":"Andr\u00e9s Puentes - Nicol\u00e1s Manotas","robots":{"index":"index","follow":"follow","max-snippet":"max-snippet:-1","max-image-preview":"max-image-preview:large","max-video-preview":"max-video-preview:-1"},"canonical":"https:\/\/nicolasmanotas.com\/?page_id=619","og_locale":"es_ES","og_type":"article","og_title":"Andr\u00e9s Puentes - Nicol\u00e1s Manotas","og_description":"Antes de iniciar mi proceso de coaching cre\u00ed tenerlo todo claro y solucionado y me di cuenta cuan equivocado estaban. Me encontraba en un momento de mi vida donde me encontraba estresado, consumido por el trabajo y dejando a mi familia a un lado. Trabajar con Nicol\u00e1s me permiti\u00f3 reorganizar mi vida. El me abri\u00f3 [&hellip;]","og_url":"https:\/\/nicolasmanotas.com\/?page_id=619","og_site_name":"Nicol\u00e1s Manotas","article_modified_time":"2023-02-17T19:20:49+00:00","og_image":[{"width":120,"height":120,"url":"https:\/\/nicolasmanotas.com\/wp-content\/uploads\/2023\/02\/andres-puentes-120x120-1.jpeg","type":"image\/jpeg"}],"twitter_card":"summary_large_image","twitter_misc":{"Tiempo de lectura":"1 minuto"},"schema":{"@context":"https:\/\/schema.org","@graph":[{"@type":"WebPage","@id":"https:\/\/nicolasmanotas.com\/?page_id=619","url":"https:\/\/nicolasmanotas.com\/?page_id=619","name":"Andr\u00e9s Puentes - Nicol\u00e1s Manotas","isPartOf":{"@id":"https:\/\/nicolasmanotas.com\/#website"},"datePublished":"2023-02-17T16:25:51+00:00","dateModified":"2023-02-17T19:20:49+00:00","breadcrumb":{"@id":"https:\/\/nicolasmanotas.com\/?page_id=619#breadcrumb"},"inLanguage":"es","potentialAction":[{"@type":"ReadAction","target":["https:\/\/nicolasmanotas.com\/?page_id=619"]}]},{"@type":"BreadcrumbList","@id":"https:\/\/nicolasmanotas.com\/?page_id=619#breadcrumb","itemListElement":[{"@type":"ListItem","position":1,"name":"Testimonios \/ Testimonials","item":"https:\/\/nicolasmanotas.com\/?page_id=527"},{"@type":"ListItem","position":2,"name":"Andr\u00e9s Puentes"}]},{"@type":"WebSite","@id":"https:\/\/nicolasmanotas.com\/#website","url":"https:\/\/nicolasmanotas.com\/","name":"Nicol\u00e1s Manotas","description":"","potentialAction":[{"@type":"SearchAction","target":{"@type":"EntryPoint","urlTemplate":"https:\/\/nicolasmanotas.com\/?s={search_term_string}"},"query-input":"required name=search_term_string"}],"inLanguage":"es"}]}},"_links":{"self":[{"href":"https:\/\/nicolasmanotas.com\/index.php?rest_route=\/wp\/v2\/pages\/619","targetHints":{"allow":["GET"]}}],"collection":[{"href":"https:\/\/nicolasmanotas.com\/index.php?rest_route=\/wp\/v2\/pages"}],"about":[{"href":"https:\/\/nicolasmanotas.com\/index.php?rest_route=\/wp\/v2\/types\/page"}],"author":[{"embeddable":true,"href":"https:\/\/nicolasmanotas.com\/index.php?rest_route=\/wp\/v2\/users\/1"}],"replies":[{"embeddable":true,"href":"https:\/\/nicolasmanotas.com\/index.php?rest_route=%2Fwp%2Fv2%2Fcomments&post=619"}],"version-history":[{"count":2,"href":"https:\/\/nicolasmanotas.com\/index.php?rest_route=\/wp\/v2\/pages\/619\/revisions"}],"predecessor-version":[{"id":622,"href":"https:\/\/nicolasmanotas.com\/index.php?rest_route=\/wp\/v2\/pages\/619\/revisions\/622"}],"up":[{"embeddable":true,"href":"https:\/\/nicolasmanotas.com\/index.php?rest_route=\/wp\/v2\/pages\/527"}],"wp:featuredmedia":[{"embeddable":true,"href":"https:\/\/nicolasmanotas.com\/index.php?rest_route=\/wp\/v2\/media\/621"}],"wp:attachment":[{"href":"https:\/\/nicolasmanotas.com\/index.php?rest_route=%2Fwp%2Fv2%2Fmedia&parent=619"}],"curies":[{"name":"wp","href":"https:\/\/api.w.org\/{rel}","templated":true}]}}