{"id":627,"date":"2023-02-17T16:29:34","date_gmt":"2023-02-17T16:29:34","guid":{"rendered":"https:\/\/sauces.digisap.com\/?page_id=627"},"modified":"2023-02-17T19:28:19","modified_gmt":"2023-02-17T19:28:19","slug":"maria-montoya","status":"publish","type":"page","link":"https:\/\/nicolasmanotas.com\/?page_id=627","title":{"rendered":"Mar\u00eda Fernanda Montoya"},"content":{"rendered":"<div class=\"wp-block-image is-style-rounded\">\n<figure class=\"alignleft size-full\"><img loading=\"lazy\" decoding=\"async\" width=\"120\" height=\"120\" src=\"https:\/\/sauces.digisap.com\/wp-content\/uploads\/2023\/02\/mafe-montoya-1-120x120-1.jpeg\" alt=\"\" class=\"wp-image-629\"\/><\/figure>\n<\/div>\n\n\n<p><em>Nicol\u00e1s es un excelente Coach. Mi experiencia con el fue satisfactoria y gratificante. Me ayud\u00f3 mucho y me ense\u00f1o cosas sobre mi misma que nunca me hubiera imaginado.<\/em><br><em>A quien est\u00e9 interesado, recomiendo a Nicol\u00e1s como coach.<\/em><br><\/p>\n\n\n\n<hr class=\"wp-block-separator has-alpha-channel-opacity\"\/>\n\n\n\n<p><br>Nicolas is an amazing coach. My experience with him was gratifying and satisfactory, he helped so much and taught me things I never imagine before of my life.<\/p>\n\n\n\n<p>I recommend him as your coach!!<\/p>\n","protected":false},"excerpt":{"rendered":"<p>Nicol\u00e1s es un excelente Coach. Mi experiencia con el fue satisfactoria y gratificante. Me ayud\u00f3 mucho y me ense\u00f1o cosas sobre mi misma que nunca me hubiera imaginado.A quien est\u00e9 interesado, recomiendo a Nicol\u00e1s como coach. Nicolas is an amazing coach. My experience with him was gratifying and satisfactory, he helped so much and taught [&hellip;]<\/p>\n","protected":false},"author":1,"featured_media":629,"parent":527,"menu_order":0,"comment_status":"closed","ping_status":"closed","template":"","meta":{"footnotes":""},"class_list":["post-627","page","type-page","status-publish","has-post-thumbnail","hentry"],"yoast_head":"<!-- This site is optimized with the Yoast SEO plugin v20.1 - https:\/\/yoast.com\/wordpress\/plugins\/seo\/ -->\n<title>Mar\u00eda Fernanda Montoya - Nicol\u00e1s Manotas<\/title>\n<meta name=\"robots\" content=\"index, follow, max-snippet:-1, max-image-preview:large, max-video-preview:-1\" \/>\n<link rel=\"canonical\" href=\"https:\/\/nicolasmanotas.com\/?page_id=627\" \/>\n<meta property=\"og:locale\" content=\"es_ES\" \/>\n<meta property=\"og:type\" content=\"article\" \/>\n<meta property=\"og:title\" content=\"Mar\u00eda Fernanda Montoya - Nicol\u00e1s Manotas\" \/>\n<meta property=\"og:description\" content=\"Nicol\u00e1s es un excelente Coach. Mi experiencia con el fue satisfactoria y gratificante. Me ayud\u00f3 mucho y me ense\u00f1o cosas sobre mi misma que nunca me hubiera imaginado.A quien est\u00e9 interesado, recomiendo a Nicol\u00e1s como coach. Nicolas is an amazing coach. My experience with him was gratifying and satisfactory, he helped so much and taught [&hellip;]\" \/>\n<meta property=\"og:url\" content=\"https:\/\/nicolasmanotas.com\/?page_id=627\" \/>\n<meta property=\"og:site_name\" content=\"Nicol\u00e1s Manotas\" \/>\n<meta property=\"article:modified_time\" content=\"2023-02-17T19:28:19+00:00\" \/>\n<meta property=\"og:image\" content=\"https:\/\/nicolasmanotas.com\/wp-content\/uploads\/2023\/02\/mafe-montoya-1-120x120-1.jpeg\" \/>\n\t<meta property=\"og:image:width\" content=\"120\" \/>\n\t<meta property=\"og:image:height\" content=\"120\" \/>\n\t<meta property=\"og:image:type\" content=\"image\/jpeg\" \/>\n<meta name=\"twitter:card\" content=\"summary_large_image\" \/>\n<meta name=\"twitter:label1\" content=\"Tiempo de lectura\" \/>\n\t<meta name=\"twitter:data1\" content=\"1 minuto\" \/>\n<script type=\"application\/ld+json\" class=\"yoast-schema-graph\">{\"@context\":\"https:\/\/schema.org\",\"@graph\":[{\"@type\":\"WebPage\",\"@id\":\"https:\/\/nicolasmanotas.com\/?page_id=627\",\"url\":\"https:\/\/nicolasmanotas.com\/?page_id=627\",\"name\":\"Mar\u00eda Fernanda Montoya - Nicol\u00e1s Manotas\",\"isPartOf\":{\"@id\":\"https:\/\/nicolasmanotas.com\/#website\"},\"datePublished\":\"2023-02-17T16:29:34+00:00\",\"dateModified\":\"2023-02-17T19:28:19+00:00\",\"breadcrumb\":{\"@id\":\"https:\/\/nicolasmanotas.com\/?page_id=627#breadcrumb\"},\"inLanguage\":\"es\",\"potentialAction\":[{\"@type\":\"ReadAction\",\"target\":[\"https:\/\/nicolasmanotas.com\/?page_id=627\"]}]},{\"@type\":\"BreadcrumbList\",\"@id\":\"https:\/\/nicolasmanotas.com\/?page_id=627#breadcrumb\",\"itemListElement\":[{\"@type\":\"ListItem\",\"position\":1,\"name\":\"Testimonios \/ Testimonials\",\"item\":\"https:\/\/nicolasmanotas.com\/?page_id=527\"},{\"@type\":\"ListItem\",\"position\":2,\"name\":\"Mar\u00eda Fernanda Montoya\"}]},{\"@type\":\"WebSite\",\"@id\":\"https:\/\/nicolasmanotas.com\/#website\",\"url\":\"https:\/\/nicolasmanotas.com\/\",\"name\":\"Nicol\u00e1s Manotas\",\"description\":\"\",\"potentialAction\":[{\"@type\":\"SearchAction\",\"target\":{\"@type\":\"EntryPoint\",\"urlTemplate\":\"https:\/\/nicolasmanotas.com\/?s={search_term_string}\"},\"query-input\":\"required name=search_term_string\"}],\"inLanguage\":\"es\"}]}<\/script>\n<!-- \/ Yoast SEO plugin. -->","yoast_head_json":{"title":"Mar\u00eda Fernanda Montoya - Nicol\u00e1s Manotas","robots":{"index":"index","follow":"follow","max-snippet":"max-snippet:-1","max-image-preview":"max-image-preview:large","max-video-preview":"max-video-preview:-1"},"canonical":"https:\/\/nicolasmanotas.com\/?page_id=627","og_locale":"es_ES","og_type":"article","og_title":"Mar\u00eda Fernanda Montoya - Nicol\u00e1s Manotas","og_description":"Nicol\u00e1s es un excelente Coach. Mi experiencia con el fue satisfactoria y gratificante. Me ayud\u00f3 mucho y me ense\u00f1o cosas sobre mi misma que nunca me hubiera imaginado.A quien est\u00e9 interesado, recomiendo a Nicol\u00e1s como coach. Nicolas is an amazing coach. My experience with him was gratifying and satisfactory, he helped so much and taught [&hellip;]","og_url":"https:\/\/nicolasmanotas.com\/?page_id=627","og_site_name":"Nicol\u00e1s Manotas","article_modified_time":"2023-02-17T19:28:19+00:00","og_image":[{"width":120,"height":120,"url":"https:\/\/nicolasmanotas.com\/wp-content\/uploads\/2023\/02\/mafe-montoya-1-120x120-1.jpeg","type":"image\/jpeg"}],"twitter_card":"summary_large_image","twitter_misc":{"Tiempo de lectura":"1 minuto"},"schema":{"@context":"https:\/\/schema.org","@graph":[{"@type":"WebPage","@id":"https:\/\/nicolasmanotas.com\/?page_id=627","url":"https:\/\/nicolasmanotas.com\/?page_id=627","name":"Mar\u00eda Fernanda Montoya - Nicol\u00e1s Manotas","isPartOf":{"@id":"https:\/\/nicolasmanotas.com\/#website"},"datePublished":"2023-02-17T16:29:34+00:00","dateModified":"2023-02-17T19:28:19+00:00","breadcrumb":{"@id":"https:\/\/nicolasmanotas.com\/?page_id=627#breadcrumb"},"inLanguage":"es","potentialAction":[{"@type":"ReadAction","target":["https:\/\/nicolasmanotas.com\/?page_id=627"]}]},{"@type":"BreadcrumbList","@id":"https:\/\/nicolasmanotas.com\/?page_id=627#breadcrumb","itemListElement":[{"@type":"ListItem","position":1,"name":"Testimonios \/ Testimonials","item":"https:\/\/nicolasmanotas.com\/?page_id=527"},{"@type":"ListItem","position":2,"name":"Mar\u00eda Fernanda Montoya"}]},{"@type":"WebSite","@id":"https:\/\/nicolasmanotas.com\/#website","url":"https:\/\/nicolasmanotas.com\/","name":"Nicol\u00e1s Manotas","description":"","potentialAction":[{"@type":"SearchAction","target":{"@type":"EntryPoint","urlTemplate":"https:\/\/nicolasmanotas.com\/?s={search_term_string}"},"query-input":"required name=search_term_string"}],"inLanguage":"es"}]}},"_links":{"self":[{"href":"https:\/\/nicolasmanotas.com\/index.php?rest_route=\/wp\/v2\/pages\/627","targetHints":{"allow":["GET"]}}],"collection":[{"href":"https:\/\/nicolasmanotas.com\/index.php?rest_route=\/wp\/v2\/pages"}],"about":[{"href":"https:\/\/nicolasmanotas.com\/index.php?rest_route=\/wp\/v2\/types\/page"}],"author":[{"embeddable":true,"href":"https:\/\/nicolasmanotas.com\/index.php?rest_route=\/wp\/v2\/users\/1"}],"replies":[{"embeddable":true,"href":"https:\/\/nicolasmanotas.com\/index.php?rest_route=%2Fwp%2Fv2%2Fcomments&post=627"}],"version-history":[{"count":2,"href":"https:\/\/nicolasmanotas.com\/index.php?rest_route=\/wp\/v2\/pages\/627\/revisions"}],"predecessor-version":[{"id":630,"href":"https:\/\/nicolasmanotas.com\/index.php?rest_route=\/wp\/v2\/pages\/627\/revisions\/630"}],"up":[{"embeddable":true,"href":"https:\/\/nicolasmanotas.com\/index.php?rest_route=\/wp\/v2\/pages\/527"}],"wp:featuredmedia":[{"embeddable":true,"href":"https:\/\/nicolasmanotas.com\/index.php?rest_route=\/wp\/v2\/media\/629"}],"wp:attachment":[{"href":"https:\/\/nicolasmanotas.com\/index.php?rest_route=%2Fwp%2Fv2%2Fmedia&parent=627"}],"curies":[{"name":"wp","href":"https:\/\/api.w.org\/{rel}","templated":true}]}}