{"id":635,"date":"2023-02-17T16:34:14","date_gmt":"2023-02-17T16:34:14","guid":{"rendered":"https:\/\/sauces.digisap.com\/?page_id=635"},"modified":"2023-02-17T19:27:35","modified_gmt":"2023-02-17T19:27:35","slug":"lorena-alfonso","status":"publish","type":"page","link":"https:\/\/nicolasmanotas.com\/?page_id=635","title":{"rendered":"Lorena Alfonso"},"content":{"rendered":"<div class=\"wp-block-image is-style-rounded\">\n<figure class=\"alignleft size-full\"><img loading=\"lazy\" decoding=\"async\" width=\"120\" height=\"120\" src=\"https:\/\/sauces.digisap.com\/wp-content\/uploads\/2023\/02\/11232220_10152874611151300_2086974574484565619_n-120x120-1.jpeg\" alt=\"\" class=\"wp-image-637\"\/><\/figure>\n<\/div>\n\n\n<p>Gracias Nico por haberme permitido conocerme, ir al fondo de mis creencias y descubrir la ra\u00edz de los juicios que me hac\u00edan da\u00f1o, juicios que ven\u00edan desde el vientre de mi madre y que no necesariamente tienen que seguir siendo mi realidad.<\/p>\n\n\n\n<p>Gracias por permitirme ser vulnerable en cada sesi\u00f3n y darme el permiso de perdonarme, darme gracias por seguir la voz de mi coraz\u00f3n y entender que si la vida cambia, yo tambi\u00e9n cambio; que el cambio y la pausa son parte del camino y que la b\u00fasqueda de la perfecci\u00f3n no me dejar\u00eda sino insatisfacciones.<\/p>\n\n\n\n<p>Gracias por abrirme el camino a amarme, a creer en m\u00ed, a reconciliarme con mi SER artista como bailarina y a celebrar mi d\u00eda a d\u00eda con amor propio y coherencia.<br><\/p>\n\n\n\n<hr class=\"wp-block-separator has-alpha-channel-opacity\"\/>\n\n\n\n<p><br>Thank you Nico for allowing me to know myself, to go to the depths of my believes and discover the root of the judgments that hurt me, judgments that came from the wound of my mother and that not necessarily have to continue to be my reality.<\/p>\n\n\n\n<p>Thank you for helping me to allow myself to be vulnerable in each session and allowing me to forgive myself, to thank myself for following the voice of my heart and understanding that if life changes, y also change; that change and pause are part of the ride and that the search for perfection would only leave me with dissatisfaction.<\/p>\n\n\n\n<p>Thanks for opening the path to loving myself, believing in myself, reconciling with my artistic Self as ballerina and to celebrate my daily life with love for myself and coherence.<\/p>\n","protected":false},"excerpt":{"rendered":"<p>Gracias Nico por haberme permitido conocerme, ir al fondo de mis creencias y descubrir la ra\u00edz de los juicios que me hac\u00edan da\u00f1o, juicios que ven\u00edan desde el vientre de mi madre y que no necesariamente tienen que seguir siendo mi realidad. Gracias por permitirme ser vulnerable en cada sesi\u00f3n y darme el permiso de [&hellip;]<\/p>\n","protected":false},"author":1,"featured_media":637,"parent":527,"menu_order":0,"comment_status":"closed","ping_status":"closed","template":"","meta":{"footnotes":""},"class_list":["post-635","page","type-page","status-publish","has-post-thumbnail","hentry"],"yoast_head":"<!-- This site is optimized with the Yoast SEO plugin v20.1 - https:\/\/yoast.com\/wordpress\/plugins\/seo\/ -->\n<title>Lorena Alfonso - Nicol\u00e1s Manotas<\/title>\n<meta name=\"robots\" content=\"index, follow, max-snippet:-1, max-image-preview:large, max-video-preview:-1\" \/>\n<link rel=\"canonical\" href=\"https:\/\/nicolasmanotas.com\/?page_id=635\" \/>\n<meta property=\"og:locale\" content=\"es_ES\" \/>\n<meta property=\"og:type\" content=\"article\" \/>\n<meta property=\"og:title\" content=\"Lorena Alfonso - Nicol\u00e1s Manotas\" \/>\n<meta property=\"og:description\" content=\"Gracias Nico por haberme permitido conocerme, ir al fondo de mis creencias y descubrir la ra\u00edz de los juicios que me hac\u00edan da\u00f1o, juicios que ven\u00edan desde el vientre de mi madre y que no necesariamente tienen que seguir siendo mi realidad. Gracias por permitirme ser vulnerable en cada sesi\u00f3n y darme el permiso de [&hellip;]\" \/>\n<meta property=\"og:url\" content=\"https:\/\/nicolasmanotas.com\/?page_id=635\" \/>\n<meta property=\"og:site_name\" content=\"Nicol\u00e1s Manotas\" \/>\n<meta property=\"article:modified_time\" content=\"2023-02-17T19:27:35+00:00\" \/>\n<meta property=\"og:image\" content=\"https:\/\/nicolasmanotas.com\/wp-content\/uploads\/2023\/02\/11232220_10152874611151300_2086974574484565619_n-120x120-1.jpeg\" \/>\n\t<meta property=\"og:image:width\" content=\"120\" \/>\n\t<meta property=\"og:image:height\" content=\"120\" \/>\n\t<meta property=\"og:image:type\" content=\"image\/jpeg\" \/>\n<meta name=\"twitter:card\" content=\"summary_large_image\" \/>\n<meta name=\"twitter:label1\" content=\"Tiempo de lectura\" \/>\n\t<meta name=\"twitter:data1\" content=\"2 minutos\" \/>\n<script type=\"application\/ld+json\" class=\"yoast-schema-graph\">{\"@context\":\"https:\/\/schema.org\",\"@graph\":[{\"@type\":\"WebPage\",\"@id\":\"https:\/\/nicolasmanotas.com\/?page_id=635\",\"url\":\"https:\/\/nicolasmanotas.com\/?page_id=635\",\"name\":\"Lorena Alfonso - Nicol\u00e1s Manotas\",\"isPartOf\":{\"@id\":\"https:\/\/nicolasmanotas.com\/#website\"},\"datePublished\":\"2023-02-17T16:34:14+00:00\",\"dateModified\":\"2023-02-17T19:27:35+00:00\",\"breadcrumb\":{\"@id\":\"https:\/\/nicolasmanotas.com\/?page_id=635#breadcrumb\"},\"inLanguage\":\"es\",\"potentialAction\":[{\"@type\":\"ReadAction\",\"target\":[\"https:\/\/nicolasmanotas.com\/?page_id=635\"]}]},{\"@type\":\"BreadcrumbList\",\"@id\":\"https:\/\/nicolasmanotas.com\/?page_id=635#breadcrumb\",\"itemListElement\":[{\"@type\":\"ListItem\",\"position\":1,\"name\":\"Testimonios \/ Testimonials\",\"item\":\"https:\/\/nicolasmanotas.com\/?page_id=527\"},{\"@type\":\"ListItem\",\"position\":2,\"name\":\"Lorena Alfonso\"}]},{\"@type\":\"WebSite\",\"@id\":\"https:\/\/nicolasmanotas.com\/#website\",\"url\":\"https:\/\/nicolasmanotas.com\/\",\"name\":\"Nicol\u00e1s Manotas\",\"description\":\"\",\"potentialAction\":[{\"@type\":\"SearchAction\",\"target\":{\"@type\":\"EntryPoint\",\"urlTemplate\":\"https:\/\/nicolasmanotas.com\/?s={search_term_string}\"},\"query-input\":\"required name=search_term_string\"}],\"inLanguage\":\"es\"}]}<\/script>\n<!-- \/ Yoast SEO plugin. -->","yoast_head_json":{"title":"Lorena Alfonso - Nicol\u00e1s Manotas","robots":{"index":"index","follow":"follow","max-snippet":"max-snippet:-1","max-image-preview":"max-image-preview:large","max-video-preview":"max-video-preview:-1"},"canonical":"https:\/\/nicolasmanotas.com\/?page_id=635","og_locale":"es_ES","og_type":"article","og_title":"Lorena Alfonso - Nicol\u00e1s Manotas","og_description":"Gracias Nico por haberme permitido conocerme, ir al fondo de mis creencias y descubrir la ra\u00edz de los juicios que me hac\u00edan da\u00f1o, juicios que ven\u00edan desde el vientre de mi madre y que no necesariamente tienen que seguir siendo mi realidad. Gracias por permitirme ser vulnerable en cada sesi\u00f3n y darme el permiso de [&hellip;]","og_url":"https:\/\/nicolasmanotas.com\/?page_id=635","og_site_name":"Nicol\u00e1s Manotas","article_modified_time":"2023-02-17T19:27:35+00:00","og_image":[{"width":120,"height":120,"url":"https:\/\/nicolasmanotas.com\/wp-content\/uploads\/2023\/02\/11232220_10152874611151300_2086974574484565619_n-120x120-1.jpeg","type":"image\/jpeg"}],"twitter_card":"summary_large_image","twitter_misc":{"Tiempo de lectura":"2 minutos"},"schema":{"@context":"https:\/\/schema.org","@graph":[{"@type":"WebPage","@id":"https:\/\/nicolasmanotas.com\/?page_id=635","url":"https:\/\/nicolasmanotas.com\/?page_id=635","name":"Lorena Alfonso - Nicol\u00e1s Manotas","isPartOf":{"@id":"https:\/\/nicolasmanotas.com\/#website"},"datePublished":"2023-02-17T16:34:14+00:00","dateModified":"2023-02-17T19:27:35+00:00","breadcrumb":{"@id":"https:\/\/nicolasmanotas.com\/?page_id=635#breadcrumb"},"inLanguage":"es","potentialAction":[{"@type":"ReadAction","target":["https:\/\/nicolasmanotas.com\/?page_id=635"]}]},{"@type":"BreadcrumbList","@id":"https:\/\/nicolasmanotas.com\/?page_id=635#breadcrumb","itemListElement":[{"@type":"ListItem","position":1,"name":"Testimonios \/ Testimonials","item":"https:\/\/nicolasmanotas.com\/?page_id=527"},{"@type":"ListItem","position":2,"name":"Lorena Alfonso"}]},{"@type":"WebSite","@id":"https:\/\/nicolasmanotas.com\/#website","url":"https:\/\/nicolasmanotas.com\/","name":"Nicol\u00e1s Manotas","description":"","potentialAction":[{"@type":"SearchAction","target":{"@type":"EntryPoint","urlTemplate":"https:\/\/nicolasmanotas.com\/?s={search_term_string}"},"query-input":"required name=search_term_string"}],"inLanguage":"es"}]}},"_links":{"self":[{"href":"https:\/\/nicolasmanotas.com\/index.php?rest_route=\/wp\/v2\/pages\/635","targetHints":{"allow":["GET"]}}],"collection":[{"href":"https:\/\/nicolasmanotas.com\/index.php?rest_route=\/wp\/v2\/pages"}],"about":[{"href":"https:\/\/nicolasmanotas.com\/index.php?rest_route=\/wp\/v2\/types\/page"}],"author":[{"embeddable":true,"href":"https:\/\/nicolasmanotas.com\/index.php?rest_route=\/wp\/v2\/users\/1"}],"replies":[{"embeddable":true,"href":"https:\/\/nicolasmanotas.com\/index.php?rest_route=%2Fwp%2Fv2%2Fcomments&post=635"}],"version-history":[{"count":2,"href":"https:\/\/nicolasmanotas.com\/index.php?rest_route=\/wp\/v2\/pages\/635\/revisions"}],"predecessor-version":[{"id":638,"href":"https:\/\/nicolasmanotas.com\/index.php?rest_route=\/wp\/v2\/pages\/635\/revisions\/638"}],"up":[{"embeddable":true,"href":"https:\/\/nicolasmanotas.com\/index.php?rest_route=\/wp\/v2\/pages\/527"}],"wp:featuredmedia":[{"embeddable":true,"href":"https:\/\/nicolasmanotas.com\/index.php?rest_route=\/wp\/v2\/media\/637"}],"wp:attachment":[{"href":"https:\/\/nicolasmanotas.com\/index.php?rest_route=%2Fwp%2Fv2%2Fmedia&parent=635"}],"curies":[{"name":"wp","href":"https:\/\/api.w.org\/{rel}","templated":true}]}}