{"id":639,"date":"2023-02-17T16:36:18","date_gmt":"2023-02-17T16:36:18","guid":{"rendered":"https:\/\/sauces.digisap.com\/?page_id=639"},"modified":"2023-02-17T19:23:03","modified_gmt":"2023-02-17T19:23:03","slug":"claudia-gonzalez","status":"publish","type":"page","link":"https:\/\/nicolasmanotas.com\/?page_id=639","title":{"rendered":"Claudia Gonzalez"},"content":{"rendered":"<div class=\"wp-block-image is-style-rounded\">\n<figure class=\"alignleft size-full\"><img loading=\"lazy\" decoding=\"async\" width=\"120\" height=\"120\" src=\"https:\/\/sauces.digisap.com\/wp-content\/uploads\/2023\/02\/1391472_10151969444082173_2063175218_n-120x120-1.jpeg\" alt=\"\" class=\"wp-image-641\"\/><\/figure>\n<\/div>\n\n\n<p>Gracias a las sesiones con Nico he completado ciclos que de una u otra manera no me permit\u00edan fluir y experimentar la felicidad como lo hago ahora! Logr\u00e9 a trav\u00e9s de las conversaciones soltar situaciones dolorosas y sanarlas con amor.<\/p>\n\n\n\n<p>Despu\u00e9s de eso todo fue un momento de un despertar a mi reconocimiento como ser humano y sobre todo como mujer. Sentirme orgullosa de mi misma e iniciar la construcci\u00f3n de mi proyecto de vida postergado por m\u00e1s de 15 a\u00f1os.<\/p>\n\n\n\n<p>Hoy tomo el lugar que me corresponde sin miedo a expresar lo que siento y quiero. Hoy realizo pedidos con claridad, afirmando la vida que quiero para m\u00ed y encontrando un equilibrio disfrutando el momento presente.<\/p>\n\n\n\n<p>Gracias Nico!! si lo lograste conmigo. Cualquier persona a la que le brindes tu valioso apoyo lograr\u00e1 descubrir ese algo que solos no queremos o no podemos ver.<\/p>\n\n\n\n<p>Gracias por tu compa\u00f1\u00eda, comprensi\u00f3n, no juicios, abrazos y retroalimentaci\u00f3n. En fin, por cuidar mi intimidad desde la confidencialidad de nuestras conversaciones y por llevarme de la mano a un nuevo despertar &nbsp;infinitamente en gratitud contigo.<br><\/p>\n\n\n\n<hr class=\"wp-block-separator has-alpha-channel-opacity\"\/>\n\n\n\n<p><br>Thanks to the sessions with Nico y have completed cycles that in one way or another did not allow me to flow and experience happiness as I do now! I was able, through conversations, to let go of painful situations and heal them with love.<\/p>\n\n\n\n<p><strong>&nbsp;<\/strong>After all that all was a moment of awakening to my recognition as a human being and most of all as a woman. Feeling proud of myself and initiating the construction of my life project postponed for more than 15 years.<\/p>\n\n\n\n<p><strong>&nbsp;<\/strong>Today I take the place where I belong without fear of expressing what I feel and want. Today I make requests with clarity, affirming the life that I want for myself and finding a balance enjoying the present moment.<\/p>\n\n\n\n<p>Thank you Nico!! You achieved it with me. Any person to which to provide your valuable support will be able to discover that something that we alone do not or cannot see.<\/p>\n\n\n\n<p>Thank you for your company, understanding, not judging, hugs and feedback. In all, for taking care of my intimacy from the confidentiality of our conversations and for taking me hand in hand to a new awakening, infinitely in gratitude with you.<\/p>\n","protected":false},"excerpt":{"rendered":"<p>Gracias a las sesiones con Nico he completado ciclos que de una u otra manera no me permit\u00edan fluir y experimentar la felicidad como lo hago ahora! Logr\u00e9 a trav\u00e9s de las conversaciones soltar situaciones dolorosas y sanarlas con amor. Despu\u00e9s de eso todo fue un momento de un despertar a mi reconocimiento como ser [&hellip;]<\/p>\n","protected":false},"author":1,"featured_media":641,"parent":527,"menu_order":0,"comment_status":"closed","ping_status":"closed","template":"","meta":{"footnotes":""},"class_list":["post-639","page","type-page","status-publish","has-post-thumbnail","hentry"],"yoast_head":"<!-- This site is optimized with the Yoast SEO plugin v20.1 - https:\/\/yoast.com\/wordpress\/plugins\/seo\/ -->\n<title>Claudia Gonzalez - Nicol\u00e1s Manotas<\/title>\n<meta name=\"robots\" content=\"index, follow, max-snippet:-1, max-image-preview:large, max-video-preview:-1\" \/>\n<link rel=\"canonical\" href=\"https:\/\/nicolasmanotas.com\/?page_id=639\" \/>\n<meta property=\"og:locale\" content=\"es_ES\" \/>\n<meta property=\"og:type\" content=\"article\" \/>\n<meta property=\"og:title\" content=\"Claudia Gonzalez - Nicol\u00e1s Manotas\" \/>\n<meta property=\"og:description\" content=\"Gracias a las sesiones con Nico he completado ciclos que de una u otra manera no me permit\u00edan fluir y experimentar la felicidad como lo hago ahora! Logr\u00e9 a trav\u00e9s de las conversaciones soltar situaciones dolorosas y sanarlas con amor. Despu\u00e9s de eso todo fue un momento de un despertar a mi reconocimiento como ser [&hellip;]\" \/>\n<meta property=\"og:url\" content=\"https:\/\/nicolasmanotas.com\/?page_id=639\" \/>\n<meta property=\"og:site_name\" content=\"Nicol\u00e1s Manotas\" \/>\n<meta property=\"article:modified_time\" content=\"2023-02-17T19:23:03+00:00\" \/>\n<meta property=\"og:image\" content=\"https:\/\/nicolasmanotas.com\/wp-content\/uploads\/2023\/02\/1391472_10151969444082173_2063175218_n-120x120-1.jpeg\" \/>\n\t<meta property=\"og:image:width\" content=\"120\" \/>\n\t<meta property=\"og:image:height\" content=\"120\" \/>\n\t<meta property=\"og:image:type\" content=\"image\/jpeg\" \/>\n<meta name=\"twitter:card\" content=\"summary_large_image\" \/>\n<meta name=\"twitter:label1\" content=\"Tiempo de lectura\" \/>\n\t<meta name=\"twitter:data1\" content=\"2 minutos\" \/>\n<script type=\"application\/ld+json\" class=\"yoast-schema-graph\">{\"@context\":\"https:\/\/schema.org\",\"@graph\":[{\"@type\":\"WebPage\",\"@id\":\"https:\/\/nicolasmanotas.com\/?page_id=639\",\"url\":\"https:\/\/nicolasmanotas.com\/?page_id=639\",\"name\":\"Claudia Gonzalez - Nicol\u00e1s Manotas\",\"isPartOf\":{\"@id\":\"https:\/\/nicolasmanotas.com\/#website\"},\"datePublished\":\"2023-02-17T16:36:18+00:00\",\"dateModified\":\"2023-02-17T19:23:03+00:00\",\"breadcrumb\":{\"@id\":\"https:\/\/nicolasmanotas.com\/?page_id=639#breadcrumb\"},\"inLanguage\":\"es\",\"potentialAction\":[{\"@type\":\"ReadAction\",\"target\":[\"https:\/\/nicolasmanotas.com\/?page_id=639\"]}]},{\"@type\":\"BreadcrumbList\",\"@id\":\"https:\/\/nicolasmanotas.com\/?page_id=639#breadcrumb\",\"itemListElement\":[{\"@type\":\"ListItem\",\"position\":1,\"name\":\"Testimonios \/ Testimonials\",\"item\":\"https:\/\/nicolasmanotas.com\/?page_id=527\"},{\"@type\":\"ListItem\",\"position\":2,\"name\":\"Claudia Gonzalez\"}]},{\"@type\":\"WebSite\",\"@id\":\"https:\/\/nicolasmanotas.com\/#website\",\"url\":\"https:\/\/nicolasmanotas.com\/\",\"name\":\"Nicol\u00e1s Manotas\",\"description\":\"\",\"potentialAction\":[{\"@type\":\"SearchAction\",\"target\":{\"@type\":\"EntryPoint\",\"urlTemplate\":\"https:\/\/nicolasmanotas.com\/?s={search_term_string}\"},\"query-input\":\"required name=search_term_string\"}],\"inLanguage\":\"es\"}]}<\/script>\n<!-- \/ Yoast SEO plugin. -->","yoast_head_json":{"title":"Claudia Gonzalez - Nicol\u00e1s Manotas","robots":{"index":"index","follow":"follow","max-snippet":"max-snippet:-1","max-image-preview":"max-image-preview:large","max-video-preview":"max-video-preview:-1"},"canonical":"https:\/\/nicolasmanotas.com\/?page_id=639","og_locale":"es_ES","og_type":"article","og_title":"Claudia Gonzalez - Nicol\u00e1s Manotas","og_description":"Gracias a las sesiones con Nico he completado ciclos que de una u otra manera no me permit\u00edan fluir y experimentar la felicidad como lo hago ahora! Logr\u00e9 a trav\u00e9s de las conversaciones soltar situaciones dolorosas y sanarlas con amor. Despu\u00e9s de eso todo fue un momento de un despertar a mi reconocimiento como ser [&hellip;]","og_url":"https:\/\/nicolasmanotas.com\/?page_id=639","og_site_name":"Nicol\u00e1s Manotas","article_modified_time":"2023-02-17T19:23:03+00:00","og_image":[{"width":120,"height":120,"url":"https:\/\/nicolasmanotas.com\/wp-content\/uploads\/2023\/02\/1391472_10151969444082173_2063175218_n-120x120-1.jpeg","type":"image\/jpeg"}],"twitter_card":"summary_large_image","twitter_misc":{"Tiempo de lectura":"2 minutos"},"schema":{"@context":"https:\/\/schema.org","@graph":[{"@type":"WebPage","@id":"https:\/\/nicolasmanotas.com\/?page_id=639","url":"https:\/\/nicolasmanotas.com\/?page_id=639","name":"Claudia Gonzalez - Nicol\u00e1s Manotas","isPartOf":{"@id":"https:\/\/nicolasmanotas.com\/#website"},"datePublished":"2023-02-17T16:36:18+00:00","dateModified":"2023-02-17T19:23:03+00:00","breadcrumb":{"@id":"https:\/\/nicolasmanotas.com\/?page_id=639#breadcrumb"},"inLanguage":"es","potentialAction":[{"@type":"ReadAction","target":["https:\/\/nicolasmanotas.com\/?page_id=639"]}]},{"@type":"BreadcrumbList","@id":"https:\/\/nicolasmanotas.com\/?page_id=639#breadcrumb","itemListElement":[{"@type":"ListItem","position":1,"name":"Testimonios \/ Testimonials","item":"https:\/\/nicolasmanotas.com\/?page_id=527"},{"@type":"ListItem","position":2,"name":"Claudia Gonzalez"}]},{"@type":"WebSite","@id":"https:\/\/nicolasmanotas.com\/#website","url":"https:\/\/nicolasmanotas.com\/","name":"Nicol\u00e1s Manotas","description":"","potentialAction":[{"@type":"SearchAction","target":{"@type":"EntryPoint","urlTemplate":"https:\/\/nicolasmanotas.com\/?s={search_term_string}"},"query-input":"required name=search_term_string"}],"inLanguage":"es"}]}},"_links":{"self":[{"href":"https:\/\/nicolasmanotas.com\/index.php?rest_route=\/wp\/v2\/pages\/639","targetHints":{"allow":["GET"]}}],"collection":[{"href":"https:\/\/nicolasmanotas.com\/index.php?rest_route=\/wp\/v2\/pages"}],"about":[{"href":"https:\/\/nicolasmanotas.com\/index.php?rest_route=\/wp\/v2\/types\/page"}],"author":[{"embeddable":true,"href":"https:\/\/nicolasmanotas.com\/index.php?rest_route=\/wp\/v2\/users\/1"}],"replies":[{"embeddable":true,"href":"https:\/\/nicolasmanotas.com\/index.php?rest_route=%2Fwp%2Fv2%2Fcomments&post=639"}],"version-history":[{"count":3,"href":"https:\/\/nicolasmanotas.com\/index.php?rest_route=\/wp\/v2\/pages\/639\/revisions"}],"predecessor-version":[{"id":725,"href":"https:\/\/nicolasmanotas.com\/index.php?rest_route=\/wp\/v2\/pages\/639\/revisions\/725"}],"up":[{"embeddable":true,"href":"https:\/\/nicolasmanotas.com\/index.php?rest_route=\/wp\/v2\/pages\/527"}],"wp:featuredmedia":[{"embeddable":true,"href":"https:\/\/nicolasmanotas.com\/index.php?rest_route=\/wp\/v2\/media\/641"}],"wp:attachment":[{"href":"https:\/\/nicolasmanotas.com\/index.php?rest_route=%2Fwp%2Fv2%2Fmedia&parent=639"}],"curies":[{"name":"wp","href":"https:\/\/api.w.org\/{rel}","templated":true}]}}